{"id":91,"date":"2023-01-29T11:47:09","date_gmt":"2023-01-29T11:47:09","guid":{"rendered":"https:\/\/natsunivers.dk\/mytes\/?page_id=91"},"modified":"2023-02-18T11:17:55","modified_gmt":"2023-02-18T11:17:55","slug":"ariadne","status":"publish","type":"page","link":"https:\/\/natsunivers.dk\/mytes\/?page_id=91","title":{"rendered":"Ariadne"},"content":{"rendered":"\n<div class=\"is-layout-flex wp-container-3 wp-block-columns\">\n<div class=\"is-layout-flow wp-block-column\" style=\"flex-basis:66.66%\">\n<p>Ariadne var datter af Kong Minos af Kreta. Da Theseus ankom for at bek\u00e6mpe Minatauros gav Ariadne ham en rulle garn.<br>Efterh\u00e5nden som han kom l\u00e6ngere ind i Labyrinthos rullede han mere og mere af garnet ud og kunne derfor finde vej ud igen efter at have dr\u00e6bt det tyrehovedet monster.<\/p>\n\n\n\n<p><br>Kong Minos var rasende over Ariadne&#8217;s hj\u00e6lp og for at undg\u00e5<br>hans vrede tog Ariadne afsted sammen med Theseus. Hvad Ariadne ikke vidste var at Theseus ville bedrage og efterlade hende p\u00e5 \u00f8en Dia. Efter at have ankommet til \u00f8en havde de begge lagt sig til at sove og netop som Ariadne v\u00e5gnede s\u00e5 hun Theseus sejle v\u00e6k.<\/p>\n\n\n\n<p><br>Ariadne var dog ikke alene l\u00e6nge. Senere ankom Dionysus til \u00f8en og giftede sig med hende. De levede lykkeligt sammen og fik op til flere b\u00f8rn.<\/p>\n<\/div>\n\n\n\n<div class=\"is-layout-flow wp-block-column\" style=\"flex-basis:33.33%\">\n<script async src=\"https:\/\/pagead2.googlesyndication.com\/pagead\/js\/adsbygoogle.js?client=ca-pub-9147999370744615\"\n     crossorigin=\"anonymous\"><\/script>\n<!-- Ny nats -->\n<ins class=\"adsbygoogle\"\n     style=\"display:block\"\n     data-ad-client=\"ca-pub-9147999370744615\"\n     data-ad-slot=\"2957070328\"\n     data-ad-format=\"auto\"\n     data-full-width-responsive=\"true\"><\/ins>\n<script>\n     (adsbygoogle = window.adsbygoogle || []).push({});\n<\/script>\n<\/div>\n<\/div>\n","protected":false},"excerpt":{"rendered":"<p>Ariadne var datter af Kong Minos af Kreta. Da Theseus ankom for at bek\u00e6mpe Minatauros gav Ariadne ham en rulle garn.Efterh\u00e5nden som han kom l\u00e6ngere ind i Labyrinthos rullede han mere og mere af garnet ud og kunne derfor finde vej ud igen efter at have dr\u00e6bt det tyrehovedet monster. Kong Minos var rasende over [&hellip;]<\/p>\n","protected":false},"author":1,"featured_media":0,"parent":0,"menu_order":0,"comment_status":"closed","ping_status":"closed","template":"","meta":[],"_links":{"self":[{"href":"https:\/\/natsunivers.dk\/mytes\/index.php?rest_route=\/wp\/v2\/pages\/91"}],"collection":[{"href":"https:\/\/natsunivers.dk\/mytes\/index.php?rest_route=\/wp\/v2\/pages"}],"about":[{"href":"https:\/\/natsunivers.dk\/mytes\/index.php?rest_route=\/wp\/v2\/types\/page"}],"author":[{"embeddable":true,"href":"https:\/\/natsunivers.dk\/mytes\/index.php?rest_route=\/wp\/v2\/users\/1"}],"replies":[{"embeddable":true,"href":"https:\/\/natsunivers.dk\/mytes\/index.php?rest_route=%2Fwp%2Fv2%2Fcomments&post=91"}],"version-history":[{"count":2,"href":"https:\/\/natsunivers.dk\/mytes\/index.php?rest_route=\/wp\/v2\/pages\/91\/revisions"}],"predecessor-version":[{"id":1022,"href":"https:\/\/natsunivers.dk\/mytes\/index.php?rest_route=\/wp\/v2\/pages\/91\/revisions\/1022"}],"wp:attachment":[{"href":"https:\/\/natsunivers.dk\/mytes\/index.php?rest_route=%2Fwp%2Fv2%2Fmedia&parent=91"}],"curies":[{"name":"wp","href":"https:\/\/api.w.org\/{rel}","templated":true}]}}