{"id":885,"date":"2023-02-11T16:57:04","date_gmt":"2023-02-11T16:57:04","guid":{"rendered":"https:\/\/natsunivers.dk\/mytes\/?page_id=885"},"modified":"2023-02-26T06:57:43","modified_gmt":"2023-02-26T06:57:43","slug":"hestia","status":"publish","type":"page","link":"https:\/\/natsunivers.dk\/mytes\/?page_id=885","title":{"rendered":"Hestia"},"content":{"rendered":"\n<div class=\"is-layout-flex wp-container-3 wp-block-columns\">\n<div class=\"is-layout-flow wp-block-column\" style=\"flex-basis:66.66%\">\n<p>Hestia var en jomfruelig gudinde for ilden s\u00e5vel den i hjemmet som den p\u00e5 statens ildsted. Hun var husets gudinde som vogtede husfreden og s\u00f8rgede for at reglerne om g\u00e6stevenskab blev overholdt.<br>Hun var datter af Titan parret Kronos og Rhea og s\u00f8ster til Demeter, Hades, Poseidon, Zeus og Hera. Dagligt ofrede man en del af sit m\u00e5ltid til hende.<\/p>\n<\/div>\n\n\n\n<div class=\"is-layout-flow wp-block-column\" style=\"flex-basis:33.33%\">\n<script async src=\"https:\/\/pagead2.googlesyndication.com\/pagead\/js\/adsbygoogle.js?client=ca-pub-9147999370744615\"\n     crossorigin=\"anonymous\"><\/script>\n<!-- Ny nats -->\n<ins class=\"adsbygoogle\"\n     style=\"display:block\"\n     data-ad-client=\"ca-pub-9147999370744615\"\n     data-ad-slot=\"2957070328\"\n     data-ad-format=\"auto\"\n     data-full-width-responsive=\"true\"><\/ins>\n<script>\n     (adsbygoogle = window.adsbygoogle || []).push({});\n<\/script>\n<\/div>\n<\/div>\n","protected":false},"excerpt":{"rendered":"<p>Hestia var en jomfruelig gudinde for ilden s\u00e5vel den i hjemmet som den p\u00e5 statens ildsted. Hun var husets gudinde som vogtede husfreden og s\u00f8rgede for at reglerne om g\u00e6stevenskab blev overholdt.Hun var datter af Titan parret Kronos og Rhea og s\u00f8ster til Demeter, Hades, Poseidon, Zeus og Hera. Dagligt ofrede man en del af [&hellip;]<\/p>\n","protected":false},"author":1,"featured_media":0,"parent":0,"menu_order":0,"comment_status":"closed","ping_status":"closed","template":"","meta":[],"_links":{"self":[{"href":"https:\/\/natsunivers.dk\/mytes\/index.php?rest_route=\/wp\/v2\/pages\/885"}],"collection":[{"href":"https:\/\/natsunivers.dk\/mytes\/index.php?rest_route=\/wp\/v2\/pages"}],"about":[{"href":"https:\/\/natsunivers.dk\/mytes\/index.php?rest_route=\/wp\/v2\/types\/page"}],"author":[{"embeddable":true,"href":"https:\/\/natsunivers.dk\/mytes\/index.php?rest_route=\/wp\/v2\/users\/1"}],"replies":[{"embeddable":true,"href":"https:\/\/natsunivers.dk\/mytes\/index.php?rest_route=%2Fwp%2Fv2%2Fcomments&post=885"}],"version-history":[{"count":2,"href":"https:\/\/natsunivers.dk\/mytes\/index.php?rest_route=\/wp\/v2\/pages\/885\/revisions"}],"predecessor-version":[{"id":1177,"href":"https:\/\/natsunivers.dk\/mytes\/index.php?rest_route=\/wp\/v2\/pages\/885\/revisions\/1177"}],"wp:attachment":[{"href":"https:\/\/natsunivers.dk\/mytes\/index.php?rest_route=%2Fwp%2Fv2%2Fmedia&parent=885"}],"curies":[{"name":"wp","href":"https:\/\/api.w.org\/{rel}","templated":true}]}}