{"id":870,"date":"2023-02-11T16:14:17","date_gmt":"2023-02-11T16:14:17","guid":{"rendered":"https:\/\/natsunivers.dk\/mytes\/?page_id=870"},"modified":"2023-02-25T08:24:04","modified_gmt":"2023-02-25T08:24:04","slug":"dirke","status":"publish","type":"page","link":"https:\/\/natsunivers.dk\/mytes\/?page_id=870","title":{"rendered":"Dirke"},"content":{"rendered":"\n<div class=\"is-layout-flex wp-container-3 wp-block-columns\">\n<div class=\"is-layout-flow wp-block-column\" style=\"flex-basis:66.66%\">\n<p>Dette var Lykos&#8217; jaloux hustru. Lykos&#8217; s\u00f8ster Antiope var blevet gravid med Zeus hvorefter hun var flygtet til Sikyon. Lykos fandt hende og valgte at holde hende fanget.<br>Dirke fandt det hele lidt for mist\u00e6nksomt og begyndte at ane mistanke om at hendes mand skulle have et erotisk forhold til hans s\u00f8ster.<br>Antiope l\u00f8b v\u00e6k og f\u00f8rst da hendes tvillinger var blevet voksne fandt Dirke hende. Dirke pr\u00f8vede da at g\u00f8re krav p\u00e5 Antiope ved at sige hun var hendes bortl\u00f8bende slavinde.<br>Dirke&#8217;s identitet blev i midlertidig afsl\u00f8ret og tvillingerne Amfion og Zethos bandt Dirke til hornene p\u00e5 en tyr og lod den sl\u00e6be hende til d\u00f8de.<\/p>\n<\/div>\n\n\n\n<div class=\"is-layout-flow wp-block-column\" style=\"flex-basis:33.33%\">\n<script async src=\"https:\/\/pagead2.googlesyndication.com\/pagead\/js\/adsbygoogle.js?client=ca-pub-9147999370744615\"\n     crossorigin=\"anonymous\"><\/script>\n<!-- Ny nats -->\n<ins class=\"adsbygoogle\"\n     style=\"display:block\"\n     data-ad-client=\"ca-pub-9147999370744615\"\n     data-ad-slot=\"2957070328\"\n     data-ad-format=\"auto\"\n     data-full-width-responsive=\"true\"><\/ins>\n<script>\n     (adsbygoogle = window.adsbygoogle || []).push({});\n<\/script>\n<\/div>\n<\/div>\n","protected":false},"excerpt":{"rendered":"<p>Dette var Lykos&#8217; jaloux hustru. Lykos&#8217; s\u00f8ster Antiope var blevet gravid med Zeus hvorefter hun var flygtet til Sikyon. Lykos fandt hende og valgte at holde hende fanget.Dirke fandt det hele lidt for mist\u00e6nksomt og begyndte at ane mistanke om at hendes mand skulle have et erotisk forhold til hans s\u00f8ster.Antiope l\u00f8b v\u00e6k og f\u00f8rst [&hellip;]<\/p>\n","protected":false},"author":1,"featured_media":0,"parent":0,"menu_order":0,"comment_status":"closed","ping_status":"closed","template":"","meta":[],"_links":{"self":[{"href":"https:\/\/natsunivers.dk\/mytes\/index.php?rest_route=\/wp\/v2\/pages\/870"}],"collection":[{"href":"https:\/\/natsunivers.dk\/mytes\/index.php?rest_route=\/wp\/v2\/pages"}],"about":[{"href":"https:\/\/natsunivers.dk\/mytes\/index.php?rest_route=\/wp\/v2\/types\/page"}],"author":[{"embeddable":true,"href":"https:\/\/natsunivers.dk\/mytes\/index.php?rest_route=\/wp\/v2\/users\/1"}],"replies":[{"embeddable":true,"href":"https:\/\/natsunivers.dk\/mytes\/index.php?rest_route=%2Fwp%2Fv2%2Fcomments&post=870"}],"version-history":[{"count":2,"href":"https:\/\/natsunivers.dk\/mytes\/index.php?rest_route=\/wp\/v2\/pages\/870\/revisions"}],"predecessor-version":[{"id":1075,"href":"https:\/\/natsunivers.dk\/mytes\/index.php?rest_route=\/wp\/v2\/pages\/870\/revisions\/1075"}],"wp:attachment":[{"href":"https:\/\/natsunivers.dk\/mytes\/index.php?rest_route=%2Fwp%2Fv2%2Fmedia&parent=870"}],"curies":[{"name":"wp","href":"https:\/\/api.w.org\/{rel}","templated":true}]}}