{"id":842,"date":"2023-02-05T19:39:19","date_gmt":"2023-02-05T19:39:19","guid":{"rendered":"https:\/\/natsunivers.dk\/mytes\/?page_id=842"},"modified":"2023-02-26T07:35:28","modified_gmt":"2023-02-26T07:35:28","slug":"koronis","status":"publish","type":"page","link":"https:\/\/natsunivers.dk\/mytes\/?page_id=842","title":{"rendered":"Koronis"},"content":{"rendered":"\n<div class=\"is-layout-flex wp-container-3 wp-block-columns\">\n<div class=\"is-layout-flow wp-block-column\" style=\"flex-basis:66.66%\">\n<p>Koronis eller Coronis var en heltinde fra Thessalien. Hun var datter af Phlegyas og s\u00f8ster til Ixion. Med Apollon var hun moder til Asklepios. Mens Koronis var gravid kom en hvid krage til Apollon og meldte ham at Koronis havde indledt et forhold til den d\u00f8delige Ischys.<br>Apollon sk\u00f8d derfor hans elskede med en pil hvorefter han reddede sin uf\u00f8dte s\u00f8n fra hendes sk\u00f8d og satte ham i pleje hos Cheiron. Af sorg over Koronis gjorde Apollon kragen sort hvorefter alle krager har v\u00e6ret sorte.<\/p>\n<\/div>\n\n\n\n<div class=\"is-layout-flow wp-block-column\" style=\"flex-basis:33.33%\">\n<script async src=\"https:\/\/pagead2.googlesyndication.com\/pagead\/js\/adsbygoogle.js?client=ca-pub-9147999370744615\"\n     crossorigin=\"anonymous\"><\/script>\n<!-- Ny nats -->\n<ins class=\"adsbygoogle\"\n     style=\"display:block\"\n     data-ad-client=\"ca-pub-9147999370744615\"\n     data-ad-slot=\"2957070328\"\n     data-ad-format=\"auto\"\n     data-full-width-responsive=\"true\"><\/ins>\n<script>\n     (adsbygoogle = window.adsbygoogle || []).push({});\n<\/script>\n<\/div>\n<\/div>\n","protected":false},"excerpt":{"rendered":"<p>Koronis eller Coronis var en heltinde fra Thessalien. Hun var datter af Phlegyas og s\u00f8ster til Ixion. Med Apollon var hun moder til Asklepios. Mens Koronis var gravid kom en hvid krage til Apollon og meldte ham at Koronis havde indledt et forhold til den d\u00f8delige Ischys.Apollon sk\u00f8d derfor hans elskede med en pil hvorefter [&hellip;]<\/p>\n","protected":false},"author":1,"featured_media":0,"parent":0,"menu_order":0,"comment_status":"closed","ping_status":"closed","template":"","meta":[],"_links":{"self":[{"href":"https:\/\/natsunivers.dk\/mytes\/index.php?rest_route=\/wp\/v2\/pages\/842"}],"collection":[{"href":"https:\/\/natsunivers.dk\/mytes\/index.php?rest_route=\/wp\/v2\/pages"}],"about":[{"href":"https:\/\/natsunivers.dk\/mytes\/index.php?rest_route=\/wp\/v2\/types\/page"}],"author":[{"embeddable":true,"href":"https:\/\/natsunivers.dk\/mytes\/index.php?rest_route=\/wp\/v2\/users\/1"}],"replies":[{"embeddable":true,"href":"https:\/\/natsunivers.dk\/mytes\/index.php?rest_route=%2Fwp%2Fv2%2Fcomments&post=842"}],"version-history":[{"count":2,"href":"https:\/\/natsunivers.dk\/mytes\/index.php?rest_route=\/wp\/v2\/pages\/842\/revisions"}],"predecessor-version":[{"id":1215,"href":"https:\/\/natsunivers.dk\/mytes\/index.php?rest_route=\/wp\/v2\/pages\/842\/revisions\/1215"}],"wp:attachment":[{"href":"https:\/\/natsunivers.dk\/mytes\/index.php?rest_route=%2Fwp%2Fv2%2Fmedia&parent=842"}],"curies":[{"name":"wp","href":"https:\/\/api.w.org\/{rel}","templated":true}]}}