{"id":838,"date":"2023-02-05T19:33:45","date_gmt":"2023-02-05T19:33:45","guid":{"rendered":"https:\/\/natsunivers.dk\/mytes\/?page_id=838"},"modified":"2023-02-26T07:15:04","modified_gmt":"2023-02-26T07:15:04","slug":"iphigeneia","status":"publish","type":"page","link":"https:\/\/natsunivers.dk\/mytes\/?page_id=838","title":{"rendered":"Iphigeneia"},"content":{"rendered":"\n<div class=\"is-layout-flex wp-container-3 wp-block-columns\">\n<div class=\"is-layout-flow wp-block-column\" style=\"flex-basis:66.66%\">\n<p>Dette var en af de gr\u00e6ske heltinder og pr\u00e6stinder. Hun var datter af Agamemnon og Klytaimestra. S\u00f8ster var hun til Orestes, Chrysothemis og Elektra.<br>Hendes fader Agamemnon valgte at ofre hende til Artemis<br>p\u00e5 \u00f8en Aulis men netop som ofringen skulle til at starte kom Artemis og tog hende v\u00e6k.<br>I stedet efterlod hun et r\u00e5dyr. Langt derfra i Tauris blev Iphigeneia en pr\u00e6stinde i et tempel til \u00e6re for Artemis. I dette land ofrede man alle fremmede som bes\u00f8gte landet og dette affandt Iphigeneia sig med i mange \u00e5r.<br>En dag kom hendes bror Orestes imidlertid dertil og man<br>bad hende dr\u00e6be ham. Hurtigt planlagde de en flugt. Inden de tog afsted tog de en statue af Artemis, mens andre mener det var et kultbillede, som de \u00f8nskede at finde et mere egnet hjem til. Mange byer mente selv at v\u00e6re egnet nok men ikke f\u00f8r Iphigeneia vendte<br>hjem blev hun atter Artemis&#8217; pr\u00e6stinde.<\/p>\n<\/div>\n\n\n\n<div class=\"is-layout-flow wp-block-column\" style=\"flex-basis:33.33%\">\n<script async src=\"https:\/\/pagead2.googlesyndication.com\/pagead\/js\/adsbygoogle.js?client=ca-pub-9147999370744615\"\n     crossorigin=\"anonymous\"><\/script>\n<!-- Ny nats -->\n<ins class=\"adsbygoogle\"\n     style=\"display:block\"\n     data-ad-client=\"ca-pub-9147999370744615\"\n     data-ad-slot=\"2957070328\"\n     data-ad-format=\"auto\"\n     data-full-width-responsive=\"true\"><\/ins>\n<script>\n     (adsbygoogle = window.adsbygoogle || []).push({});\n<\/script>\n<\/div>\n<\/div>\n","protected":false},"excerpt":{"rendered":"<p>Dette var en af de gr\u00e6ske heltinder og pr\u00e6stinder. Hun var datter af Agamemnon og Klytaimestra. S\u00f8ster var hun til Orestes, Chrysothemis og Elektra.Hendes fader Agamemnon valgte at ofre hende til Artemisp\u00e5 \u00f8en Aulis men netop som ofringen skulle til at starte kom Artemis og tog hende v\u00e6k.I stedet efterlod hun et r\u00e5dyr. Langt derfra [&hellip;]<\/p>\n","protected":false},"author":1,"featured_media":0,"parent":0,"menu_order":0,"comment_status":"closed","ping_status":"closed","template":"","meta":[],"_links":{"self":[{"href":"https:\/\/natsunivers.dk\/mytes\/index.php?rest_route=\/wp\/v2\/pages\/838"}],"collection":[{"href":"https:\/\/natsunivers.dk\/mytes\/index.php?rest_route=\/wp\/v2\/pages"}],"about":[{"href":"https:\/\/natsunivers.dk\/mytes\/index.php?rest_route=\/wp\/v2\/types\/page"}],"author":[{"embeddable":true,"href":"https:\/\/natsunivers.dk\/mytes\/index.php?rest_route=\/wp\/v2\/users\/1"}],"replies":[{"embeddable":true,"href":"https:\/\/natsunivers.dk\/mytes\/index.php?rest_route=%2Fwp%2Fv2%2Fcomments&post=838"}],"version-history":[{"count":3,"href":"https:\/\/natsunivers.dk\/mytes\/index.php?rest_route=\/wp\/v2\/pages\/838\/revisions"}],"predecessor-version":[{"id":1197,"href":"https:\/\/natsunivers.dk\/mytes\/index.php?rest_route=\/wp\/v2\/pages\/838\/revisions\/1197"}],"wp:attachment":[{"href":"https:\/\/natsunivers.dk\/mytes\/index.php?rest_route=%2Fwp%2Fv2%2Fmedia&parent=838"}],"curies":[{"name":"wp","href":"https:\/\/api.w.org\/{rel}","templated":true}]}}