{"id":783,"date":"2023-02-05T08:24:13","date_gmt":"2023-02-05T08:24:13","guid":{"rendered":"https:\/\/natsunivers.dk\/mytes\/?page_id=783"},"modified":"2023-02-05T08:24:13","modified_gmt":"2023-02-05T08:24:13","slug":"tatjenen","status":"publish","type":"page","link":"https:\/\/natsunivers.dk\/mytes\/?page_id=783","title":{"rendered":"Tatjenen"},"content":{"rendered":"\n<p>Dette var en egyptisk ur- og jordgud. Han var en personifikation p\u00e5 urh\u00f8jen der var steget op af urhavet og hans navn betyder det h\u00f8je land.<br>Oprindeligt var han en mindre guddom i Memphis men under Ramses den andens regeringstid begyndte hans status at stige. Senere blev han identificeret<br>med Ptah som Ptah-Tatjenen.<br>Typisk blev han afbildet med v\u00e6dderhorn og evt fjerkrone. Han blev nogle gange set holdende to blommer og undertiden malet gr\u00f8n for at symbolicere<br>hans forbindelse til jorden og dens forplantning.<br>Andre stavem\u00e5der: Tatenen, Ten, Tenen.<\/p>\n","protected":false},"excerpt":{"rendered":"<p>Dette var en egyptisk ur- og jordgud. Han var en personifikation p\u00e5 urh\u00f8jen der var steget op af urhavet og hans navn betyder det h\u00f8je land.Oprindeligt var han en mindre guddom i Memphis men under Ramses den andens regeringstid begyndte hans status at stige. Senere blev han identificeretmed Ptah som Ptah-Tatjenen.Typisk blev han afbildet med [&hellip;]<\/p>\n","protected":false},"author":1,"featured_media":0,"parent":0,"menu_order":0,"comment_status":"closed","ping_status":"closed","template":"","meta":[],"_links":{"self":[{"href":"https:\/\/natsunivers.dk\/mytes\/index.php?rest_route=\/wp\/v2\/pages\/783"}],"collection":[{"href":"https:\/\/natsunivers.dk\/mytes\/index.php?rest_route=\/wp\/v2\/pages"}],"about":[{"href":"https:\/\/natsunivers.dk\/mytes\/index.php?rest_route=\/wp\/v2\/types\/page"}],"author":[{"embeddable":true,"href":"https:\/\/natsunivers.dk\/mytes\/index.php?rest_route=\/wp\/v2\/users\/1"}],"replies":[{"embeddable":true,"href":"https:\/\/natsunivers.dk\/mytes\/index.php?rest_route=%2Fwp%2Fv2%2Fcomments&post=783"}],"version-history":[{"count":1,"href":"https:\/\/natsunivers.dk\/mytes\/index.php?rest_route=\/wp\/v2\/pages\/783\/revisions"}],"predecessor-version":[{"id":784,"href":"https:\/\/natsunivers.dk\/mytes\/index.php?rest_route=\/wp\/v2\/pages\/783\/revisions\/784"}],"wp:attachment":[{"href":"https:\/\/natsunivers.dk\/mytes\/index.php?rest_route=%2Fwp%2Fv2%2Fmedia&parent=783"}],"curies":[{"name":"wp","href":"https:\/\/api.w.org\/{rel}","templated":true}]}}