{"id":75,"date":"2023-01-29T11:36:22","date_gmt":"2023-01-29T11:36:22","guid":{"rendered":"https:\/\/natsunivers.dk\/mytes\/?page_id=75"},"modified":"2023-02-18T11:25:28","modified_gmt":"2023-02-18T11:25:28","slug":"aton","status":"publish","type":"page","link":"https:\/\/natsunivers.dk\/mytes\/?page_id=75","title":{"rendered":"Aton"},"content":{"rendered":"\n<div class=\"is-layout-flex wp-container-3 wp-block-columns\">\n<div class=\"is-layout-flow wp-block-column\" style=\"flex-basis:66.66%\">\n<p>Aton var en egyptisk solgud. selve navnet betyder &#8220;solskive&#8221; hvilket passer med at han f\u00f8rst var en betegnelse for solskiven,<br>dern\u00e6st var han en \u00e5benbaringsform af solguden Atum resp. Re, og tilsidst blev han i det nye rige omkring 1350 f.kr. oph\u00f8jet<br>til solgud af Amenophis IV.<\/p>\n\n\n\n<p><br>Aton blev nu dyrket monoteistisk og andre guders navne og billeder blev enten slettet eller \u00f8delagt.<\/p>\n\n\n\n<p><br>Aton afbildes som en solskive med nedadvendte str\u00e5learme. Armene ender i velsignende h\u00e6nder som overr\u00e6kker Ank, livets tegn.<\/p>\n<\/div>\n\n\n\n<div class=\"is-layout-flow wp-block-column\" style=\"flex-basis:33.33%\">\n<script async src=\"https:\/\/pagead2.googlesyndication.com\/pagead\/js\/adsbygoogle.js?client=ca-pub-9147999370744615\"\n     crossorigin=\"anonymous\"><\/script>\n<!-- Ny nats -->\n<ins class=\"adsbygoogle\"\n     style=\"display:block\"\n     data-ad-client=\"ca-pub-9147999370744615\"\n     data-ad-slot=\"2957070328\"\n     data-ad-format=\"auto\"\n     data-full-width-responsive=\"true\"><\/ins>\n<script>\n     (adsbygoogle = window.adsbygoogle || []).push({});\n<\/script>\n<\/div>\n<\/div>\n","protected":false},"excerpt":{"rendered":"<p>Aton var en egyptisk solgud. selve navnet betyder &#8220;solskive&#8221; hvilket passer med at han f\u00f8rst var en betegnelse for solskiven,dern\u00e6st var han en \u00e5benbaringsform af solguden Atum resp. Re, og tilsidst blev han i det nye rige omkring 1350 f.kr. oph\u00f8jettil solgud af Amenophis IV. Aton blev nu dyrket monoteistisk og andre guders navne og [&hellip;]<\/p>\n","protected":false},"author":1,"featured_media":0,"parent":0,"menu_order":0,"comment_status":"closed","ping_status":"closed","template":"","meta":[],"_links":{"self":[{"href":"https:\/\/natsunivers.dk\/mytes\/index.php?rest_route=\/wp\/v2\/pages\/75"}],"collection":[{"href":"https:\/\/natsunivers.dk\/mytes\/index.php?rest_route=\/wp\/v2\/pages"}],"about":[{"href":"https:\/\/natsunivers.dk\/mytes\/index.php?rest_route=\/wp\/v2\/types\/page"}],"author":[{"embeddable":true,"href":"https:\/\/natsunivers.dk\/mytes\/index.php?rest_route=\/wp\/v2\/users\/1"}],"replies":[{"embeddable":true,"href":"https:\/\/natsunivers.dk\/mytes\/index.php?rest_route=%2Fwp%2Fv2%2Fcomments&post=75"}],"version-history":[{"count":3,"href":"https:\/\/natsunivers.dk\/mytes\/index.php?rest_route=\/wp\/v2\/pages\/75\/revisions"}],"predecessor-version":[{"id":1029,"href":"https:\/\/natsunivers.dk\/mytes\/index.php?rest_route=\/wp\/v2\/pages\/75\/revisions\/1029"}],"wp:attachment":[{"href":"https:\/\/natsunivers.dk\/mytes\/index.php?rest_route=%2Fwp%2Fv2%2Fmedia&parent=75"}],"curies":[{"name":"wp","href":"https:\/\/api.w.org\/{rel}","templated":true}]}}