{"id":737,"date":"2023-02-04T11:06:20","date_gmt":"2023-02-04T11:06:20","guid":{"rendered":"https:\/\/natsunivers.dk\/mytes\/?page_id=737"},"modified":"2023-02-25T09:01:43","modified_gmt":"2023-02-25T09:01:43","slug":"fenja-menja","status":"publish","type":"page","link":"https:\/\/natsunivers.dk\/mytes\/?page_id=737","title":{"rendered":"Fenja &#038; Menja"},"content":{"rendered":"\n<div class=\"is-layout-flex wp-container-3 wp-block-columns\">\n<div class=\"is-layout-flow wp-block-column\" style=\"flex-basis:66.66%\">\n<p>Fenja og Menja var begge j\u00e6ttekvinder der arbejdede som tr\u00e6lle. De havde kv\u00e6rnen Grutte hvori man kunne male alverdens ting.<br>I starten var de tr\u00e6lle hos Kong Fjolner i Svitjod (sverige) hvor de skulle male guld. Kong Frode fik i midlertidig nys om disse kvinder og kv\u00e6rnen Grutte og han tog derfor hen til Kong Fjolner og k\u00f8bte dem.<br>Kong Frode valgte foruden guld at de skulle male fred og lykke men han gav dem n\u00e6sten ingen hvile. Derfor malede kvinderne en fjendtlig h\u00e6r frem ledet af Havkongen Myser (Mysing). Myser tog nu selv kvinderne med sig til hans skib.<br>Her blev de s\u00e5 bedt om at male salt hvilket de gjorde. M\u00e5ske endda lidt for godt for til sidst havde de malet s\u00e5 meget salt at skibet sank og siden da har havet v\u00e6ret salt.<\/p>\n<\/div>\n\n\n\n<div class=\"is-layout-flow wp-block-column\" style=\"flex-basis:33.33%\">\n<script async src=\"https:\/\/pagead2.googlesyndication.com\/pagead\/js\/adsbygoogle.js?client=ca-pub-9147999370744615\"\n     crossorigin=\"anonymous\"><\/script>\n<!-- Ny nats -->\n<ins class=\"adsbygoogle\"\n     style=\"display:block\"\n     data-ad-client=\"ca-pub-9147999370744615\"\n     data-ad-slot=\"2957070328\"\n     data-ad-format=\"auto\"\n     data-full-width-responsive=\"true\"><\/ins>\n<script>\n     (adsbygoogle = window.adsbygoogle || []).push({});\n<\/script>\n<\/div>\n<\/div>\n","protected":false},"excerpt":{"rendered":"<p>Fenja og Menja var begge j\u00e6ttekvinder der arbejdede som tr\u00e6lle. De havde kv\u00e6rnen Grutte hvori man kunne male alverdens ting.I starten var de tr\u00e6lle hos Kong Fjolner i Svitjod (sverige) hvor de skulle male guld. Kong Frode fik i midlertidig nys om disse kvinder og kv\u00e6rnen Grutte og han tog derfor hen til Kong Fjolner [&hellip;]<\/p>\n","protected":false},"author":1,"featured_media":0,"parent":0,"menu_order":0,"comment_status":"closed","ping_status":"closed","template":"","meta":[],"_links":{"self":[{"href":"https:\/\/natsunivers.dk\/mytes\/index.php?rest_route=\/wp\/v2\/pages\/737"}],"collection":[{"href":"https:\/\/natsunivers.dk\/mytes\/index.php?rest_route=\/wp\/v2\/pages"}],"about":[{"href":"https:\/\/natsunivers.dk\/mytes\/index.php?rest_route=\/wp\/v2\/types\/page"}],"author":[{"embeddable":true,"href":"https:\/\/natsunivers.dk\/mytes\/index.php?rest_route=\/wp\/v2\/users\/1"}],"replies":[{"embeddable":true,"href":"https:\/\/natsunivers.dk\/mytes\/index.php?rest_route=%2Fwp%2Fv2%2Fcomments&post=737"}],"version-history":[{"count":2,"href":"https:\/\/natsunivers.dk\/mytes\/index.php?rest_route=\/wp\/v2\/pages\/737\/revisions"}],"predecessor-version":[{"id":1103,"href":"https:\/\/natsunivers.dk\/mytes\/index.php?rest_route=\/wp\/v2\/pages\/737\/revisions\/1103"}],"wp:attachment":[{"href":"https:\/\/natsunivers.dk\/mytes\/index.php?rest_route=%2Fwp%2Fv2%2Fmedia&parent=737"}],"curies":[{"name":"wp","href":"https:\/\/api.w.org\/{rel}","templated":true}]}}