{"id":697,"date":"2023-01-30T15:37:56","date_gmt":"2023-01-30T15:37:56","guid":{"rendered":"https:\/\/natsunivers.dk\/mytes\/?page_id=697"},"modified":"2023-02-25T17:14:04","modified_gmt":"2023-02-25T17:14:04","slug":"hera","status":"publish","type":"page","link":"https:\/\/natsunivers.dk\/mytes\/?page_id=697","title":{"rendered":"Hera"},"content":{"rendered":"\n<div class=\"is-layout-flex wp-container-3 wp-block-columns\">\n<div class=\"is-layout-flow wp-block-column\" style=\"flex-basis:66.66%\">\n<p>Hera var s\u00f8n af Kronos og Rhea og s\u00f8ster til Demeter, Hades,<br>Hestia, Poseidon og Zeus. Zeus var desuden ogs\u00e5 hendes<br>\u00e6gtemand.<br>Navnet Hera betyder frue og hun ans\u00e5s da ogs\u00e5 som v\u00e6rende en magtfuld jord- og modergudinde. Desuden var hun<br>skytsgudinde for \u00e6gteskab og f\u00f8dsel. Kort sagt var hun en himmeldronning og den h\u00f8jeste gudinde. Hera var ogs\u00e5 kendt under navnet Argeia.<\/p>\n\n\n\n<p>Hera led meget under jalousi anfald og stridbarhed hvilket f\u00f8rte ulykker med sig b\u00e5de overfor guder, heroer og mennesker. Dette skete mest i kraft af hendes mands Zeus utallige elskerinder og b\u00f8rn udenfor \u00e6gteskabet.<\/p>\n\n\n\n<p>Af b\u00f8rn har hun med Zeus; krigsguden Ares, gudinden for f\u00f8dsel Eileithyia, Gudernes mundsk\u00e6nk Hebe og smedeguden Hefaistos. Nogle mener dog at Hefaistos blev f\u00f8dt ved jomfruf\u00f8dsel.<\/p>\n\n\n\n<p>Der findes en sjov historie om hvorfor hun blev gift med Zeus. Zeus havde forvandlet sig til en g\u00f8g. Pludselig begyndte det at regne og for at komme i ly gemte han sig under hendes kl\u00e6der. Da regnen stoppede kom han ud og lovede hende \u00e6gteskab.<\/p>\n\n\n\n<p>En anden historie som kan n\u00e6vnes er hvordan M\u00e6lkevejen (Galaxias) blev til. Det blev sagt at Hera&#8217;s moderm\u00e6lk spr\u00f8jtede ud p\u00e5 himlen og derved dannede hvad vi nu kender som M\u00e6lkevejen.<\/p>\n\n\n\n<p>Hera blev dyrket med \u00e6rb\u00f8dighed dog mest p\u00e5 Kreta og Samos. Her byggede Argonauterne ogs\u00e5 et stort tempel for hende. Festen Heraia er en fest til \u00e6re for hende. Af attributter har hun p\u00e5fugl &amp; \u00e6ble, diadem &amp; scepter.<\/p>\n<\/div>\n\n\n\n<div class=\"is-layout-flow wp-block-column\" style=\"flex-basis:33.33%\">\n<script async src=\"https:\/\/pagead2.googlesyndication.com\/pagead\/js\/adsbygoogle.js?client=ca-pub-9147999370744615\"\n     crossorigin=\"anonymous\"><\/script>\n<!-- Ny nats -->\n<ins class=\"adsbygoogle\"\n     style=\"display:block\"\n     data-ad-client=\"ca-pub-9147999370744615\"\n     data-ad-slot=\"2957070328\"\n     data-ad-format=\"auto\"\n     data-full-width-responsive=\"true\"><\/ins>\n<script>\n     (adsbygoogle = window.adsbygoogle || []).push({});\n<\/script>\n<\/div>\n<\/div>\n","protected":false},"excerpt":{"rendered":"<p>Hera var s\u00f8n af Kronos og Rhea og s\u00f8ster til Demeter, Hades,Hestia, Poseidon og Zeus. Zeus var desuden ogs\u00e5 hendes\u00e6gtemand.Navnet Hera betyder frue og hun ans\u00e5s da ogs\u00e5 som v\u00e6rende en magtfuld jord- og modergudinde. Desuden var hunskytsgudinde for \u00e6gteskab og f\u00f8dsel. Kort sagt var hun en himmeldronning og den h\u00f8jeste gudinde. Hera var ogs\u00e5 [&hellip;]<\/p>\n","protected":false},"author":1,"featured_media":0,"parent":0,"menu_order":0,"comment_status":"closed","ping_status":"closed","template":"","meta":[],"_links":{"self":[{"href":"https:\/\/natsunivers.dk\/mytes\/index.php?rest_route=\/wp\/v2\/pages\/697"}],"collection":[{"href":"https:\/\/natsunivers.dk\/mytes\/index.php?rest_route=\/wp\/v2\/pages"}],"about":[{"href":"https:\/\/natsunivers.dk\/mytes\/index.php?rest_route=\/wp\/v2\/types\/page"}],"author":[{"embeddable":true,"href":"https:\/\/natsunivers.dk\/mytes\/index.php?rest_route=\/wp\/v2\/users\/1"}],"replies":[{"embeddable":true,"href":"https:\/\/natsunivers.dk\/mytes\/index.php?rest_route=%2Fwp%2Fv2%2Fcomments&post=697"}],"version-history":[{"count":2,"href":"https:\/\/natsunivers.dk\/mytes\/index.php?rest_route=\/wp\/v2\/pages\/697\/revisions"}],"predecessor-version":[{"id":1165,"href":"https:\/\/natsunivers.dk\/mytes\/index.php?rest_route=\/wp\/v2\/pages\/697\/revisions\/1165"}],"wp:attachment":[{"href":"https:\/\/natsunivers.dk\/mytes\/index.php?rest_route=%2Fwp%2Fv2%2Fmedia&parent=697"}],"curies":[{"name":"wp","href":"https:\/\/api.w.org\/{rel}","templated":true}]}}