{"id":674,"date":"2023-01-30T14:34:49","date_gmt":"2023-01-30T14:34:49","guid":{"rendered":"https:\/\/natsunivers.dk\/mytes\/?page_id=674"},"modified":"2023-02-17T16:55:19","modified_gmt":"2023-02-17T16:55:19","slug":"acca-larentia","status":"publish","type":"page","link":"https:\/\/natsunivers.dk\/mytes\/?page_id=674","title":{"rendered":"Acca Larentia"},"content":{"rendered":"\n<div class=\"is-layout-flex wp-container-3 wp-block-columns\">\n<div class=\"is-layout-flow wp-block-column\" style=\"flex-basis:66.66%\">\n<p>Acca Larentia eller bare Larentia var en romersk moder- og skytsgudinde. Hun var moder til de 12 Arval br\u00f8dre og blev tilbedt ved Larentalia festivalen den 23. December.<\/p>\n\n\n\n<p><br>Der er lidt uenighed om hvem hun var gift med, hvorfor der findes to forskellige historier om hende.<\/p>\n\n\n\n<p><br><strong>Historie 1:<\/strong> Vogteren af et af Herkules&#8217; templer inviterede Herkules til et spil terninger hvor pr\u00e6mien var et gilde og den smukke pige Acca Larentia. Herkules vandt men afgav dog senere hen Larentia hvorefter hun giftede sig med den rige Tarutius. Denne d\u00f8de i midlertidig kort efter og efterlod alle hans m\u00e6gtige jorder og ejendomme til hende. Disse gik s\u00e5 senere i arv til den romerske befolkning da hun selv gik bort.<\/p>\n\n\n\n<p><br><strong>Historie 2:<\/strong> Her var hun hustru til hyrden Faustulus som fandt sp\u00e6db\u00f8rnene Romulus og Remus. Larentia blev drengenes amme<br>og \u00e6gteparret valgte at adoptere dem.<\/p>\n<\/div>\n\n\n\n<div class=\"is-layout-flow wp-block-column\" style=\"flex-basis:30%\">\n<script async=\"\" src=\"https:\/\/pagead2.googlesyndication.com\/pagead\/js\/adsbygoogle.js?client=ca-pub-9147999370744615\" crossorigin=\"anonymous\"><\/script>\n<!-- Ny nats -->\n<ins class=\"adsbygoogle\" style=\"display:block\" data-ad-client=\"ca-pub-9147999370744615\" data-ad-slot=\"2957070328\" data-ad-format=\"auto\" data-full-width-responsive=\"true\"><\/ins>\n<script>\n     (adsbygoogle = window.adsbygoogle || []).push({});\n<\/script>\n<\/div>\n<\/div>\n\n\n\n<p><\/p>\n","protected":false},"excerpt":{"rendered":"<p>Acca Larentia eller bare Larentia var en romersk moder- og skytsgudinde. Hun var moder til de 12 Arval br\u00f8dre og blev tilbedt ved Larentalia festivalen den 23. December. Der er lidt uenighed om hvem hun var gift med, hvorfor der findes to forskellige historier om hende. Historie 1: Vogteren af et af Herkules&#8217; templer inviterede [&hellip;]<\/p>\n","protected":false},"author":1,"featured_media":0,"parent":0,"menu_order":0,"comment_status":"closed","ping_status":"closed","template":"","meta":[],"_links":{"self":[{"href":"https:\/\/natsunivers.dk\/mytes\/index.php?rest_route=\/wp\/v2\/pages\/674"}],"collection":[{"href":"https:\/\/natsunivers.dk\/mytes\/index.php?rest_route=\/wp\/v2\/pages"}],"about":[{"href":"https:\/\/natsunivers.dk\/mytes\/index.php?rest_route=\/wp\/v2\/types\/page"}],"author":[{"embeddable":true,"href":"https:\/\/natsunivers.dk\/mytes\/index.php?rest_route=\/wp\/v2\/users\/1"}],"replies":[{"embeddable":true,"href":"https:\/\/natsunivers.dk\/mytes\/index.php?rest_route=%2Fwp%2Fv2%2Fcomments&post=674"}],"version-history":[{"count":5,"href":"https:\/\/natsunivers.dk\/mytes\/index.php?rest_route=\/wp\/v2\/pages\/674\/revisions"}],"predecessor-version":[{"id":1040,"href":"https:\/\/natsunivers.dk\/mytes\/index.php?rest_route=\/wp\/v2\/pages\/674\/revisions\/1040"}],"wp:attachment":[{"href":"https:\/\/natsunivers.dk\/mytes\/index.php?rest_route=%2Fwp%2Fv2%2Fmedia&parent=674"}],"curies":[{"name":"wp","href":"https:\/\/api.w.org\/{rel}","templated":true}]}}