{"id":663,"date":"2023-01-30T14:03:52","date_gmt":"2023-01-30T14:03:52","guid":{"rendered":"https:\/\/natsunivers.dk\/mytes\/?page_id=663"},"modified":"2023-01-30T14:03:52","modified_gmt":"2023-01-30T14:03:52","slug":"yggdrasil","status":"publish","type":"page","link":"https:\/\/natsunivers.dk\/mytes\/?page_id=663","title":{"rendered":"Yggdrasil"},"content":{"rendered":"\n<p>Yggdrasil var verdens tr\u00e6et som stod midt i Midg\u00e5rd og forbandt de ni verdener. Det var et k\u00e6mpe asketr\u00e6 hvis kronen ragede<br>op over himlen Asg\u00e5rd. Dets grene bredte sig til Udg\u00e5rd og dets r\u00f8dder til Niflheim.<br>Yggdrasil suger kraft fra 3 steder. Urds br\u00f8nd, Mimer&#8217;s br\u00f8nd og Hvergelmir. Desuden over\u00f8ser 3 norner det med vand fra Urds br\u00f8nd for at det<br>ikke skal g\u00e5 ud.<br>Tr\u00e6et er stedsegr\u00f8nt s\u00e5 l\u00e6nge verden best\u00e5r og huser en del dyr. \u00d8verst bor der en \u00f8rn og lidt l\u00e6ngere v\u00e6k en h\u00f8g ved navn Vejrf\u00f8lner. Mellem<br>grenene holder hjortene Dvalin, Dain, Duratro og Duneyr til sammen med geden Hedrun.<br>Nederst ved r\u00f8dderne lever slangen Nidhug som er uvenner med \u00f8rnen. Derfor l\u00f8ber egernet Ratatoskr op og ned af stammen med l\u00f8gne\/sladder<br>for at holde deres uvenskab ved lige. N\u00e5r Nidhug gnaver roden over vil Ragnarok starte.<br>Yggdrasil er et symbol p\u00e5 livet og dagligt samlede guderne sig omkring det. Myter beretter hvordan Odin skabte det efter de havde skabt<br>menneskene. Tr\u00e6et vil sammen med menneskeparret Lif og Lifthrasir overleve Ragnarok.<br>Yggdrasil menes at betyde &#8220;Yggrs hest&#8221; eller &#8220;Odin&#8217;s galge&#8221;.<\/p>\n","protected":false},"excerpt":{"rendered":"<p>Yggdrasil var verdens tr\u00e6et som stod midt i Midg\u00e5rd og forbandt de ni verdener. Det var et k\u00e6mpe asketr\u00e6 hvis kronen ragedeop over himlen Asg\u00e5rd. Dets grene bredte sig til Udg\u00e5rd og dets r\u00f8dder til Niflheim.Yggdrasil suger kraft fra 3 steder. Urds br\u00f8nd, Mimer&#8217;s br\u00f8nd og Hvergelmir. Desuden over\u00f8ser 3 norner det med vand fra [&hellip;]<\/p>\n","protected":false},"author":1,"featured_media":0,"parent":0,"menu_order":0,"comment_status":"closed","ping_status":"closed","template":"","meta":[],"_links":{"self":[{"href":"https:\/\/natsunivers.dk\/mytes\/index.php?rest_route=\/wp\/v2\/pages\/663"}],"collection":[{"href":"https:\/\/natsunivers.dk\/mytes\/index.php?rest_route=\/wp\/v2\/pages"}],"about":[{"href":"https:\/\/natsunivers.dk\/mytes\/index.php?rest_route=\/wp\/v2\/types\/page"}],"author":[{"embeddable":true,"href":"https:\/\/natsunivers.dk\/mytes\/index.php?rest_route=\/wp\/v2\/users\/1"}],"replies":[{"embeddable":true,"href":"https:\/\/natsunivers.dk\/mytes\/index.php?rest_route=%2Fwp%2Fv2%2Fcomments&post=663"}],"version-history":[{"count":1,"href":"https:\/\/natsunivers.dk\/mytes\/index.php?rest_route=\/wp\/v2\/pages\/663\/revisions"}],"predecessor-version":[{"id":664,"href":"https:\/\/natsunivers.dk\/mytes\/index.php?rest_route=\/wp\/v2\/pages\/663\/revisions\/664"}],"wp:attachment":[{"href":"https:\/\/natsunivers.dk\/mytes\/index.php?rest_route=%2Fwp%2Fv2%2Fmedia&parent=663"}],"curies":[{"name":"wp","href":"https:\/\/api.w.org\/{rel}","templated":true}]}}