{"id":649,"date":"2023-02-04T08:13:02","date_gmt":"2023-02-04T08:13:02","guid":{"rendered":"https:\/\/natsunivers.dk\/mytes\/?page_id=649"},"modified":"2023-02-04T08:13:02","modified_gmt":"2023-02-04T08:13:02","slug":"romerske-gudinder","status":"publish","type":"page","link":"https:\/\/natsunivers.dk\/mytes\/?page_id=649","title":{"rendered":"Romerske Gudinder"},"content":{"rendered":"\n<p><strong>Abeona:<\/strong> Dette var en romersk gudinde som tog sig<br>af b\u00f8rn n\u00e5r de tog deres f\u00f8rste skridt v\u00e6k fra for\u00e6ldre. Dvs n\u00e5r de forlod hjemmet for f\u00f8rste gang.<\/p>\n\n\n\n<p><strong>Acca Larentia:<\/strong> Denne har sin egen side. Link: <a href=\"https:\/\/natsunivers.dk\/mytes\/?page_id=674\" data-type=\"URL\" data-id=\"https:\/\/natsunivers.dk\/mytes\/?page_id=674\">Acca Larentia<\/a><\/p>\n\n\n\n<p><strong>Alemona:<\/strong> Dette var en romersk gudinde som tog sig af de uf\u00f8dte b\u00f8rn.<\/p>\n\n\n\n<p><strong>Aurora:<\/strong> Aurora var en romersk gudinde og personificerede morgenr\u00f8den. Hun var s\u00f8ster til Luna og Sol og moder til Lucifer. Hendes navn betyder &#8220;morgenr\u00f8de&#8221; og hun kan sammenlignes med den gr\u00e6ske Eos.<\/p>\n\n\n\n<p><strong>Bellona:<\/strong> Dette var en krigsgudinde og en ledsager til Mars. Hvor vidt hun var hans s\u00f8ster eller hustru kan ikke siges med sikkerhed. Hun var en personifikation p\u00e5 krig og den latinske stamme af hendes navn &#8220;bellum&#8221; betyder da ogs\u00e5 krig. Festivalerne holdte den symbolske krigserkl\u00e6ring p\u00e5 marsmarken hvor hendes tempel var. Andre kendte navne\/stavem\u00e5der: Duellona.<\/p>\n\n\n\n<p><strong>Camenae:<\/strong> Disse har deres egen side. Link: <a href=\"https:\/\/natsunivers.dk\/mytes\/?page_id=235\" data-type=\"URL\" data-id=\"https:\/\/natsunivers.dk\/mytes\/?page_id=235\">Camenae<\/a><\/p>\n\n\n\n<p><strong>Candelifera:<\/strong> Navnet som menes at betyde &#8220;lys-b\u00e6rer&#8221; tilh\u00f8rte en romersk gudinde som hjalp kvinder under f\u00f8dslen. Ved f\u00f8dslen blev et symbolsk voks- eller stearinlys t\u00e6ndt.         <\/p>\n\n\n\n<p><strong>Cinxia:<\/strong> Dette var en romersk gudinde for \u00e6gteskaber. Hun overv\u00e5gede brudens korset og sikrede sig at det sad rigtigt.        <\/p>\n\n\n\n<p><strong>Collatina:<\/strong> Romersk gudinde for bakker. Staves desuden ogs\u00e5 Collina.   <\/p>\n\n\n\n<p><strong>Cuba: <\/strong>Romersk gudinde som stod for at skulle beskytte b\u00f8rn n\u00e5r de l\u00e5 i deres senge.<\/p>\n\n\n\n<p><strong>Cunina:<\/strong> Romersk gudinde som kiggede efter b\u00f8rnene n\u00e5r de l\u00e5 i deres vugger.<\/p>\n\n\n\n<p><strong>Deverra:<\/strong> Mindre gudinde for f\u00f8dsel. Ligesom de to andre f\u00f8dselsgudinder Pilumnus og Intercidona beskyttede hun det nyf\u00f8dte barn mod guden Silvanus og andre onde \u00e5nder. Hun blev symboliseret med en kost hvis funktion var at feje det onde v\u00e6k.<\/p>\n\n\n\n<p><strong>Edusa:<\/strong> Dette var en gudinde for b\u00f8rns spisning.<\/p>\n\n\n\n<p><strong>Empanda:<\/strong> Empanda var en gudinde n\u00e6vnt af oldtidens forfattere. Mere vides dog ikke.<\/p>\n\n\n\n<p><strong>Fama:<\/strong> Denne har f\u00e5et sin egen side. <strong>Link:<\/strong> <a href=\"https:\/\/natsunivers.dk\/mytes\/?page_id=162\" data-type=\"URL\" data-id=\"https:\/\/natsunivers.dk\/mytes\/?page_id=162\">Fama<\/a><\/p>\n\n\n\n<p><strong>Fauna:<\/strong> Denne har f\u00e5et sin egen side. <strong>Link: <\/strong><a href=\"https:\/\/natsunivers.dk\/mytes\/?page_id=176\" data-type=\"URL\" data-id=\"https:\/\/natsunivers.dk\/mytes\/?page_id=176\">Fauna<\/a> <\/p>\n\n\n\n<p><strong>Feronia:<\/strong> Dette var en gudinde for frugtbarhed og for\u00e5r. Desuden var hun frigivne slavers skytsgudinde. Hendes s\u00f8n kong Erulus gav hun tre sj\u00e6le s\u00e5 da Evander ville dr\u00e6be ham m\u00e5tte han g\u00f8re det tre     gange.<\/p>\n\n\n\n<p><strong>Flora:<\/strong> Flora var en gudinde for blomster, for\u00e5r og ungdom. Hvert \u00e5r afholdtes en festival ved navn &#8220;Floralia&#8221; til \u00e6re for hende. Denne festival blev afholdt i slutningen af april og begyndelsen af maj.     Hendes navn er en betegnelse for planteriget &#8211; bestemt omr\u00e5de af planteliv.<\/p>\n\n\n\n<p><strong>Fortuna:<\/strong> Denne har f\u00e5et sin egen side. <strong>Link:<\/strong> <a href=\"https:\/\/natsunivers.dk\/mytes\/?page_id=200\" data-type=\"URL\" data-id=\"https:\/\/natsunivers.dk\/mytes\/?page_id=200\">Fortuna<\/a><\/p>\n\n\n\n<p><strong>Fulgora: <\/strong>Dette var en romersk gudinde for lyn.<\/p>\n\n\n\n<p><strong>Gratierne: <\/strong>Dette var en gruppe af 3 gudinder for ungdommelig ynde og sk\u00f8nhed. De var en personifikation p\u00e5 digtekunsten og de bildende kunster. De bliver typisk afbildet bekransede og n\u00f8gne.     Tidligere var de dog ikke n\u00f8gne men if\u00f8rt Chitoner. Gratierne var ledsager af Venus og svarer til de gr\u00e6ske Chariter.<\/p>\n\n\n\n<p><strong>Justitia: <\/strong>Dette var den romerske gudinde for moral lovene og desuden en personifikation p\u00e5 retf\u00e6rdighed som hendes navn ogs\u00e5 betyder. Hun svarer til den gr\u00e6ske Dike.<\/p>\n\n\n\n<p><strong>Juventas:<\/strong> Juventas som betyder &#8220;ungdom&#8221; var en gudinde for ungdom(skraften). Desuden var hun skytsgudinde for de ynglinge som ofrede m\u00f8nt til hende if\u00f8rt m\u00e6ndenes toga. hun var hustru til Hercules og svarer til den gr\u00e6ske Hebe. Typisk afbildes hun i en lang bekl\u00e6dning med et r\u00f8gelsesfad.<\/p>\n\n\n\n<p><strong>Latona: <\/strong>Latinske navn for den gr\u00e6ske gudinde Leto.<\/p>\n\n\n\n<p><strong>Laverna:<\/strong> Dette var en gudinde for gevinst og en skytsgudinde og beskytter af tyve og svindlere. N\u00e6r porten Porta Laverna i Rom fandt man et alter i hendes \u00e6re og ved Via Sabina i Rom var en hellig lund     viet til hende.<\/p>\n\n\n\n<p><strong>Libitina:<\/strong> Denne har sin egen side. <strong>Link: <\/strong> <a href=\"https:\/\/natsunivers.dk\/mytes\/?page_id=305\" data-type=\"URL\" data-id=\"https:\/\/natsunivers.dk\/mytes\/?page_id=305\">Libitina<\/a><\/p>\n\n\n\n<p><strong>Lua:<\/strong> Lua var en gudinde for krigsbyttet. For at \u00e6re gudinden blev alle v\u00e5ben efter et slag br\u00e6ndt.<\/p>\n\n\n\n<p><strong>Luna:<\/strong> Dette var den romerske m\u00e5negudinde og skytsgudinden for vognstyrere. Hun var s\u00f8ster til Sol som hun havde et f\u00e6lles tempel sammen med p\u00e5 Aventinus. Ugens anden dag er opkaldt efter hende. Hun svarer til den gr\u00e6ske Selene.<\/p>\n\n\n\n<p><strong>Luperca: <\/strong>Dette var en romersk gudinde og hustru til Lupercus. Hun er identisk med hunulven som diede Romulus og Remus.<\/p>\n\n\n\n<p><strong>Manturna:<\/strong> Dette var en romersk gudinde for bevarelsen af \u00e6gteskab. Hun blev p\u00e5kaldt for at g\u00f8re \u00e6gteskabet langvarigt.<\/p>\n\n\n\n<p><strong>Mater Matuta:<\/strong> Denne har sin egen side. <strong>Link:<\/strong>  <a href=\"https:\/\/natsunivers.dk\/mytes\/?page_id=315\" data-type=\"URL\" data-id=\"https:\/\/natsunivers.dk\/mytes\/?page_id=315\">Mater Matuta<\/a><\/p>\n\n\n\n<p><strong>Meditrina:<\/strong> Dette var en gudinde som ser ud til at have v\u00e6ret opfundet for at begrunde festivalen     Meditrinalia.<\/p>\n\n\n\n<p><strong>Mefitis\/Mephitis:<\/strong> Denne har sin egen side. <strong>Link: <\/strong> <a href=\"https:\/\/natsunivers.dk\/mytes\/?page_id=323\" data-type=\"URL\" data-id=\"https:\/\/natsunivers.dk\/mytes\/?page_id=323\">Mefitis\/Mephitis<\/a><\/p>\n\n\n\n<p><strong>Mellonia:<\/strong> Mellonia eller Mellona var en romersk gudinde for bier og honning.<\/p>\n\n\n\n<p><strong>Mens:<\/strong> Dette var gudinden for besindelse og indsigt. Hendes navn menes at betyde tanke eller forstand. I hendes \u00e6re blev et tempel opf\u00f8rt efter nederlaget ved Trasimeners\u00f8en. Hendes fest blev afholdt d. 8. juni p\u00e5 Kapitol.<\/p>\n\n\n\n<p><strong>Mors:<\/strong> Gudinde og personifikation af d\u00f8den.<\/p>\n\n\n\n<p><strong>Morta: <\/strong>Morta var en romersk gudinde som var vidne til f\u00f8dsel af d\u00f8dsf\u00f8dte. Hun blev sommetider identificeret som v\u00e6rende en af Parcerne.<\/p>\n\n\n\n<p><strong>Naenia:<\/strong> Dette var en gudinde for d\u00f8dsklager og en personifikation af s\u00f8rge- og klagesangen.           Denne klagesang blev typisk sunget af et fl\u00f8jteakkompagnement af sl\u00e6gtninge\/efterladte til de d\u00f8de. Senere hen blev de sunget af betalte gr\u00e6dekoner.<\/p>\n\n\n\n<p><strong>Nixi: <\/strong>Dette var en triade af romerske gudinder som beskyttede kvinder i f\u00f8dsel. De blev ogs\u00e5 kaldt for Di Nixi.<\/p>\n\n\n\n<p><strong>Nona: <\/strong>Nona var en romersk f\u00f8dselsgudinde for den 9. og sidste m\u00e5ned af graviditeten. Hendes navn henleder ogs\u00e5 til netop den 9.<\/p>\n\n\n\n<p><strong>Palatua:<\/strong> Dette var en gudinde og en beskytter af Palatine h\u00f8jen i Rom.<\/p>\n\n\n\n<p><strong>Panda:<\/strong> eller Panda Cela var en gudinde der egentlig ikke rigtig vides noget om men som svagt n\u00e6vnes i flere gamle skrifter.<\/p>\n\n\n\n<p><strong>Partula:<\/strong> Dette var en gudinde for barnef\u00f8dsler.<\/p>\n\n\n\n<p><strong>Pietas: <\/strong>Pietas var en gudinde for barnets k\u00e6rlighed og en personifikation af den pligtm\u00e6ssige hengivenhed og taknemmelige k\u00e6rlighed overfor guder, gudinder, for\u00e6ldre, familie, venner, velyndere,         f\u00e6dreland og fyrster. Hendes navn menes at betyde &#8220;pligtf\u00f8lelse&#8221; eller &#8220;fromhed&#8221;. I Rom blev to templer viet til hende.<\/p>\n\n\n\n<p><strong>Pomona: <\/strong>Dette var en gudinde for frugt og n\u00e6rmere betegnet frugt fra tr\u00e6er og som havde en hellig skov ved navn Pomonal. Hun mentes at have v\u00e6ret Vertumnus&#8217; hustru og Picus&#8217; elskerinde men der findes skrifter som h\u00e6vder at hun var Picus&#8217; hustru.<\/p>\n\n\n\n<p><strong>Populona:<\/strong> H\u00f8jt sandsynligt en tidlig selvst\u00e6ndig romersk gudinde selvom navnet typisk blev set i relation til Juno som Juno Populona. HUn staves desuden ogs\u00e5 Populonia.<\/p>\n\n\n\n<p><strong>Porrima: <\/strong>Romersk gudinde for f\u00f8dsler og muligvis den samme som Prorsa. Hun blev p\u00e5kaldt hvis barnet kom med hovedet f\u00f8rst.<\/p>\n\n\n\n<p><strong>Prorsa: <\/strong>Dette var en romersk gudinde for f\u00f8dsler og menes m\u00e5ske at have v\u00e6ret den samme som Porrima. Hun blev p\u00e5kaldt n\u00e5r barnet viste sig med hovedet f\u00f8rst.<\/p>\n\n\n\n<p><strong>Proserpina: <\/strong>Proserpina var gudinde for frugtbarheden og den spirende s\u00e6d. Senere blev hun herskerinde i underverdenen og kan sammenlignes med den gr\u00e6ske Persephone.<\/p>\n\n\n\n<p><strong>Pudicitia: <\/strong>Dette var den romerske gudinde for \u00e6rbarhed og bluf\u00e6rdighed. Begge blev hun set som en personifikation af. Hun blev typisk afbildet helt tild\u00e6kket. Efterh\u00e5nden som seksualiteten kom mere frem i         mytologien blev hendes kult tilsidst glemt.<\/p>\n\n\n\n<p><strong>Puta:<\/strong> Romersk gudinde for besk\u00e6ring af tr\u00e6er og buske.<\/p>\n\n\n\n<p><strong>Robigo:<\/strong> Dette var gudinden for r\u00e5d i kornet og det kvindelige modstykke til Robigus som hun undertiden blev tilbedt sammen med.<\/p>\n\n\n\n<p><strong>Rumina: <\/strong>Rumina som ogs\u00e5 blev kaldet Diva Rumina var en gudinde og beskytter af ammende m\u00f8dre. Hun havde en helligdom og et helligt figentr\u00e6 ved foden af bjerget Palatin ved Rom. Her blev der ofret til hende hvilket typisk var m\u00e6lk.<\/p>\n\n\n\n<p><strong>Rusina: <\/strong>Dette var en gudinde for marker og\/eller landbrugsjord. Hun staves undertiden ogs\u00e5 Rurina.<\/p>\n\n\n\n<p><strong>Salacia:<\/strong> Salacia var en gudinde for havet og en personifikation p\u00e5 salt vandet. Hun blev sammenlignet med Neptunus og menes oprindeligt at have v\u00e6ret en \u00e5nd for vandet fra kilder.<\/p>\n\n\n\n<p><strong>Seia: <\/strong>Romersk gudinde og beskytter af det s\u00e5et fr\u00f8 n\u00e5r det l\u00e5 i jorden. En statue af hende blev fundet i Circus Maximus, Rom. Hun har muligvis v\u00e6ret en af Indigetterne.<\/p>\n\n\n\n<p><strong>Strenia:<\/strong> Dette var en romersk gudinde for sundhed og styrke. Hun havde en grotte n\u00e6r Rom hvorfra der blev samlet kviste og givet v\u00e6k som gave ved Nyt\u00e5ret. Kvistene blev kaldt for Stenae og mentes at bringe lykke.<\/p>\n\n\n\n<p><strong>Vallonia:<\/strong> eller Vallina var en gudinde for dale.<\/p>\n\n\n\n<p><strong>Venus:<\/strong> Denne har sin egen side. <strong>Link:<\/strong>  <a href=\"https:\/\/natsunivers.dk\/mytes\/?page_id=521\" data-type=\"URL\" data-id=\"https:\/\/natsunivers.dk\/mytes\/?page_id=521\">Venus<\/a><\/p>\n\n\n\n<p><strong>Victoria:<\/strong> Denne har sin egen side. <strong>Link:<\/strong>  <a href=\"https:\/\/natsunivers.dk\/mytes\/?page_id=523\" data-type=\"URL\" data-id=\"https:\/\/natsunivers.dk\/mytes\/?page_id=523\">Victoria<\/a><\/p>\n\n\n\n<p><strong>Virtus:<\/strong> Dette var en gudinde og personifikation for krigerisk tapperhed. Hun menes at v\u00e6re n\u00e6rt besl\u00e6gtet med Honor som ligesom hende selv havde et tempel foran Porta Capena i Rom. En festival i hendes \u00e6re blev afholdt d. 17. juli. Typisk blev hun afbildet som jomfru med hjelm p\u00e5 hovedet og sv\u00e6rd og\/eller lanse i h\u00e5nden.<\/p>\n\n\n\n<p><strong>Vitula:<\/strong> Gudinde for gl\u00e6de og jubel.<\/p>\n","protected":false},"excerpt":{"rendered":"<p>Abeona: Dette var en romersk gudinde som tog sigaf b\u00f8rn n\u00e5r de tog deres f\u00f8rste skridt v\u00e6k fra for\u00e6ldre. Dvs n\u00e5r de forlod hjemmet for f\u00f8rste gang. Acca Larentia: Denne har sin egen side. Link: Acca Larentia Alemona: Dette var en romersk gudinde som tog sig af de uf\u00f8dte b\u00f8rn. Aurora: Aurora var en romersk [&hellip;]<\/p>\n","protected":false},"author":1,"featured_media":0,"parent":0,"menu_order":0,"comment_status":"closed","ping_status":"closed","template":"","meta":[],"_links":{"self":[{"href":"https:\/\/natsunivers.dk\/mytes\/index.php?rest_route=\/wp\/v2\/pages\/649"}],"collection":[{"href":"https:\/\/natsunivers.dk\/mytes\/index.php?rest_route=\/wp\/v2\/pages"}],"about":[{"href":"https:\/\/natsunivers.dk\/mytes\/index.php?rest_route=\/wp\/v2\/types\/page"}],"author":[{"embeddable":true,"href":"https:\/\/natsunivers.dk\/mytes\/index.php?rest_route=\/wp\/v2\/users\/1"}],"replies":[{"embeddable":true,"href":"https:\/\/natsunivers.dk\/mytes\/index.php?rest_route=%2Fwp%2Fv2%2Fcomments&post=649"}],"version-history":[{"count":8,"href":"https:\/\/natsunivers.dk\/mytes\/index.php?rest_route=\/wp\/v2\/pages\/649\/revisions"}],"predecessor-version":[{"id":706,"href":"https:\/\/natsunivers.dk\/mytes\/index.php?rest_route=\/wp\/v2\/pages\/649\/revisions\/706"}],"wp:attachment":[{"href":"https:\/\/natsunivers.dk\/mytes\/index.php?rest_route=%2Fwp%2Fv2%2Fmedia&parent=649"}],"curies":[{"name":"wp","href":"https:\/\/api.w.org\/{rel}","templated":true}]}}