{"id":618,"date":"2023-01-29T19:16:17","date_gmt":"2023-01-29T19:16:17","guid":{"rendered":"https:\/\/natsunivers.dk\/mytes\/?page_id=618"},"modified":"2023-02-26T07:01:32","modified_gmt":"2023-02-26T07:01:32","slug":"hinduistiske-omraader","status":"publish","type":"page","link":"https:\/\/natsunivers.dk\/mytes\/?page_id=618","title":{"rendered":"Hinduistiske Omr\u00e5der"},"content":{"rendered":"\n<div class=\"is-layout-flex wp-container-3 wp-block-columns\">\n<div class=\"is-layout-flow wp-block-column\" style=\"flex-basis:66.66%\">\n<p><strong>Meru Bjerget:<\/strong> Dette var et bjerg best\u00e5ende af guld, s\u00f8lv og \u00e6delsten. Det fungerer som universets centrum og er beliggende i Himalaya hvor den hellige flod Ganges udspringer. Bjergets diameter er dobbelt s\u00e5 stor ved toppen end ved bunden.<br>Tre tinder har bjerget. Hver tinde har sin by. Vishnus&#8217;, Brahmas&#8217; og Shivas&#8217; by.<\/p>\n<\/div>\n\n\n\n<div class=\"is-layout-flow wp-block-column\" style=\"flex-basis:33.33%\"><\/div>\n<\/div>\n","protected":false},"excerpt":{"rendered":"<p>Meru Bjerget: Dette var et bjerg best\u00e5ende af guld, s\u00f8lv og \u00e6delsten. Det fungerer som universets centrum og er beliggende i Himalaya hvor den hellige flod Ganges udspringer. Bjergets diameter er dobbelt s\u00e5 stor ved toppen end ved bunden.Tre tinder har bjerget. Hver tinde har sin by. Vishnus&#8217;, Brahmas&#8217; og Shivas&#8217; by.<\/p>\n","protected":false},"author":1,"featured_media":0,"parent":0,"menu_order":0,"comment_status":"closed","ping_status":"closed","template":"","meta":[],"_links":{"self":[{"href":"https:\/\/natsunivers.dk\/mytes\/index.php?rest_route=\/wp\/v2\/pages\/618"}],"collection":[{"href":"https:\/\/natsunivers.dk\/mytes\/index.php?rest_route=\/wp\/v2\/pages"}],"about":[{"href":"https:\/\/natsunivers.dk\/mytes\/index.php?rest_route=\/wp\/v2\/types\/page"}],"author":[{"embeddable":true,"href":"https:\/\/natsunivers.dk\/mytes\/index.php?rest_route=\/wp\/v2\/users\/1"}],"replies":[{"embeddable":true,"href":"https:\/\/natsunivers.dk\/mytes\/index.php?rest_route=%2Fwp%2Fv2%2Fcomments&post=618"}],"version-history":[{"count":2,"href":"https:\/\/natsunivers.dk\/mytes\/index.php?rest_route=\/wp\/v2\/pages\/618\/revisions"}],"predecessor-version":[{"id":1182,"href":"https:\/\/natsunivers.dk\/mytes\/index.php?rest_route=\/wp\/v2\/pages\/618\/revisions\/1182"}],"wp:attachment":[{"href":"https:\/\/natsunivers.dk\/mytes\/index.php?rest_route=%2Fwp%2Fv2%2Fmedia&parent=618"}],"curies":[{"name":"wp","href":"https:\/\/api.w.org\/{rel}","templated":true}]}}