{"id":616,"date":"2023-02-04T09:52:45","date_gmt":"2023-02-04T09:52:45","guid":{"rendered":"https:\/\/natsunivers.dk\/mytes\/?page_id=616"},"modified":"2023-02-26T10:49:31","modified_gmt":"2023-02-26T10:49:31","slug":"nordiske-guder","status":"publish","type":"page","link":"https:\/\/natsunivers.dk\/mytes\/?page_id=616","title":{"rendered":"Nordiske Guder"},"content":{"rendered":"\n<div class=\"is-layout-flex wp-container-3 wp-block-columns\">\n<div class=\"is-layout-flow wp-block-column\" style=\"flex-basis:66.66%\">\n<p><strong>Balder:<\/strong> Balder er den nordiske lysgud. Endvidere er han gud for for\u00e5ret, renheden, sk\u00f8nheden og retf\u00e6rdigheden. Han er s\u00f8n af Odin og Frigg. Broder er han til H\u00f8der og Hermod. Hans hustru er Nanna med hvem han har barnet Forseti.<br><br><a><strong>Bure:<\/strong><\/a> Bure var gudernes stamfader. Han blev slikket frem af en salt isblok af den hellige ko Audhumle. F\u00f8rste dag kom h\u00e5ret frem, anden dag hovedet og tredje dag kom hele Bure frem. Bure staves desuden ogs\u00e5 Buri og var fader til Borr.<br><br><a><strong>Dag: <\/strong><\/a>Denne gud var en personificering p\u00e5 dagen hvilket ogs\u00e5 tydeligt ses p\u00e5 hans navn. Han var en s\u00f8n af j\u00e6ttekvinden Nat og Asen Delling. Til hustru valgte han den sk\u00f8nne Thora. Af sin moder fik han en k\u00e6rre og af Odin fik han hesten Skinfaxe. Skinfaxe&#8217;s manke kunne oplyse hele verden og n\u00e5r han dagligt k\u00f8rte over himlen forvandlede han nat til dag.<\/p>\n\n\n\n<p><br><a><strong>Delling: <\/strong><\/a>Delling er As og morgenr\u00f8dens gud. Han er gift med j\u00e6ttekvinden Nat som ogs\u00e5 er hans moder. Sammen har de s\u00f8nnen Dag. Delling vogter desuden Brejdablik.<\/p>\n\n\n\n<p><strong>Forsete:<\/strong> Denne har sin egen side. <strong>Link: <\/strong><a href=\"https:\/\/natsunivers.dk\/mytes\/?page_id=190\" data-type=\"URL\" data-id=\"https:\/\/natsunivers.dk\/mytes\/?page_id=190\">Forsete<\/a><br><br><strong>Frej:<\/strong> Denne har sin egen side. <strong>Link: <\/strong><a href=\"https:\/\/natsunivers.dk\/mytes\/?page_id=182\" data-type=\"URL\" data-id=\"https:\/\/natsunivers.dk\/mytes\/?page_id=182\">Frej<br><\/a><br><a><strong>Heimdal:<\/strong><\/a> Heimdal var en nordisk skytsgud. Han var s\u00f8n af 9 j\u00e6ttes\u00f8stre som alle ans\u00e5s for at v\u00e6re jomfruer. Han fungerede som &#8220;Gudernes vogter&#8221; og holdte derfor vagt p\u00e5 Himmelbjerget ved regnbuebroen Bifrost. Herfra skulle han forkynde Ragnaroks begyndelse ved at bl\u00e6se i hans Gjallarhorn. Grunden til at han var s\u00e5 god som vagt var at han havde brug for mindre s\u00f8vn end en fugl. Han s\u00e5 lige godt hvad enten det var nat eller dag og kunne se hele 100 mil frem. Desuden h\u00f8rte han s\u00e5 god at han selv kunne h\u00f8re gr\u00e6sset gro. I den sidste kamp ved Ragnarok var det sagt at han og Loki ville dr\u00e6be hinanden.<\/p>\n\n\n\n<p><a><strong>H\u00f8der: <\/strong><\/a>H\u00f8der var den blinde gud som bed\u00f8mte folk p\u00e5 deres indre v\u00e6rdi i stedet for deres udseende. Han var s\u00f8n af Odin og Frigg og broder til Balder og Hermod.<\/p>\n\n\n\n<p>H\u00f8der var den som uvident sk\u00f8d Balder med den d\u00f8delige misteltens kvist da Loki fortalte ham i hvilken retning han skulle skyde. Som h\u00e6vn over dette dr\u00e6bte hans halvbroder Vali ham. Efter Ragnarok vil b\u00e5de H\u00f8der og Balder vende tilbage og derved blive forsonet ogs\u00e5 herske sammen i den nye verden.<\/p>\n\n\n\n<p><strong>H\u00f8nir: <\/strong>H\u00f8nir er den nordiske vandgud. Sammen med Odin og Lodur skabte han det f\u00f8rste menneskepar; Ask og Embla. Samtidig gav de menneske parret forstand og f\u00f8lelser. Sammen med Mimir blev han efter     fredsslutningen mellem Aserne og Vanerne sendt til Vanerne som gidsel.<\/p>\n\n\n\n<p><strong>Lodur: <\/strong>Lodur er gud for frugtbarhed og menneskeligt f\u00e6llesskab. Desuden en germansk ildgud. sammen med Odin og H\u00f8nir skabte han det f\u00f8rste menneskepar; Ask og Embla. I egenskab af ildgud gav han dem det varme     blod, h\u00f8relse og den sunde kul\u00f8r. Endvidere gav han dem ogs\u00e5 sproget. Nogle mener han     er identisk med Loki. Lodur er Ve, Odins ene bror.<\/p>\n\n\n\n<p><strong>Loki:<\/strong> Denne har sin egen side. Link:  <a href=\"https:\/\/natsunivers.dk\/mytes\/?page_id=299\" data-type=\"URL\" data-id=\"https:\/\/natsunivers.dk\/mytes\/?page_id=299\">Loki<\/a><\/p>\n\n\n\n<p><strong>Odin:<\/strong> Denne har sin egen side. <strong>Link:<\/strong>  <a href=\"https:\/\/natsunivers.dk\/mytes\/?page_id=369\" data-type=\"URL\" data-id=\"https:\/\/natsunivers.dk\/mytes\/?page_id=369\">Odin<\/a><\/p>\n\n\n\n<p><strong>Sat\u00e6re:<\/strong> Guddom for landbrug som menes at v\u00e6re et alter ego for Loki.<\/p>\n\n\n\n<p><strong>Sommer:<\/strong> Dette var en af de tidlige guder. Han var elsket af alle p\u00e5 n\u00e6r af guden Vinter.<\/p>\n\n\n\n<p><strong>Sv\u00e5sud: <\/strong>Dette var en smuk og mild gud. Han var endvidere fader til Sommer.<\/p>\n\n\n\n<p><strong>Thor:<\/strong> Denne har sin egen side. <strong>Link:<\/strong>  <a href=\"https:\/\/natsunivers.dk\/mytes\/?page_id=491\" data-type=\"URL\" data-id=\"https:\/\/natsunivers.dk\/mytes\/?page_id=491\">Thor<\/a><\/p>\n\n\n\n<p><strong>Ull:<\/strong> Denne har sin egen side. <strong>Link:<\/strong>  <a href=\"https:\/\/natsunivers.dk\/mytes\/?page_id=510\" data-type=\"URL\" data-id=\"https:\/\/natsunivers.dk\/mytes\/?page_id=510\">Ull<\/a><\/p>\n\n\n\n<p><strong>Vali: <\/strong>Dette var en nordisk h\u00e6vngud. Han var s\u00f8n af Odin og Rind. Kun en nat gammel h\u00e6vnede han sin halvbroder H\u00f8der&#8217;s d\u00f8d ved at dr\u00e6be sin halvbroder Balder. Efter Ragnarok blev det sagt at han ville vende tilbage sammen med sin halvbroder Vidar til hvad der skulle v\u00e6re den nye fredens verden.<\/p>\n\n\n\n<p><strong>Vidar: <\/strong>S\u00f8n af Odin og j\u00e6ttekvinden Grid. Ved Ragnarok er han bestemt til at h\u00e6vne sin fader Odin&#8217;s d\u00f8d ved at dr\u00e6be Fenrisulven. Han selv overlever og bor i det fredsfyldte Vidi. Hans navn betyder &#8220;den vidt herskende&#8221; og han blev anset som v\u00e6rende en tavs og tilbagetrukken gud.<\/p>\n\n\n\n<p><strong>Vili:<\/strong> Vili var en nordisk urgud og s\u00f8n af urj\u00e6tteparret Borr og Bestla. Af br\u00f8dre havde han Ve og odin som han skabte det f\u00f8rste menneskepar (Ask og Embla) sammen med. Vili var den som gav dem forstand og evnen til at bev\u00e6ge sig. Engang da Odin var borte gjorde han og Ve Odin&#8217;s hustru Frigg til deres f\u00e6lles hustru. Dette var dog kun for en tid for da Odin kom tilbage m\u00e5tte de vige pladsen.<\/p>\n\n\n\n<p><strong>V\u00e5sud:<\/strong> Dette var en meget uvenlig gud der var grum og kold af sind. Han var fader til Vindsval og farfar til Vinter.<\/p>\n\n\n\n<p><strong>\u00c6ttefylgjer:<\/strong> Dette var navnet p\u00e5 nogle skytsguder som var knyttet til en bestemt sl\u00e6gt.<\/p>\n<\/div>\n\n\n\n<div class=\"is-layout-flow wp-block-column\" style=\"flex-basis:33.33%\">\n<script async src=\"https:\/\/pagead2.googlesyndication.com\/pagead\/js\/adsbygoogle.js?client=ca-pub-9147999370744615\"\n     crossorigin=\"anonymous\"><\/script>\n<!-- Ny nats -->\n<ins class=\"adsbygoogle\"\n     style=\"display:block\"\n     data-ad-client=\"ca-pub-9147999370744615\"\n     data-ad-slot=\"2957070328\"\n     data-ad-format=\"auto\"\n     data-full-width-responsive=\"true\"><\/ins>\n<script>\n     (adsbygoogle = window.adsbygoogle || []).push({});\n<\/script>\n<\/div>\n<\/div>\n","protected":false},"excerpt":{"rendered":"<p>Balder: Balder er den nordiske lysgud. Endvidere er han gud for for\u00e5ret, renheden, sk\u00f8nheden og retf\u00e6rdigheden. Han er s\u00f8n af Odin og Frigg. Broder er han til H\u00f8der og Hermod. Hans hustru er Nanna med hvem han har barnet Forseti. Bure: Bure var gudernes stamfader. Han blev slikket frem af en salt isblok af den [&hellip;]<\/p>\n","protected":false},"author":1,"featured_media":0,"parent":0,"menu_order":0,"comment_status":"closed","ping_status":"closed","template":"","meta":[],"_links":{"self":[{"href":"https:\/\/natsunivers.dk\/mytes\/index.php?rest_route=\/wp\/v2\/pages\/616"}],"collection":[{"href":"https:\/\/natsunivers.dk\/mytes\/index.php?rest_route=\/wp\/v2\/pages"}],"about":[{"href":"https:\/\/natsunivers.dk\/mytes\/index.php?rest_route=\/wp\/v2\/types\/page"}],"author":[{"embeddable":true,"href":"https:\/\/natsunivers.dk\/mytes\/index.php?rest_route=\/wp\/v2\/users\/1"}],"replies":[{"embeddable":true,"href":"https:\/\/natsunivers.dk\/mytes\/index.php?rest_route=%2Fwp%2Fv2%2Fcomments&post=616"}],"version-history":[{"count":4,"href":"https:\/\/natsunivers.dk\/mytes\/index.php?rest_route=\/wp\/v2\/pages\/616\/revisions"}],"predecessor-version":[{"id":1251,"href":"https:\/\/natsunivers.dk\/mytes\/index.php?rest_route=\/wp\/v2\/pages\/616\/revisions\/1251"}],"wp:attachment":[{"href":"https:\/\/natsunivers.dk\/mytes\/index.php?rest_route=%2Fwp%2Fv2%2Fmedia&parent=616"}],"curies":[{"name":"wp","href":"https:\/\/api.w.org\/{rel}","templated":true}]}}