{"id":601,"date":"2023-01-29T18:52:40","date_gmt":"2023-01-29T18:52:40","guid":{"rendered":"https:\/\/natsunivers.dk\/mytes\/?page_id=601"},"modified":"2023-01-29T18:52:40","modified_gmt":"2023-01-29T18:52:40","slug":"teiresias","status":"publish","type":"page","link":"https:\/\/natsunivers.dk\/mytes\/?page_id=601","title":{"rendered":"Teiresias"},"content":{"rendered":"\n<p>Dette var en s\u00f8n af nymfen Chariclo og Everes som var en efterkommer af en af Kadmos&#8217; egne m\u00e6nd. Teiresias kom<br>fra Theben og blev anset som v\u00e6rende en vis mand selvom han var blind. Han var ikke f\u00f8dt blind men blev dette p\u00e5 en af f\u00f8lgende m\u00e5der.<br>Den f\u00f8rste myte fort\u00e6ller at Teiresias en dag s\u00e5 gudinden Athene bade og hun derfor holdte ham for \u00f8jnene hvilket fjernede hans syn.<br>Hans moder bad Athene give ham synet tilbage men da det ikke var muligt gav hun ham i stedet en s\u00e5 god h\u00f8relse at han kunne forst\u00e5<br>fuglenes sprog. Desuden gav hun ham en gylden stav til at hj\u00e6lpe ham p\u00e5 hans vandringer.<br>Den anden myte beretter at Teiresias en dag s\u00e5 to slanger der parrede sig og at han med sin stok slog dem. Denne gerning forvandlede<br>ham til en kvinde hvilket han levede som et stykke tid. Sk\u00e6bnen ville dog at han igen s\u00e5 to slanger der parrede sig og han forvandlede<br>sig tilbage til en mand.<br>Hera og Zeus havde en diskussion i gang om &#8220;hvilket k\u00f8n der har mest forn\u00f8jelse af at elske&#8221;. Vidende at Teiresias havde pr\u00f8vet at<br>v\u00e6re begge k\u00f8n kaldte de ham til sig og bad ham afg\u00f8re diskussionen. Teiresias svarede at kvinden fik 9 gange st\u00f8rre forn\u00f8jelse af det<br>end manden og dette behagede ikke Hera. Rasende blindede hun Teiresias som straf mens Zeus gav ham sp\u00e5domskraft og et liv 7 gange<br>l\u00e6ngere end normale d\u00f8delige.<br>Myterne gjorde Teiresias til seer og tegntyder og han menes at have v\u00e6re s\u00e5 vis at hans \u00e5nd selv efter d\u00f8den bevarede visdommen<br>da han ikke blev grebet af glemsomhed ligesom resten af underverdens beboere. Teiresias advarede mange i sin tid som f.eks. Odysseus<br>som han advarede mod at g\u00f8re Helios&#8217; okser fortr\u00e6d. Teiresias var ogs\u00e5 den der advarede Pentheus om Dionysus&#8217; identitet noget der kunne have<br>reddet Pentheus&#8217; liv hvis han ellers havde lyttet. Da \u00d8dipus af Delfi Oraklet fik at vide at han var ansvarlig for den pest der hjems\u00f8gte<br>thebanerne var Teiresias den der bekr\u00e6ftede det.<\/p>\n","protected":false},"excerpt":{"rendered":"<p>Dette var en s\u00f8n af nymfen Chariclo og Everes som var en efterkommer af en af Kadmos&#8217; egne m\u00e6nd. Teiresias komfra Theben og blev anset som v\u00e6rende en vis mand selvom han var blind. Han var ikke f\u00f8dt blind men blev dette p\u00e5 en af f\u00f8lgende m\u00e5der.Den f\u00f8rste myte fort\u00e6ller at Teiresias en dag s\u00e5 [&hellip;]<\/p>\n","protected":false},"author":1,"featured_media":0,"parent":0,"menu_order":0,"comment_status":"closed","ping_status":"closed","template":"","meta":[],"_links":{"self":[{"href":"https:\/\/natsunivers.dk\/mytes\/index.php?rest_route=\/wp\/v2\/pages\/601"}],"collection":[{"href":"https:\/\/natsunivers.dk\/mytes\/index.php?rest_route=\/wp\/v2\/pages"}],"about":[{"href":"https:\/\/natsunivers.dk\/mytes\/index.php?rest_route=\/wp\/v2\/types\/page"}],"author":[{"embeddable":true,"href":"https:\/\/natsunivers.dk\/mytes\/index.php?rest_route=\/wp\/v2\/users\/1"}],"replies":[{"embeddable":true,"href":"https:\/\/natsunivers.dk\/mytes\/index.php?rest_route=%2Fwp%2Fv2%2Fcomments&post=601"}],"version-history":[{"count":1,"href":"https:\/\/natsunivers.dk\/mytes\/index.php?rest_route=\/wp\/v2\/pages\/601\/revisions"}],"predecessor-version":[{"id":602,"href":"https:\/\/natsunivers.dk\/mytes\/index.php?rest_route=\/wp\/v2\/pages\/601\/revisions\/602"}],"wp:attachment":[{"href":"https:\/\/natsunivers.dk\/mytes\/index.php?rest_route=%2Fwp%2Fv2%2Fmedia&parent=601"}],"curies":[{"name":"wp","href":"https:\/\/api.w.org\/{rel}","templated":true}]}}