{"id":576,"date":"2023-01-29T17:53:53","date_gmt":"2023-01-29T17:53:53","guid":{"rendered":"https:\/\/natsunivers.dk\/mytes\/?page_id=576"},"modified":"2023-02-25T08:59:55","modified_gmt":"2023-02-25T08:59:55","slug":"fal-stenen","status":"publish","type":"page","link":"https:\/\/natsunivers.dk\/mytes\/?page_id=576","title":{"rendered":"F\u00e1l-stenen"},"content":{"rendered":"\n<div class=\"is-layout-flex wp-container-3 wp-block-columns\">\n<div class=\"is-layout-flow wp-block-column\" style=\"flex-basis:66.66%\">\n<p>F\u00e1l-stenen, F\u00e1l eller s\u00e5gar penis stenen var en stor aflang sten beliggende i Temair\/Tara, som if\u00f8lge myten afgav lyd n\u00e5r Irland&#8217;s retm\u00e6ssige konge tr\u00e5dte p\u00e5 den.<br>Stenen skulle v\u00e6re smal og h\u00f8j som en mand. Det mentes at stenen var blevet bragt til Irland af enten Tuatha D\u00e9 Danann eller<br>Milersene.<br>I gamle keltiske tekster omtales den som Lia F\u00e1il.<\/p>\n<\/div>\n\n\n\n<div class=\"is-layout-flow wp-block-column\" style=\"flex-basis:33.33%\">\n<script async src=\"https:\/\/pagead2.googlesyndication.com\/pagead\/js\/adsbygoogle.js?client=ca-pub-9147999370744615\"\n     crossorigin=\"anonymous\"><\/script>\n<!-- Ny nats -->\n<ins class=\"adsbygoogle\"\n     style=\"display:block\"\n     data-ad-client=\"ca-pub-9147999370744615\"\n     data-ad-slot=\"2957070328\"\n     data-ad-format=\"auto\"\n     data-full-width-responsive=\"true\"><\/ins>\n<script>\n     (adsbygoogle = window.adsbygoogle || []).push({});\n<\/script>\n<\/div>\n<\/div>\n","protected":false},"excerpt":{"rendered":"<p>F\u00e1l-stenen, F\u00e1l eller s\u00e5gar penis stenen var en stor aflang sten beliggende i Temair\/Tara, som if\u00f8lge myten afgav lyd n\u00e5r Irland&#8217;s retm\u00e6ssige konge tr\u00e5dte p\u00e5 den.Stenen skulle v\u00e6re smal og h\u00f8j som en mand. Det mentes at stenen var blevet bragt til Irland af enten Tuatha D\u00e9 Danann ellerMilersene.I gamle keltiske tekster omtales den som [&hellip;]<\/p>\n","protected":false},"author":1,"featured_media":0,"parent":0,"menu_order":0,"comment_status":"closed","ping_status":"closed","template":"","meta":[],"_links":{"self":[{"href":"https:\/\/natsunivers.dk\/mytes\/index.php?rest_route=\/wp\/v2\/pages\/576"}],"collection":[{"href":"https:\/\/natsunivers.dk\/mytes\/index.php?rest_route=\/wp\/v2\/pages"}],"about":[{"href":"https:\/\/natsunivers.dk\/mytes\/index.php?rest_route=\/wp\/v2\/types\/page"}],"author":[{"embeddable":true,"href":"https:\/\/natsunivers.dk\/mytes\/index.php?rest_route=\/wp\/v2\/users\/1"}],"replies":[{"embeddable":true,"href":"https:\/\/natsunivers.dk\/mytes\/index.php?rest_route=%2Fwp%2Fv2%2Fcomments&post=576"}],"version-history":[{"count":2,"href":"https:\/\/natsunivers.dk\/mytes\/index.php?rest_route=\/wp\/v2\/pages\/576\/revisions"}],"predecessor-version":[{"id":1100,"href":"https:\/\/natsunivers.dk\/mytes\/index.php?rest_route=\/wp\/v2\/pages\/576\/revisions\/1100"}],"wp:attachment":[{"href":"https:\/\/natsunivers.dk\/mytes\/index.php?rest_route=%2Fwp%2Fv2%2Fmedia&parent=576"}],"curies":[{"name":"wp","href":"https:\/\/api.w.org\/{rel}","templated":true}]}}