{"id":572,"date":"2023-01-29T17:52:40","date_gmt":"2023-01-29T17:52:40","guid":{"rendered":"https:\/\/natsunivers.dk\/mytes\/?page_id=572"},"modified":"2023-02-25T08:18:46","modified_gmt":"2023-02-25T08:18:46","slug":"deukalion-pyrrha","status":"publish","type":"page","link":"https:\/\/natsunivers.dk\/mytes\/?page_id=572","title":{"rendered":"Deukalion &amp; Pyrrha"},"content":{"rendered":"\n<div class=\"is-layout-flex wp-container-3 wp-block-columns\">\n<div class=\"is-layout-flow wp-block-column\" style=\"flex-basis:66.66%\">\n<p>Disse var halv gud\/inde og stamfor\u00e6ldre til Hellerne. Deukalion var s\u00f8n af Prometheus mens Pyrrha var datter af Epimetheus<br>og Pandora.<br>Da Zeus fik nok af menneskenes synder sendte han den Deukaliske syndflod men Prometheus havde forinden advaret Deukalion og Pyrrha.<br>Ved hj\u00e6lp af en ark af tr\u00e6 reddede de livet ved at opholde sig i den i 9 dage og 9 n\u00e6tter indtil den strandede p\u00e5 Parnassos.<br>Her skabte de den nye sl\u00e6gt Hellerne ved at kaste sten over skuldereb. De sten Deukalion kastede blev til m\u00e6nd mens de der blev kastet af Pyrrha blev til kvinder.<\/p>\n<\/div>\n\n\n\n<div class=\"is-layout-flow wp-block-column\" style=\"flex-basis:33.33%\">\n<script async src=\"https:\/\/pagead2.googlesyndication.com\/pagead\/js\/adsbygoogle.js?client=ca-pub-9147999370744615\"\n     crossorigin=\"anonymous\"><\/script>\n<!-- Ny nats -->\n<ins class=\"adsbygoogle\"\n     style=\"display:block\"\n     data-ad-client=\"ca-pub-9147999370744615\"\n     data-ad-slot=\"2957070328\"\n     data-ad-format=\"auto\"\n     data-full-width-responsive=\"true\"><\/ins>\n<script>\n     (adsbygoogle = window.adsbygoogle || []).push({});\n<\/script>\n<\/div>\n<\/div>\n","protected":false},"excerpt":{"rendered":"<p>Disse var halv gud\/inde og stamfor\u00e6ldre til Hellerne. Deukalion var s\u00f8n af Prometheus mens Pyrrha var datter af Epimetheusog Pandora.Da Zeus fik nok af menneskenes synder sendte han den Deukaliske syndflod men Prometheus havde forinden advaret Deukalion og Pyrrha.Ved hj\u00e6lp af en ark af tr\u00e6 reddede de livet ved at opholde sig i den i [&hellip;]<\/p>\n","protected":false},"author":1,"featured_media":0,"parent":0,"menu_order":0,"comment_status":"closed","ping_status":"closed","template":"","meta":[],"_links":{"self":[{"href":"https:\/\/natsunivers.dk\/mytes\/index.php?rest_route=\/wp\/v2\/pages\/572"}],"collection":[{"href":"https:\/\/natsunivers.dk\/mytes\/index.php?rest_route=\/wp\/v2\/pages"}],"about":[{"href":"https:\/\/natsunivers.dk\/mytes\/index.php?rest_route=\/wp\/v2\/types\/page"}],"author":[{"embeddable":true,"href":"https:\/\/natsunivers.dk\/mytes\/index.php?rest_route=\/wp\/v2\/users\/1"}],"replies":[{"embeddable":true,"href":"https:\/\/natsunivers.dk\/mytes\/index.php?rest_route=%2Fwp%2Fv2%2Fcomments&post=572"}],"version-history":[{"count":2,"href":"https:\/\/natsunivers.dk\/mytes\/index.php?rest_route=\/wp\/v2\/pages\/572\/revisions"}],"predecessor-version":[{"id":1068,"href":"https:\/\/natsunivers.dk\/mytes\/index.php?rest_route=\/wp\/v2\/pages\/572\/revisions\/1068"}],"wp:attachment":[{"href":"https:\/\/natsunivers.dk\/mytes\/index.php?rest_route=%2Fwp%2Fv2%2Fmedia&parent=572"}],"curies":[{"name":"wp","href":"https:\/\/api.w.org\/{rel}","templated":true}]}}