{"id":564,"date":"2023-02-11T17:15:46","date_gmt":"2023-02-11T17:15:46","guid":{"rendered":"https:\/\/natsunivers.dk\/mytes\/?page_id=564"},"modified":"2023-02-25T14:02:06","modified_gmt":"2023-02-25T14:02:06","slug":"graeske-gudinder","status":"publish","type":"page","link":"https:\/\/natsunivers.dk\/mytes\/?page_id=564","title":{"rendered":"Gr\u00e6ske Gudinder"},"content":{"rendered":"\n<div class=\"is-layout-flex wp-container-3 wp-block-columns\">\n<div class=\"is-layout-flow wp-block-column\" style=\"flex-basis:66.66%\">\n<p><strong>Afrodite:<\/strong> Denne har f\u00e5et sin egen side. <strong>Link: <\/strong><a href=\"https:\/\/natsunivers.dk\/mytes\/?page_id=47\" data-type=\"URL\" data-id=\"https:\/\/natsunivers.dk\/mytes\/?page_id=47\">Afrodite<\/a><\/p>\n\n\n\n<p><strong>Athene: <\/strong>Denne har f\u00e5et sin egen side. <strong>Link: <\/strong><a href=\"https:\/\/natsunivers.dk\/mytes\/?page_id=69\" data-type=\"URL\" data-id=\"https:\/\/natsunivers.dk\/mytes\/?page_id=69\">Athene<\/a><\/p>\n\n\n\n<p><strong>Artemis: <\/strong>Denne har f\u00e5et sin egen side. <strong>Link:<\/strong> <a href=\"https:\/\/natsunivers.dk\/mytes\/?page_id=65\" data-type=\"URL\" data-id=\"https:\/\/natsunivers.dk\/mytes\/?page_id=65\">Artemis<\/a><\/p>\n\n\n\n<p><strong>Baubo:<\/strong> Denne har f\u00e5et sin egen side. <strong>Link:<\/strong> <a href=\"https:\/\/natsunivers.dk\/mytes\/?page_id=81\" data-type=\"URL\" data-id=\"https:\/\/natsunivers.dk\/mytes\/?page_id=81\">Baubo<\/a><\/p>\n\n\n\n<p><strong>Bia: <\/strong>Gudinde for kraft. Hun var datter af underverdensgudinden Styx og derved s\u00f8ster til Kratos som var gud for styrke.<\/p>\n\n\n\n<p><strong>Charites: <\/strong>Disse har f\u00e5et sin egen side. <strong>Link:<\/strong> <a href=\"https:\/\/natsunivers.dk\/mytes\/?page_id=172\" data-type=\"URL\" data-id=\"https:\/\/natsunivers.dk\/mytes\/?page_id=172\">Charites<\/a><\/p>\n\n\n\n<p><strong>Demeter: <\/strong>Demeter var datter af Kronos og Rhea. Endvidere var hun den gr\u00e6ske gudinde for plantev\u00e6kst og frugtbarhed. Af d\u00f8tre havde hun en, nemlig Kore som blev bortf\u00f8rt af Hades.<\/p>\n\n\n\n<p><strong>Dike: <\/strong>Denne har f\u00e5et sin egen side. <strong>Link: <\/strong><a href=\"https:\/\/natsunivers.dk\/mytes\/?page_id=121\" data-type=\"URL\" data-id=\"https:\/\/natsunivers.dk\/mytes\/?page_id=121\">Dike<\/a><\/p>\n\n\n\n<p><strong>Elektra: <\/strong>Elektra var en flodgudinde og en af Okeaniderne. Hun var datter af Okeanos og Tethys. Hendes \u00e6gtemand var Thaumas og hendes b\u00f8rn var Iris og Harpierne.<\/p>\n\n\n\n<p><strong>Eos: <\/strong>Denne har f\u00e5et sin egen side. <strong>Link:<\/strong> <a href=\"https:\/\/natsunivers.dk\/mytes\/?page_id=145\" data-type=\"URL\" data-id=\"https:\/\/natsunivers.dk\/mytes\/?page_id=145\">Eos<\/a><\/p>\n\n\n\n<p><strong>Gaia: <\/strong>Denne har f\u00e5et sin egen side. <strong>Link: <\/strong><a href=\"https:\/\/natsunivers.dk\/mytes\/?page_id=192\" data-type=\"URL\" data-id=\"https:\/\/natsunivers.dk\/mytes\/?page_id=192\">Gaia<\/a><\/p>\n\n\n\n<p><strong>Harmonia: <\/strong>Dette var en gudinde og en personifikation af symmetri, proportion og harmoni. Datter var hun af Afrodite og krigsguden Ares. Selv var hun hustru til kong Kadmos med hvem hun havde b\u00f8rnene Ino, Autono\u00eb, Agave, Polydorus og Semele. Ved hendes bryllup modtog hun en gave fra guderne. Gaven var en halsk\u00e6de smedet af Hephaistos og som ville bringe ford\u00e6rv og ulykke over dens ejer.<\/p>\n\n\n\n<p><strong>Hebe:<\/strong> Denne har f\u00e5et sin egen side. <strong>Link: <\/strong><a href=\"https:\/\/natsunivers.dk\/mytes\/?page_id=230\" data-type=\"URL\" data-id=\"https:\/\/natsunivers.dk\/mytes\/?page_id=230\">Hebe<\/a><\/p>\n\n\n\n<p><strong>Hera:<\/strong> Denne har f\u00e5et sin egen side. <strong>Link:<\/strong> <a href=\"https:\/\/natsunivers.dk\/mytes\/?page_id=697\" data-type=\"URL\" data-id=\"https:\/\/natsunivers.dk\/mytes\/?page_id=697\">Hera<\/a><\/p>\n\n\n\n<p><strong>Hestia:<\/strong> Denne har f\u00e5et sin egen side. <strong>Link:<\/strong> <a href=\"https:\/\/natsunivers.dk\/mytes\/?page_id=885\" data-type=\"URL\" data-id=\"https:\/\/natsunivers.dk\/mytes\/?page_id=885\">Hestia<\/a><\/p>\n\n\n\n<p><strong>Hygieia:<\/strong> Hygieia eller Hygia p\u00e5 latinsk var den gr\u00e6sk gudinde for sundhed. Hun var datter af Asklepios. Endvidere var hendes hellige dyr slangen.<\/p>\n\n\n\n<p><strong>Irene:<\/strong> Dette var en gr\u00e6sk gudinde for fred. Hun er identisk med den romerske gudinde Pax.<\/p>\n\n\n\n<p><strong>Iris: <\/strong>Iris er gudinden og personifikantion af regnbuen som forbinder himlen og jorden. Det er ogs\u00e5 af den hun stiger ned til jorden. Foruden at v\u00e6re en gudinde, er hun ogs\u00e5 Hera&#8217;s tjenerinde og sendebud til menneskene. Hun er datter af Thaumas og Okeaninden Elektra. Typisk afbildes Iris med vinger og heroldstav.<\/p>\n\n\n\n<p><strong>Kamyne:<\/strong> I Olympia var dette tilnavn til gudinden Demeter. Navnet betyder den jordiske.<\/p>\n\n\n\n<p><strong>Ker:<\/strong> Ker var en d\u00f8dsgudinde og en skadevoldende d\u00e6mon. Hun var desuden en personifikation af d\u00f8dens lod. Ker var datter af Nyx og s\u00f8ster til Thanatos, Hypnos, Momos, Nemesis og Eris.<\/p>\n\n\n\n<p><strong>Kotys: <\/strong>Dette var en gr\u00e6sk-thrakisk vegetations og frugtbarheds gudinde som blev sammenlignet med Kybele. De natlige Kotyttias menes at have v\u00e6ret afholdt i hendes \u00e6re. Andre stavem\u00e5der: Cotys, Cotytto.<\/p>\n\n\n\n<p><strong>Ktonia: <\/strong>Tilnavn til gudinden Demeter brugt i Hermione. Her blev der ofret af gangen 4 k\u00f8er til hende ved at drive dem ind i hendes tempel, lukke d\u00f8rene hvorefter 4 gamle kvinder slagtede dem i hendes \u00e6re med en kornsegl.<\/p>\n\n\n\n<p><strong>Leto: <\/strong>Denne har sin egen side. <strong>Link:<\/strong> <a href=\"https:\/\/natsunivers.dk\/mytes\/?page_id=288\" data-type=\"URL\" data-id=\"https:\/\/natsunivers.dk\/mytes\/?page_id=288\">Leto<\/a><\/p>\n\n\n\n<p><strong>Metis: <\/strong>Metis var gudinden for klogskab og visdom. Hun var datter af Titanerne Okeanos og Tethys. Endvidere var hun Zeus&#8217; f\u00f8rste hustru. Mens hun ventede deres barn Athene slugte Zeus hende i midlertidig, da det var blevet sagt at en s\u00f8n af Metis ville styrte Zeus.<\/p>\n\n\n\n<p><strong>Moirer:<\/strong> Moirerne er de gr\u00e6ske sk\u00e6bne gudinder. De er alle tre d\u00f8tre af Zeus og Themis og afbildes som gamle koner med ten, skriftrulle og saks. Tilsammen bestemmer de menneskernes lod i livet, men hver har de deres opgave.<\/p>\n\n\n\n<ul>\n<li>Klotho (spinderinden) er den som spinder livstr\u00e5den.<\/li>\n\n\n\n<li>Lachesis (Lodtildeleren) tvinder tr\u00e5den og g\u00f8r den st\u00e6rk.<\/li>\n\n\n\n<li>Atropos (uafvendelige) er den som klipper den over og derved bestemmer livets l\u00e6ngde.<\/li>\n<\/ul>\n\n\n\n<p><strong>Nemesis:<\/strong> Gudinde for det rette m\u00e5l og for geng\u00e6ldelse. Desuden gudinde for v\u00e6ddekampe. Hun giver enhver det der tilkommer ham af lykke og ret og udm\u00e5ler straffen for beg\u00e5et uret og hybris (overmod). Endvidere er hun datter af Nyx og er s\u00f8ster til Ker, Thanatos, Hypnos, Momos og Eris.<\/p>\n\n\n\n<p><strong>Nike: <\/strong>Dette var en gudinde for sejren s\u00e5vel i krig som i sportslige og musiske konkurrencer og i retten. Hun var datter af Styx og Pallas. Endvidere var hun gudernes sendebud. Byen Nice har f\u00e5et navn efter hende. Typisk blev hun afbildet sv\u00e6vende eller bevinget med en palmegren og laurb\u00e6rkrans. Nike svarer til den romerske Victoria.<\/p>\n\n\n\n<p><strong>Peitho: <\/strong>Dette var en datter af Afrodite og Hermes. Hun var gudinde og en personifikation af overtalelsen. Hun var en del af Afrodite&#8217;s f\u00f8lge.<\/p>\n\n\n\n<p><strong>Perse: <\/strong>Den gr\u00e6ske m\u00e5negudinde, is\u00e6r for nym\u00e5nen. Hun menes at v\u00e6re en personifikation p\u00e5 Selenes underjordiske aspekt. Perse er hustru til Helios og med ham moder til Kirke og Pasipha\u00eb. Af andre navne har hun: Perseis og Neaira.<\/p>\n\n\n\n<p><strong>Persephone:<\/strong> Denne har sin egen side. <strong>Link:<\/strong> <a href=\"https:\/\/natsunivers.dk\/mytes\/?page_id=407\" data-type=\"URL\" data-id=\"https:\/\/natsunivers.dk\/mytes\/?page_id=407\">Persephone<\/a><\/p>\n\n\n\n<p><strong>Phoebe: <\/strong>Dette var orakelgudinden i Delphi f\u00f8r Apollon kom til. Hun var en af de 12 titaner og en datter af Gaia og Uranos. Hustru var hun til Koios og moder var hun til Asteri og Leto. Hun staves desuden ogs\u00e5 Phoibe.<\/p>\n\n\n\n<p><strong>Theia:<\/strong> Theia er det latinske navn for diva. Hun er gudinden for lyset og stjernerne, samtidig med at hun er en af de 12 Titaner. Theia er datter af Gaia og Uranos; og b\u00e5de Hyperions s\u00f8ster og hustru. Moder er hun til Helios, Selene og Eos.<\/p>\n\n\n\n<p><strong>Tyche:<\/strong> Denne har sin egen side. <strong>Link:<\/strong> <a href=\"https:\/\/natsunivers.dk\/mytes\/?page_id=497\" data-type=\"URL\" data-id=\"https:\/\/natsunivers.dk\/mytes\/?page_id=497\">Tyche<\/a><\/p>\n<\/div>\n\n\n\n<div class=\"is-layout-flow wp-block-column\" style=\"flex-basis:33.33%\">\n<script async src=\"https:\/\/pagead2.googlesyndication.com\/pagead\/js\/adsbygoogle.js?client=ca-pub-9147999370744615\"\n     crossorigin=\"anonymous\"><\/script>\n<!-- Ny nats -->\n<ins class=\"adsbygoogle\"\n     style=\"display:block\"\n     data-ad-client=\"ca-pub-9147999370744615\"\n     data-ad-slot=\"2957070328\"\n     data-ad-format=\"auto\"\n     data-full-width-responsive=\"true\"><\/ins>\n<script>\n     (adsbygoogle = window.adsbygoogle || []).push({});\n<\/script>\n<\/div>\n<\/div>\n","protected":false},"excerpt":{"rendered":"<p>Afrodite: Denne har f\u00e5et sin egen side. Link: Afrodite Athene: Denne har f\u00e5et sin egen side. Link: Athene Artemis: Denne har f\u00e5et sin egen side. Link: Artemis Baubo: Denne har f\u00e5et sin egen side. Link: Baubo Bia: Gudinde for kraft. Hun var datter af underverdensgudinden Styx og derved s\u00f8ster til Kratos som var gud for [&hellip;]<\/p>\n","protected":false},"author":1,"featured_media":0,"parent":0,"menu_order":0,"comment_status":"closed","ping_status":"closed","template":"","meta":[],"_links":{"self":[{"href":"https:\/\/natsunivers.dk\/mytes\/index.php?rest_route=\/wp\/v2\/pages\/564"}],"collection":[{"href":"https:\/\/natsunivers.dk\/mytes\/index.php?rest_route=\/wp\/v2\/pages"}],"about":[{"href":"https:\/\/natsunivers.dk\/mytes\/index.php?rest_route=\/wp\/v2\/types\/page"}],"author":[{"embeddable":true,"href":"https:\/\/natsunivers.dk\/mytes\/index.php?rest_route=\/wp\/v2\/users\/1"}],"replies":[{"embeddable":true,"href":"https:\/\/natsunivers.dk\/mytes\/index.php?rest_route=%2Fwp%2Fv2%2Fcomments&post=564"}],"version-history":[{"count":16,"href":"https:\/\/natsunivers.dk\/mytes\/index.php?rest_route=\/wp\/v2\/pages\/564\/revisions"}],"predecessor-version":[{"id":1134,"href":"https:\/\/natsunivers.dk\/mytes\/index.php?rest_route=\/wp\/v2\/pages\/564\/revisions\/1134"}],"wp:attachment":[{"href":"https:\/\/natsunivers.dk\/mytes\/index.php?rest_route=%2Fwp%2Fv2%2Fmedia&parent=564"}],"curies":[{"name":"wp","href":"https:\/\/api.w.org\/{rel}","templated":true}]}}