{"id":55,"date":"2023-01-29T11:24:53","date_gmt":"2023-01-29T11:24:53","guid":{"rendered":"https:\/\/natsunivers.dk\/mytes\/?page_id=55"},"modified":"2023-02-18T08:31:08","modified_gmt":"2023-02-18T08:31:08","slug":"anubis","status":"publish","type":"page","link":"https:\/\/natsunivers.dk\/mytes\/?page_id=55","title":{"rendered":"Anubis"},"content":{"rendered":"\n<div class=\"is-layout-flex wp-container-3 wp-block-columns\">\n<div class=\"is-layout-flow wp-block-column\" style=\"flex-basis:66.66%\">\n<p>Anubis blev oprindeligt regnet for at v\u00e6re den 4. s\u00f8n af Ra men senere siges han at v\u00e6re s\u00f8n af v\u00e6kstguden Osiris og Nephtys.<br><\/p>\n\n\n\n<p>Nephtys var gift med Seth og skjulte derfor Anubis efter f\u00f8dslen i Nil deltaets sumpe for at beskytte ham. Der blev Anubis fundet<br>af modergudinden Isis som opfostrede ham.<\/p>\n\n\n\n<p><br>Anubis ledsagede sin fader Osiris p\u00e5 hans rejser rundt i verden og da Osiris senere blev dr\u00e6bt af Seth tog Anubis sig af begravelsen.<br>Liget omvandt han med kl\u00e6de og skabte derved den f\u00f8rste mumie.<br>Efter dette blev han betragtet som &#8220;herren over mumieindpakning&#8221; og &#8220;skaberen af begravelsesritualet&#8221;. Han blev anset som v\u00e6rende en d\u00f8dsgud og han deltog da ogs\u00e5 i dommen af de d\u00f8de ved at veje deres hjerter p\u00e5 Maat&#8217;s v\u00e6gt. de retskafne d\u00f8de bragte han til Osiris&#8217; trone.<\/p>\n\n\n\n<p><br>Han var en skytsgud for gravpladser og de d\u00f8de. Derfor medbragte d\u00f8de gerne statuer og figurer af Anubis til at beskytte dem.<br>Anubis blev afbildet som en liggende sjakal eller som menneske med sjakalhoved.<\/p>\n\n\n\n<p><br>Anubis er senere blevet identificeret med den gr\u00e6ske gud Hermes.<\/p>\n<\/div>\n\n\n\n<div class=\"is-layout-flow wp-block-column\" style=\"flex-basis:33.33%\">\n<script async src=\"https:\/\/pagead2.googlesyndication.com\/pagead\/js\/adsbygoogle.js?client=ca-pub-9147999370744615\"\n     crossorigin=\"anonymous\"><\/script>\n<!-- Ny nats -->\n<ins class=\"adsbygoogle\"\n     style=\"display:block\"\n     data-ad-client=\"ca-pub-9147999370744615\"\n     data-ad-slot=\"2957070328\"\n     data-ad-format=\"auto\"\n     data-full-width-responsive=\"true\"><\/ins>\n<script>\n     (adsbygoogle = window.adsbygoogle || []).push({});\n<\/script>\n<\/div>\n<\/div>\n","protected":false},"excerpt":{"rendered":"<p>Anubis blev oprindeligt regnet for at v\u00e6re den 4. s\u00f8n af Ra men senere siges han at v\u00e6re s\u00f8n af v\u00e6kstguden Osiris og Nephtys. Nephtys var gift med Seth og skjulte derfor Anubis efter f\u00f8dslen i Nil deltaets sumpe for at beskytte ham. Der blev Anubis fundetaf modergudinden Isis som opfostrede ham. Anubis ledsagede sin [&hellip;]<\/p>\n","protected":false},"author":1,"featured_media":0,"parent":0,"menu_order":0,"comment_status":"closed","ping_status":"closed","template":"","meta":[],"_links":{"self":[{"href":"https:\/\/natsunivers.dk\/mytes\/index.php?rest_route=\/wp\/v2\/pages\/55"}],"collection":[{"href":"https:\/\/natsunivers.dk\/mytes\/index.php?rest_route=\/wp\/v2\/pages"}],"about":[{"href":"https:\/\/natsunivers.dk\/mytes\/index.php?rest_route=\/wp\/v2\/types\/page"}],"author":[{"embeddable":true,"href":"https:\/\/natsunivers.dk\/mytes\/index.php?rest_route=\/wp\/v2\/users\/1"}],"replies":[{"embeddable":true,"href":"https:\/\/natsunivers.dk\/mytes\/index.php?rest_route=%2Fwp%2Fv2%2Fcomments&post=55"}],"version-history":[{"count":2,"href":"https:\/\/natsunivers.dk\/mytes\/index.php?rest_route=\/wp\/v2\/pages\/55\/revisions"}],"predecessor-version":[{"id":1011,"href":"https:\/\/natsunivers.dk\/mytes\/index.php?rest_route=\/wp\/v2\/pages\/55\/revisions\/1011"}],"wp:attachment":[{"href":"https:\/\/natsunivers.dk\/mytes\/index.php?rest_route=%2Fwp%2Fv2%2Fmedia&parent=55"}],"curies":[{"name":"wp","href":"https:\/\/api.w.org\/{rel}","templated":true}]}}