{"id":548,"date":"2023-01-29T17:42:15","date_gmt":"2023-01-29T17:42:15","guid":{"rendered":"https:\/\/natsunivers.dk\/mytes\/?page_id=548"},"modified":"2023-01-29T17:42:15","modified_gmt":"2023-01-29T17:42:15","slug":"voelse","status":"publish","type":"page","link":"https:\/\/natsunivers.dk\/mytes\/?page_id=548","title":{"rendered":"V\u00f8lse"},"content":{"rendered":"\n<p>Dette var et hingstelem (en fallos) som i fort\u00e6llingen Volsa-p\u00e1ttr bliver en form for kultgenstand i en ramhedensk tro hos en bondefamilie.<br>Hver aften tog den dominerende bondekone det stadig voksende lem frem, sang en vise for det og sendte den s\u00e5 videre indtil alle familiemedlemmer<br>havde sunget for det.<br>Det siges at kong Olav efter et bes\u00f8g hos dem overbeviste dem om den rette tro s\u00e5 de alle lod sig d\u00f8be i kristendommen.<br>Eftersom guden Frej er t\u00e6t forbundet med b\u00e5de heste og frugtbarhed s\u00e5 er det meget n\u00e6rliggende at mist\u00e6nke der kan have v\u00e6ret tale om en privat<br>kult for ham.<\/p>\n","protected":false},"excerpt":{"rendered":"<p>Dette var et hingstelem (en fallos) som i fort\u00e6llingen Volsa-p\u00e1ttr bliver en form for kultgenstand i en ramhedensk tro hos en bondefamilie.Hver aften tog den dominerende bondekone det stadig voksende lem frem, sang en vise for det og sendte den s\u00e5 videre indtil alle familiemedlemmerhavde sunget for det.Det siges at kong Olav efter et bes\u00f8g [&hellip;]<\/p>\n","protected":false},"author":1,"featured_media":0,"parent":0,"menu_order":0,"comment_status":"closed","ping_status":"closed","template":"","meta":[],"_links":{"self":[{"href":"https:\/\/natsunivers.dk\/mytes\/index.php?rest_route=\/wp\/v2\/pages\/548"}],"collection":[{"href":"https:\/\/natsunivers.dk\/mytes\/index.php?rest_route=\/wp\/v2\/pages"}],"about":[{"href":"https:\/\/natsunivers.dk\/mytes\/index.php?rest_route=\/wp\/v2\/types\/page"}],"author":[{"embeddable":true,"href":"https:\/\/natsunivers.dk\/mytes\/index.php?rest_route=\/wp\/v2\/users\/1"}],"replies":[{"embeddable":true,"href":"https:\/\/natsunivers.dk\/mytes\/index.php?rest_route=%2Fwp%2Fv2%2Fcomments&post=548"}],"version-history":[{"count":1,"href":"https:\/\/natsunivers.dk\/mytes\/index.php?rest_route=\/wp\/v2\/pages\/548\/revisions"}],"predecessor-version":[{"id":549,"href":"https:\/\/natsunivers.dk\/mytes\/index.php?rest_route=\/wp\/v2\/pages\/548\/revisions\/549"}],"wp:attachment":[{"href":"https:\/\/natsunivers.dk\/mytes\/index.php?rest_route=%2Fwp%2Fv2%2Fmedia&parent=548"}],"curies":[{"name":"wp","href":"https:\/\/api.w.org\/{rel}","templated":true}]}}