{"id":535,"date":"2023-02-11T16:39:52","date_gmt":"2023-02-11T16:39:52","guid":{"rendered":"https:\/\/natsunivers.dk\/mytes\/?page_id=535"},"modified":"2023-02-25T13:58:11","modified_gmt":"2023-02-25T13:58:11","slug":"graeske-andre-personer","status":"publish","type":"page","link":"https:\/\/natsunivers.dk\/mytes\/?page_id=535","title":{"rendered":"Gr\u00e6ske Andre Personer"},"content":{"rendered":"\n<div class=\"is-layout-flex wp-container-3 wp-block-columns\">\n<div class=\"is-layout-flow wp-block-column\" style=\"flex-basis:66.66%\">\n<p><strong>Akamas:<\/strong> Denne har f\u00e5et sin egen side. <strong>Link: <\/strong><a href=\"https:\/\/natsunivers.dk\/mytes\/?page_id=83\" data-type=\"URL\" data-id=\"https:\/\/natsunivers.dk\/mytes\/?page_id=83\">Akamas<\/a><\/p>\n\n\n\n<p><strong>Amazonerne:<\/strong> Disse har f\u00e5et deres egen side. <strong>Link:<\/strong> <a href=\"https:\/\/natsunivers.dk\/mytes\/?page_id=154\" data-type=\"URL\" data-id=\"https:\/\/natsunivers.dk\/mytes\/?page_id=154\">Amazonerne<\/a><\/p>\n\n\n\n<p><strong>Antaios:<\/strong> Dette var en k\u00e6mpe og bryder fra Libyen og en s\u00f8n af havguden Poseidon og jordgudinden Gaia. Han fik sine m\u00e6gtige kr\u00e6fter ra ber\u00f8ring fra jorden og f\u00f8lte sig derfor uovervindelig. Alle som han m\u00f8dte p\u00e5 sin vej udfordrede han til kamp og dr\u00e6bte dem. Dette fortsatte dog kun indtil han m\u00f8dte Herakles og denne l\u00f8ftede ham fra jorden og kvalte ham. Navnet Antaios betyder &#8220;han som m\u00f8der&#8221;.<\/p>\n\n\n\n<p><strong>Arachne:<\/strong> Denne har f\u00e5et sin egen side. <strong>Link:<\/strong> <a href=\"https:\/\/natsunivers.dk\/mytes\/?page_id=113\" data-type=\"URL\" data-id=\"https:\/\/natsunivers.dk\/mytes\/?page_id=113\">Arachne<\/a><\/p>\n\n\n\n<p><strong>Ariadne: <\/strong>Denne har f\u00e5et sin egen side. <strong>Link:<\/strong> <a href=\"https:\/\/natsunivers.dk\/mytes\/?page_id=91\" data-type=\"URL\" data-id=\"https:\/\/natsunivers.dk\/mytes\/?page_id=91\">Ariadne<\/a><\/p>\n\n\n\n<p><strong>Arion: <\/strong>Sanger\/musiker fra Lesbos som faldt i h\u00e6nderne p\u00e5 nogle s\u00f8r\u00f8vere p\u00e5 overfarten fra Syditalien. Efter de havde udplyndret blev han tvunget til at springe overbord. Her reddede en delfin ham og sv\u00f8mmede ham ind til kysten, alt imens han spillede sin lyre til \u00e6re for Apollon, som ogs\u00e5 siges at v\u00e6re den der sendte delfinen ud for at redde sin ynglings musiker.<\/p>\n\n\n\n<p><strong>Atalante:<\/strong> Denne har f\u00e5et sin egen side. <strong>Link: <\/strong><a href=\"https:\/\/natsunivers.dk\/mytes\/?page_id=109\" data-type=\"URL\" data-id=\"https:\/\/natsunivers.dk\/mytes\/?page_id=109\">Atalante<\/a><\/p>\n\n\n\n<p><strong>Attis:<\/strong> Gudinden Nana gik en dag forbi mandeltr\u00e6et (Agdistis&#8217; afrevne genitalier) og fandt en nedfaldet mandel. Mandlen placeret hun ved sin barm men denne forsvandt og i stedet var hun pludselig gravid. Efter at have f\u00f8dt en dreng satte hun ham ud uden \u00f8nske om at beholde ham. Drengen blev i midlertidig reddet og kaldet Attis. Efter at v\u00e6re blevet en ung mand skulle han giftes med kongens datter. Attis&#8217; far\/mor Agdistis havde dog forelsket sig i drengen og dukkede op til brylluppet. Da Attis s\u00e5 ham\/hende blev han grebet af vanvid og kasterede sig selv hvilket bet\u00f8d at han d\u00f8de af blodmangel. Agdistis bad Zeus om at lade drengen leve men eneste han kunne g\u00f8re var at Attis&#8217; h\u00e5r fortsat voksede         og hans lillefinger kunne bev\u00e6ge sig efter d\u00f8den.<\/p>\n\n\n\n<p><strong>Charon:<\/strong> Denne har f\u00e5et sin egen side. <strong>Link: <\/strong><a href=\"https:\/\/natsunivers.dk\/mytes\/?page_id=103\" data-type=\"URL\" data-id=\"https:\/\/natsunivers.dk\/mytes\/?page_id=103\">Charon<\/a><\/p>\n\n\n\n<p><strong>Dafne:<\/strong> Denne har f\u00e5et sin egen side. <strong>Link:<\/strong> <a href=\"https:\/\/natsunivers.dk\/mytes\/?page_id=117\" data-type=\"URL\" data-id=\"https:\/\/natsunivers.dk\/mytes\/?page_id=117\">Dafne<\/a><\/p>\n\n\n\n<p><strong>Daidalos:<\/strong> Daidalos var en gr\u00e6sk kunstner og bygmester fra Athen. Samtidig var han opfinder af kunsth\u00e5ndv\u00e6rket. Han var s\u00f8n af Metion og Iphinoe, og fader til Ikaros. Af ting Daidalos lavede kan n\u00e6vnes koen af tr\u00e6 til Pasipha\u00eb og Labyrinthos til kong Minos s\u00e5 han kunne huse Minatauros. Senere gav han Ariadne r\u00e5d om at give Theseus en garnn\u00f8gle med ind i Labyrinthos hvilket Minos lod ham indesp\u00e6rre for.  Han blev indesp\u00e6rret i Labyrinthos sammen med sin s\u00f8n Ikaros. Daidalos lavede i midlertidig nogle vinger af voks og fjer s\u00e5 de kunne flygte. Sammen flygtede de ud i friheden men Ikaros kom for n\u00e6r solen s\u00e5 voksen smeltede og han styrtede ned. Daidalos derimod n\u00e5ede i god behold til Sicilien.<\/p>\n\n\n\n<p><strong>Danaider:<\/strong> Disse har f\u00e5et deres egen side. <strong>Link:<\/strong> <a href=\"https:\/\/natsunivers.dk\/mytes\/?page_id=531\" data-type=\"URL\" data-id=\"https:\/\/natsunivers.dk\/mytes\/?page_id=531\">Danaider<\/a><\/p>\n\n\n\n<p><strong>Deukalion &amp; Pyrrha:<\/strong> Disse har f\u00e5et deres egen side. <strong>Link:<\/strong> <a href=\"https:\/\/natsunivers.dk\/mytes\/?page_id=572\" data-type=\"URL\" data-id=\"https:\/\/natsunivers.dk\/mytes\/?page_id=572\">Deukalion &amp; Pyrrha<\/a><\/p>\n\n\n\n<p><strong>Dioskurerne: <\/strong>Disse har f\u00e5et deres egen side. <strong>Link:<\/strong> <a href=\"https:\/\/natsunivers.dk\/mytes\/?page_id=533\" data-type=\"URL\" data-id=\"https:\/\/natsunivers.dk\/mytes\/?page_id=533\">Dioskurerne<\/a><\/p>\n\n\n\n<p><strong>Dirke:<\/strong> Disse har f\u00e5et deres egen side. <strong>Link:<\/strong> <a href=\"https:\/\/natsunivers.dk\/mytes\/?page_id=870\" data-type=\"URL\" data-id=\"https:\/\/natsunivers.dk\/mytes\/?page_id=870\">Dirke<\/a><\/p>\n\n\n\n<p><strong>Dolon:<\/strong> Trojaner som Odysseus og Diomedes fangede, forh\u00f8rte og dr\u00e6bte da de vovede sig ind i den fjendtlige lejr ved Troja for at spejde.<\/p>\n\n\n\n<p><strong>Doros:<\/strong> Dette var en s\u00f8n af Hellen og nymfen Orseis. Han var stamfader til Dorerne.<\/p>\n\n\n\n<p><strong>Epigonoi:<\/strong> Dette var en gruppe af efterkommere af &#8220;de syv mod Theben&#8221;. Ti \u00e5r efter at deres f\u00e6dre havde mistet livet i et mislykket fors\u00f8g p\u00e5 at erobre Theben, erobrede gruppen byen under ledelse af Adrastos.<\/p>\n\n\n\n<p><strong>Exekias: <\/strong>Attiske vasemaler is\u00e6r kendt for at skildre Dionysos p\u00e5 vej over havet til Gr\u00e6kenland.<\/p>\n\n\n\n<p><strong>Hermaphroditos:<\/strong> Hermaphroditos var barn af Hermes og Afrodite. Desuden var han en tvek\u00f8nnet guddom. Kildenymfen Salmaki var forelsket i ham men da han ikke geng\u00e6ldte hendes k\u00e6rlighed valgte hun at forene sig med ham da han kom til hendes kilde for at bade. Fra da af var han et dobbeltk\u00f8nnet v\u00e6sen. Man mente at alle der badede i kilden efter ville blive til hermaphroditer.<\/p>\n\n\n\n<p><strong>Herse: <\/strong>N\u00e6vnes som v\u00e6rende en datter af Selene og Zeus men da hendes navn betyder &#8220;nattens dug&#8221; ligesom kong Kekrops datter af samme navn er der h\u00f8jst sandsynligt tale om en og samme person. I hvert fald vides der ikke mere om hende.<\/p>\n\n\n\n<p><strong>Hesperiderne: <\/strong>Disse har f\u00e5et deres egen side. <strong>Link:<\/strong> <a href=\"https:\/\/natsunivers.dk\/mytes\/?page_id=405\" data-type=\"URL\" data-id=\"https:\/\/natsunivers.dk\/mytes\/?page_id=405\">Hesperiderne<\/a><\/p>\n\n\n\n<p><strong>Ifthime: <\/strong>Dette var en s\u00f8ster til Penelope. Hun var gift med Eumelos fra Ferai.<\/p>\n\n\n\n<p><strong>Kassandra:<\/strong> Denne har f\u00e5et sin egen side. <strong>Link:<\/strong> <a href=\"https:\/\/natsunivers.dk\/mytes\/?page_id=688\" data-type=\"URL\" data-id=\"https:\/\/natsunivers.dk\/mytes\/?page_id=688\">Kassandra<\/a><\/p>\n\n\n\n<p><strong>Laokoon:<\/strong> Laokoon var en af Poseidon&#8217;s pr\u00e6ster. Ved Troja pr\u00f8vede han at advare trojanerne om at tage imod gr\u00e6kernes gave; den Trojanske hest. Advarelsen nyttede dog intet eftersom at to s\u00f8slanger kom op fra havet, slyngede sig om ham og hans to s\u00f8nner hvorefter de forsvandt i havet. Trojanerne s\u00e5 dette som v\u00e6rende gudernes m\u00e5de at sige at han l\u00f8j p\u00e5 og de tog hesten indenfor deres mure.<\/p>\n\n\n\n<p><strong>Marpessa:<\/strong> Dette var en datter af Evenus Og Alcippe. Hun var trolovet til den d\u00f8delige Idas men Apollon kidnappede hende for at f\u00e5 hende. Hun frygtede i midlertidig at Apollon der ikke selv \u00e6ldes ville forlade hende n\u00e5r hun blev gammel og foretrak derfor stadig Idas.<\/p>\n\n\n\n<p><strong>Megara:<\/strong> Denne person har f\u00e5et sin egen side. <strong>Link:<\/strong> <a href=\"https:\/\/natsunivers.dk\/mytes\/?page_id=311\" data-type=\"URL\" data-id=\"https:\/\/natsunivers.dk\/mytes\/?page_id=311\">Megara<\/a><\/p>\n\n\n\n<p><strong>Myrtilos: <\/strong>Dette var en s\u00f8n af Kleobule og Hermes. Han var vognstyrer for kong Oinomaos af Pisa. Bestukket af Pelops satte han aksler af voks p\u00e5 sin herres vogn hvilket for\u00e5rsagede dennes d\u00f8d. Myrtilos tog afsted for at ops\u00f8ge Pelops der lige havde vundet Oinomaos&#8217; datter som kone. Da Myrtilos kom derhen var Pelops borte for at hente vand til sin kone. Myrtilos der selv var forelsket i hende fors\u00f8gte at voldtage hende. Kort efter kom Pelops tilbage og da han s\u00e5 hvad Myrtilos havde gang i styrtede han ham i havet. Nogle myter beretter at Hermes skulle have sat sin s\u00f8n p\u00e5 himlen som Auriga (kusken). Efter hans d\u00f8d siges Myrtilos at v\u00e6re til at finde blandt lovovertr\u00e6derne i Tartaros.<\/p>\n\n\n\n<p><strong>Narkissos:<\/strong> Denne har f\u00e5et sin egen side. <strong>Link:<\/strong> <a href=\"https:\/\/natsunivers.dk\/mytes\/?page_id=403\" data-type=\"URL\" data-id=\"https:\/\/natsunivers.dk\/mytes\/?page_id=403\">Narkissos<\/a><\/p>\n\n\n\n<p><strong>Nausikaa:<\/strong> Dette var en datter af Kong Alkinoos beboende p\u00e5 \u00f8en Skerie. Her m\u00f8dte hun Odysseus som havde lidt skibsbrud.<\/p>\n\n\n\n<p><strong>Nefele:<\/strong> Gift med kong Athamas med hvem hun havde 2 b\u00f8rn, indtil han skrottede hende for Ino. Da Ino pr\u00f8vede at komme af med b\u00f8rnene f.eks. ved at forfalske nogle orakelsvar der gjorde at Frixos skulle ofres, kom Nefele sine b\u00f8rn til unds\u00e6tning riddende p\u00e5 en v\u00e6dder hun havde f\u00e5et af Hermes.<\/p>\n\n\n\n<p><strong>Noemon: <\/strong>Noemon var ejeren af det skib som Telemachos l\u00e5nte og benyttede i sin s\u00f8gen efter hans fader Odysseus.<\/p>\n\n\n\n<p><strong>Orion:<\/strong> Denne person har f\u00e5et sin egen side. <strong>Link:<\/strong> <a href=\"https:\/\/natsunivers.dk\/mytes\/?page_id=379\" data-type=\"URL\" data-id=\"https:\/\/natsunivers.dk\/mytes\/?page_id=379\">Orion<\/a><\/p>\n\n\n\n<p><strong>Pandion: <\/strong>Dette var en s\u00f8n af Phineus og Cleopatra. Han blev sammen med sin broder Plexippos anklaget af deres stedmor Idaia for at have fors\u00f8gt sig p\u00e5 hende. Phineus valgte at tro sin kone og blindede derfor begge drenge hvilket Argonauterne senere afstraffede ham for.<\/p>\n\n\n\n<p><strong>Peisistratos:<\/strong> Dette var en s\u00f8n af kong Nestor. Han ledsagede Telemaches p\u00e5 dennes s\u00f8gen efter hans fader Odysseus.<\/p>\n\n\n\n<p><strong>Pelopia:<\/strong> Denne har f\u00e5et sin egen side. <strong>Link:<\/strong> <a href=\"https:\/\/natsunivers.dk\/mytes\/?page_id=397\" data-type=\"URL\" data-id=\"https:\/\/natsunivers.dk\/mytes\/?page_id=397\">Pelopia<\/a><\/p>\n\n\n\n<p><strong>Pha\u00ebton:<\/strong> Om denne person findes flere historier. F\u00f8rste er at han er s\u00f8n af Eos og Cephalus. Afrodite valgte at stj\u00e6le ham og g\u00f8re ham til nattevogter ved hendes helligdomme. Her gav Kretanerne ham navnet Adymnus hvilket forbinder ham med morgen- og aftenstjernen. I en anden er hans fader Tithonos som igen er s\u00f8n af Cephalus. Helt anderledes bliver det s\u00e5 til geng\u00e6ld i enkelte fort\u00e6llinger hvor det er navnet p\u00e5 Eos&#8217; hest.<\/p>\n\n\n\n<p><strong>Phaidra\/Faidra:<\/strong> Denne person har f\u00e5et sin egen side. <strong>Link:<\/strong> <a href=\"https:\/\/natsunivers.dk\/mytes\/?page_id=417\" data-type=\"URL\" data-id=\"https:\/\/natsunivers.dk\/mytes\/?page_id=417\">Phaidra<\/a><\/p>\n\n\n\n<p><strong>Pheidippides:<\/strong> Athensk budbringer som l\u00f8b efter spartansk hj\u00e6lp i 490 f.kr. da Perserne n\u00e5ede Marathon. Det siges at guden Pan gav ham kr\u00e6fterne til den lange rejse.<\/p>\n\n\n\n<p><strong>Plexippos:<\/strong> Dette var en s\u00f8n af Phineus og Cleopatra. Han blev sammen med sin broder Pandion anklaget af deres stedmor Idaia for at have fors\u00f8gt sig p\u00e5 hende. Phineus valgte at tro sin kone og blindede derfor begge drenge hvilket Argonauterne senere afstraffede ham for.<\/p>\n\n\n\n<p><strong>Polexena: <\/strong>Priamos&#8217; datter som Achilleus fik lovnong p\u00e5 under kampen om Troja. Da han i midlertidig blev dr\u00e6bt f\u00f8r erobringen blev det kr\u00e6vet at hun skulle f\u00f8lge ham til underverdenen hvilket gjorde at hun blev ofret.<\/p>\n\n\n\n<p><strong>Polydamna: <\/strong>Dette var Thon&#8217;s hustru.<\/p>\n\n\n\n<p><strong>Procris: <\/strong>Denne har f\u00e5et sin egen side. <strong>Link:<\/strong> <a href=\"https:\/\/natsunivers.dk\/mytes\/?page_id=409\" data-type=\"URL\" data-id=\"https:\/\/natsunivers.dk\/mytes\/?page_id=409\">Procris<\/a><\/p>\n\n\n\n<p><strong>Prokrustes:<\/strong> Dette var et utyske ved Eleusis som \u00f8vede vold mod sine egne g\u00e6ster. For at de skulle passe til den seng de skulle l\u00e6gge i strakte han dem enten ud eller knuste deres f\u00f8dder med en hammer. Han blev senere dr\u00e6bt af Theseus p\u00e5 samme voldsomme m\u00e5de.<\/p>\n\n\n\n<p><strong>Pythia:<\/strong> Pythia var en orakelpr\u00e6stinde i Apollon&#8217;s tempel i Delphi. Her gav hun, siddende p\u00e5 en trefod, orakler inspireret af Apollon. Pr\u00e6sterne viderebragte disse orakler p\u00e5 vers.<\/p>\n\n\n\n<p><strong>Sarpedon:<\/strong> Denne person har f\u00e5et sin egen side. <strong>Link:<\/strong> <a href=\"https:\/\/natsunivers.dk\/mytes\/?page_id=446\" data-type=\"URL\" data-id=\"https:\/\/natsunivers.dk\/mytes\/?page_id=446\">Sarpedon<\/a><\/p>\n\n\n\n<p><strong>Sidero: <\/strong>Kong Salmoneus fra Ellis&#8217; anden hustru og derved stedmoder til hans datter Tyro. Hun behandlede Tyro p\u00e5 rigtig stedmoder vis nemlig forf\u00e6rdeligt, s\u00e5 da Tyro skulle have tvillingedrengene Pelias og Neleus f\u00f8lte hun sig presset til at s\u00e6tte dem ud. De blev sat i en kurb i bjergene hvorfra de blev reddet og opfostret s\u00e5 Pelias senere kunne dr\u00e6be Sidero i Hera&#8217;s tempel. Hendes navn menes at betyde &#8220;den jernh\u00e5rde&#8221;.<\/p>\n\n\n\n<p><strong>Skiron\/Sciron: <\/strong>Denne har f\u00e5et sin egen side. <strong>Link:<\/strong> <a href=\"https:\/\/natsunivers.dk\/mytes\/?page_id=460\" data-type=\"URL\" data-id=\"https:\/\/natsunivers.dk\/mytes\/?page_id=460\">Skiron<\/a><\/p>\n\n\n\n<p><strong>Teucer: <\/strong>Dette var en s\u00f8n af Telamon og stedbror til Ajax. Teucer var med til at erobere Troja og blev p\u00e5 vejen hjem derfra bandlyst af sin fader fordi han ikke havde h\u00e6vnet sig p\u00e5 Odysseus for sin broders d\u00f8d.<\/p>\n\n\n\n<p><strong>Thamyris:<\/strong> Digter som pralede af at v\u00e6re s\u00e5 god han kunne helt selv uden hj\u00e6lp fra Muserne. Muserne blev forn\u00e6rmet og valgte at straffe ham ved at frar\u00f8ve ham hans syn og erindring.<\/p>\n\n\n\n<p><strong>Teiresias: <\/strong>Denne har sin egen side. <strong>Link:<\/strong> <a href=\"https:\/\/natsunivers.dk\/mytes\/?page_id=601\" data-type=\"URL\" data-id=\"https:\/\/natsunivers.dk\/mytes\/?page_id=601\">Teiresias<\/a><\/p>\n\n\n\n<p><strong>Tityos:<\/strong> Tityos var en jordf\u00f8dt k\u00e6mpe fra Euboia som blev dr\u00e6bt af Apollon&#8217;s og Artemis&#8217; pile da han pr\u00f8vede at voldtage deres moder Leto. Derefter blev han l\u00e6nket udstrakt p\u00e5 jorden i Tartaros hvor to gribbe hakker i hans lever. Leveren vokser straks ud igen.<\/p>\n\n\n\n<p><strong>Xuthos: <\/strong>Dette var en s\u00f8n af Hellen og bror til Doros og Aiolos. Han endte med at blive stamfader til Ionerne.<\/p>\n<\/div>\n\n\n\n<div class=\"is-layout-flow wp-block-column\" style=\"flex-basis:33.33%\">\n<script async src=\"https:\/\/pagead2.googlesyndication.com\/pagead\/js\/adsbygoogle.js?client=ca-pub-9147999370744615\"\n     crossorigin=\"anonymous\"><\/script>\n<!-- Ny nats -->\n<ins class=\"adsbygoogle\"\n     style=\"display:block\"\n     data-ad-client=\"ca-pub-9147999370744615\"\n     data-ad-slot=\"2957070328\"\n     data-ad-format=\"auto\"\n     data-full-width-responsive=\"true\"><\/ins>\n<script>\n     (adsbygoogle = window.adsbygoogle || []).push({});\n<\/script>\n<\/div>\n<\/div>\n","protected":false},"excerpt":{"rendered":"<p>Akamas: Denne har f\u00e5et sin egen side. Link: Akamas Amazonerne: Disse har f\u00e5et deres egen side. Link: Amazonerne Antaios: Dette var en k\u00e6mpe og bryder fra Libyen og en s\u00f8n af havguden Poseidon og jordgudinden Gaia. Han fik sine m\u00e6gtige kr\u00e6fter ra ber\u00f8ring fra jorden og f\u00f8lte sig derfor uovervindelig. Alle som han m\u00f8dte p\u00e5 [&hellip;]<\/p>\n","protected":false},"author":1,"featured_media":0,"parent":0,"menu_order":0,"comment_status":"closed","ping_status":"closed","template":"","meta":[],"_links":{"self":[{"href":"https:\/\/natsunivers.dk\/mytes\/index.php?rest_route=\/wp\/v2\/pages\/535"}],"collection":[{"href":"https:\/\/natsunivers.dk\/mytes\/index.php?rest_route=\/wp\/v2\/pages"}],"about":[{"href":"https:\/\/natsunivers.dk\/mytes\/index.php?rest_route=\/wp\/v2\/types\/page"}],"author":[{"embeddable":true,"href":"https:\/\/natsunivers.dk\/mytes\/index.php?rest_route=\/wp\/v2\/users\/1"}],"replies":[{"embeddable":true,"href":"https:\/\/natsunivers.dk\/mytes\/index.php?rest_route=%2Fwp%2Fv2%2Fcomments&post=535"}],"version-history":[{"count":14,"href":"https:\/\/natsunivers.dk\/mytes\/index.php?rest_route=\/wp\/v2\/pages\/535\/revisions"}],"predecessor-version":[{"id":1130,"href":"https:\/\/natsunivers.dk\/mytes\/index.php?rest_route=\/wp\/v2\/pages\/535\/revisions\/1130"}],"wp:attachment":[{"href":"https:\/\/natsunivers.dk\/mytes\/index.php?rest_route=%2Fwp%2Fv2%2Fmedia&parent=535"}],"curies":[{"name":"wp","href":"https:\/\/api.w.org\/{rel}","templated":true}]}}