{"id":533,"date":"2023-01-29T17:36:15","date_gmt":"2023-01-29T17:36:15","guid":{"rendered":"https:\/\/natsunivers.dk\/mytes\/?page_id=533"},"modified":"2023-02-25T08:23:20","modified_gmt":"2023-02-25T08:23:20","slug":"dioskurerne","status":"publish","type":"page","link":"https:\/\/natsunivers.dk\/mytes\/?page_id=533","title":{"rendered":"Dioskurerne"},"content":{"rendered":"\n<div class=\"is-layout-flex wp-container-3 wp-block-columns\">\n<div class=\"is-layout-flow wp-block-column\" style=\"flex-basis:66.66%\">\n<p>Dette var et broderpar ved navn Kastor og Polydeukes. Deres for\u00e6ldre var Zeus og Leda, dog n\u00e6vnes Tyndareos som fader til Kastor i enkelte myter. Deres navn betyder &#8220;Zeus&#8217; s\u00f8nner&#8221;.<br>Helena og Klytaimestra var deres (halv)-s\u00f8stre og f\u00f8rst n\u00e6vnte reddede de en gang da Theseus havde r\u00f8vet hende. Dioskurerne red omkring og hjalp folk i krig eller n\u00f8d. De deltog i mange togter\/heltegerninger der i blandt Argonauternestoget.<br>Kastor mentes i nogle myter at have Tyndareos som fader hvilket gjorde at han var d\u00f8delig mens broderen Polydeukes var ud\u00f8delig.<br>Dette \u00e6ndrede dog ikke p\u00e5 at br\u00f8drene var uadskillige og altid fulgtes ad.<br>Da Kastor d\u00f8de ved Idas&#8217; h\u00e5nd bad Polydeukes derfor sin fader Zeus om at lide samme sk\u00e6bne. Zeus bestemte dog ikke n\u00e5r det kom til Hades men gjorde i stedet s\u00e5 de hver anden dag opholdte sig sammen i Hades og ellers p\u00e5 Olympen.<br>Zeus satte dem ogs\u00e5 p\u00e5 himlen som stjernebilledet Tvillingerne (Gemini). Myter beretter at br\u00f8drene \u00e5benbarede sig som ild<br>p\u00e5 skibenes master, det som kaldes St. Elms ild. Skulle man m\u00f8de parret ville det efterlade en f\u00f8lelse af lykke.<\/p>\n<\/div>\n\n\n\n<div class=\"is-layout-flow wp-block-column\" style=\"flex-basis:33.33%\">\n<script async src=\"https:\/\/pagead2.googlesyndication.com\/pagead\/js\/adsbygoogle.js?client=ca-pub-9147999370744615\"\n     crossorigin=\"anonymous\"><\/script>\n<!-- Ny nats -->\n<ins class=\"adsbygoogle\"\n     style=\"display:block\"\n     data-ad-client=\"ca-pub-9147999370744615\"\n     data-ad-slot=\"2957070328\"\n     data-ad-format=\"auto\"\n     data-full-width-responsive=\"true\"><\/ins>\n<script>\n     (adsbygoogle = window.adsbygoogle || []).push({});\n<\/script>\n<\/div>\n<\/div>\n","protected":false},"excerpt":{"rendered":"<p>Dette var et broderpar ved navn Kastor og Polydeukes. Deres for\u00e6ldre var Zeus og Leda, dog n\u00e6vnes Tyndareos som fader til Kastor i enkelte myter. Deres navn betyder &#8220;Zeus&#8217; s\u00f8nner&#8221;.Helena og Klytaimestra var deres (halv)-s\u00f8stre og f\u00f8rst n\u00e6vnte reddede de en gang da Theseus havde r\u00f8vet hende. Dioskurerne red omkring og hjalp folk i krig [&hellip;]<\/p>\n","protected":false},"author":1,"featured_media":0,"parent":0,"menu_order":0,"comment_status":"closed","ping_status":"closed","template":"","meta":[],"_links":{"self":[{"href":"https:\/\/natsunivers.dk\/mytes\/index.php?rest_route=\/wp\/v2\/pages\/533"}],"collection":[{"href":"https:\/\/natsunivers.dk\/mytes\/index.php?rest_route=\/wp\/v2\/pages"}],"about":[{"href":"https:\/\/natsunivers.dk\/mytes\/index.php?rest_route=\/wp\/v2\/types\/page"}],"author":[{"embeddable":true,"href":"https:\/\/natsunivers.dk\/mytes\/index.php?rest_route=\/wp\/v2\/users\/1"}],"replies":[{"embeddable":true,"href":"https:\/\/natsunivers.dk\/mytes\/index.php?rest_route=%2Fwp%2Fv2%2Fcomments&post=533"}],"version-history":[{"count":2,"href":"https:\/\/natsunivers.dk\/mytes\/index.php?rest_route=\/wp\/v2\/pages\/533\/revisions"}],"predecessor-version":[{"id":1074,"href":"https:\/\/natsunivers.dk\/mytes\/index.php?rest_route=\/wp\/v2\/pages\/533\/revisions\/1074"}],"wp:attachment":[{"href":"https:\/\/natsunivers.dk\/mytes\/index.php?rest_route=%2Fwp%2Fv2%2Fmedia&parent=533"}],"curies":[{"name":"wp","href":"https:\/\/api.w.org\/{rel}","templated":true}]}}