{"id":53,"date":"2023-01-29T11:23:29","date_gmt":"2023-01-29T11:23:29","guid":{"rendered":"https:\/\/natsunivers.dk\/mytes\/?page_id=53"},"modified":"2023-02-18T07:57:04","modified_gmt":"2023-02-18T07:57:04","slug":"alkmene","status":"publish","type":"page","link":"https:\/\/natsunivers.dk\/mytes\/?page_id=53","title":{"rendered":"Alkmene"},"content":{"rendered":"\n<div class=\"is-layout-flex wp-container-3 wp-block-columns\">\n<div class=\"is-layout-flow wp-block-column\" style=\"flex-basis:66.66%\">\n<p>Foruden at v\u00e6re en heltinde er Alkmene ogs\u00e5 stammoder til Herakliderne. Hun er datter af Elektryon og Anaxo. Da hun n\u00e5ede den rette alder giftede hun sig med Amphitryon. Alkmene har to s\u00f8nner, tvillinger men de har hver deres fader.<\/p>\n\n\n\n<p>Zeus havde udvalgt Alkmene til at b\u00e6re hans ene barn og ops\u00f8gte hende derfor i skikkelse af hendes mand i dennes frav\u00e6r. Dagen efter vendte Amphitryon tilbage fra feltet og det gik op for Alkmene at det var Zeus og ikke hendes mand, hun havde tilbragt natten med.<\/p>\n\n\n\n<p>9 m\u00e5neder senere f\u00f8dte hun s\u00e5 to s\u00f8nner. Iphikles som var s\u00f8n af Amphitryon og Herakles som var s\u00f8n af Zeus.<\/p>\n<\/div>\n\n\n\n<div class=\"is-layout-flow wp-block-column\" style=\"flex-basis:33.33%\">\n<script async src=\"https:\/\/pagead2.googlesyndication.com\/pagead\/js\/adsbygoogle.js?client=ca-pub-9147999370744615\"\n     crossorigin=\"anonymous\"><\/script>\n<!-- Ny nats -->\n<ins class=\"adsbygoogle\"\n     style=\"display:block\"\n     data-ad-client=\"ca-pub-9147999370744615\"\n     data-ad-slot=\"2957070328\"\n     data-ad-format=\"auto\"\n     data-full-width-responsive=\"true\"><\/ins>\n<script>\n     (adsbygoogle = window.adsbygoogle || []).push({});\n<\/script>\n<\/div>\n<\/div>\n\n\n\n<p><\/p>\n","protected":false},"excerpt":{"rendered":"<p>Foruden at v\u00e6re en heltinde er Alkmene ogs\u00e5 stammoder til Herakliderne. Hun er datter af Elektryon og Anaxo. Da hun n\u00e5ede den rette alder giftede hun sig med Amphitryon. Alkmene har to s\u00f8nner, tvillinger men de har hver deres fader. Zeus havde udvalgt Alkmene til at b\u00e6re hans ene barn og ops\u00f8gte hende derfor i [&hellip;]<\/p>\n","protected":false},"author":1,"featured_media":0,"parent":0,"menu_order":0,"comment_status":"closed","ping_status":"closed","template":"","meta":[],"_links":{"self":[{"href":"https:\/\/natsunivers.dk\/mytes\/index.php?rest_route=\/wp\/v2\/pages\/53"}],"collection":[{"href":"https:\/\/natsunivers.dk\/mytes\/index.php?rest_route=\/wp\/v2\/pages"}],"about":[{"href":"https:\/\/natsunivers.dk\/mytes\/index.php?rest_route=\/wp\/v2\/types\/page"}],"author":[{"embeddable":true,"href":"https:\/\/natsunivers.dk\/mytes\/index.php?rest_route=\/wp\/v2\/users\/1"}],"replies":[{"embeddable":true,"href":"https:\/\/natsunivers.dk\/mytes\/index.php?rest_route=%2Fwp%2Fv2%2Fcomments&post=53"}],"version-history":[{"count":2,"href":"https:\/\/natsunivers.dk\/mytes\/index.php?rest_route=\/wp\/v2\/pages\/53\/revisions"}],"predecessor-version":[{"id":985,"href":"https:\/\/natsunivers.dk\/mytes\/index.php?rest_route=\/wp\/v2\/pages\/53\/revisions\/985"}],"wp:attachment":[{"href":"https:\/\/natsunivers.dk\/mytes\/index.php?rest_route=%2Fwp%2Fv2%2Fmedia&parent=53"}],"curies":[{"name":"wp","href":"https:\/\/api.w.org\/{rel}","templated":true}]}}