{"id":521,"date":"2023-01-29T17:30:00","date_gmt":"2023-01-29T17:30:00","guid":{"rendered":"https:\/\/natsunivers.dk\/mytes\/?page_id=521"},"modified":"2023-01-29T17:30:00","modified_gmt":"2023-01-29T17:30:00","slug":"venus","status":"publish","type":"page","link":"https:\/\/natsunivers.dk\/mytes\/?page_id=521","title":{"rendered":"Venus"},"content":{"rendered":"\n<p>Dette var den romerske gudinde for for\u00e5ret og haverne. Senere ogs\u00e5 gudinde for k\u00e6rlighed og sk\u00f8nhed.<br>Hun var gift med Mars med hvem hun havde s\u00f8nnen \u00c6neas hvilket gjorde hende til Julus&#8217; (Ascanius) bedstemoder. Desuden var hun stammoder<br>til det julianske kejserhus (C\u00e6sar, Augustus).<br>I 46 f.kr. opf\u00f8rte C\u00e6sar et tempel til hende som Venus Genetrix (moder Venus). Endvidere fejres Veneralia den 1. april i hendes \u00e6re.<br>Hendes symboldyr var duen og l\u00f8rdag sagdes at v\u00e6re hendes dag. Navnet Venus menes at betyde ynde og\/eller k\u00e6rlighed.<br>Venus er gr\u00e6kernes Afrodite.<\/p>\n","protected":false},"excerpt":{"rendered":"<p>Dette var den romerske gudinde for for\u00e5ret og haverne. Senere ogs\u00e5 gudinde for k\u00e6rlighed og sk\u00f8nhed.Hun var gift med Mars med hvem hun havde s\u00f8nnen \u00c6neas hvilket gjorde hende til Julus&#8217; (Ascanius) bedstemoder. Desuden var hun stammodertil det julianske kejserhus (C\u00e6sar, Augustus).I 46 f.kr. opf\u00f8rte C\u00e6sar et tempel til hende som Venus Genetrix (moder Venus). [&hellip;]<\/p>\n","protected":false},"author":1,"featured_media":0,"parent":0,"menu_order":0,"comment_status":"closed","ping_status":"closed","template":"","meta":[],"_links":{"self":[{"href":"https:\/\/natsunivers.dk\/mytes\/index.php?rest_route=\/wp\/v2\/pages\/521"}],"collection":[{"href":"https:\/\/natsunivers.dk\/mytes\/index.php?rest_route=\/wp\/v2\/pages"}],"about":[{"href":"https:\/\/natsunivers.dk\/mytes\/index.php?rest_route=\/wp\/v2\/types\/page"}],"author":[{"embeddable":true,"href":"https:\/\/natsunivers.dk\/mytes\/index.php?rest_route=\/wp\/v2\/users\/1"}],"replies":[{"embeddable":true,"href":"https:\/\/natsunivers.dk\/mytes\/index.php?rest_route=%2Fwp%2Fv2%2Fcomments&post=521"}],"version-history":[{"count":1,"href":"https:\/\/natsunivers.dk\/mytes\/index.php?rest_route=\/wp\/v2\/pages\/521\/revisions"}],"predecessor-version":[{"id":522,"href":"https:\/\/natsunivers.dk\/mytes\/index.php?rest_route=\/wp\/v2\/pages\/521\/revisions\/522"}],"wp:attachment":[{"href":"https:\/\/natsunivers.dk\/mytes\/index.php?rest_route=%2Fwp%2Fv2%2Fmedia&parent=521"}],"curies":[{"name":"wp","href":"https:\/\/api.w.org\/{rel}","templated":true}]}}