{"id":51,"date":"2023-01-29T11:20:52","date_gmt":"2023-01-29T11:20:52","guid":{"rendered":"https:\/\/natsunivers.dk\/mytes\/?page_id=51"},"modified":"2023-02-17T17:16:28","modified_gmt":"2023-02-17T17:16:28","slug":"aiofe","status":"publish","type":"page","link":"https:\/\/natsunivers.dk\/mytes\/?page_id=51","title":{"rendered":"Aiofe"},"content":{"rendered":"\n<div class=\"is-layout-flex wp-container-3 wp-block-columns\">\n<div class=\"is-layout-flow wp-block-column\" style=\"flex-basis:66.66%\">\n<p>Dette var en af Bodb Derg&#8217;s fosterd\u00f8tre og Ler&#8217;s anden hustru. Aiofe kunne ikke f\u00e5 b\u00f8rn og var derfor jaloux p\u00e5 de b\u00f8rn Ler havde f\u00e5et med sin f\u00f8rste kone.<\/p>\n\n\n\n<p><br>En dag tog hun b\u00f8rnene med sig i den tanke at f\u00e5 dem dr\u00e6bt. Dette mislykkede og i stedet forvandlede hun dem til svaner.<br>Forvandlingen var umulig at omg\u00f8re men som svaner blev b\u00f8rnenes sang det smukkeste mennesket havde h\u00f8rt.<\/p>\n\n\n\n<p><br>B\u00f8rnene beholdte dog taleevnen og den ene spurgte hvor l\u00e6nge de skulle forblive svaner. Aiofe&#8217;s svar var at de skulle leve der som svaner i 300 \u00e5r, derefter 300 \u00e5r p\u00e5 vandet mellem Irland og Skotland og til sidst 300 \u00e5r vest for Irland.<\/p>\n\n\n\n<p><br>N\u00e5r f\u00f8rst \u00e5rene var g\u00e5et ville de blive til mennesker igen n\u00e5r fyrsten fra nord blev forenet med prinsessen fra syd. Endvidere skulle der v\u00e6re kommet en ny tro p\u00e5 den rette gud f\u00f8rst. Ler fandt sammen med Bodb Derg b\u00f8rnene (svanerne) som fortalte hvad der var sket. Da de begge elskede b\u00f8rnene h\u00f8jere end noget andet straffede de Aiofe ved at forvandle hende til en luftd\u00e6mon.<\/p>\n<\/div>\n\n\n\n<div class=\"is-layout-flow wp-block-column\" style=\"flex-basis:33.33%\">\n<script async src=\"https:\/\/pagead2.googlesyndication.com\/pagead\/js\/adsbygoogle.js?client=ca-pub-9147999370744615\"\n     crossorigin=\"anonymous\"><\/script>\n<!-- Ny nats -->\n<ins class=\"adsbygoogle\"\n     style=\"display:block\"\n     data-ad-client=\"ca-pub-9147999370744615\"\n     data-ad-slot=\"2957070328\"\n     data-ad-format=\"auto\"\n     data-full-width-responsive=\"true\"><\/ins>\n<script>\n     (adsbygoogle = window.adsbygoogle || []).push({});\n<\/script>\n<\/div>\n<\/div>\n\n\n\n<p><\/p>\n","protected":false},"excerpt":{"rendered":"<p>Dette var en af Bodb Derg&#8217;s fosterd\u00f8tre og Ler&#8217;s anden hustru. Aiofe kunne ikke f\u00e5 b\u00f8rn og var derfor jaloux p\u00e5 de b\u00f8rn Ler havde f\u00e5et med sin f\u00f8rste kone. En dag tog hun b\u00f8rnene med sig i den tanke at f\u00e5 dem dr\u00e6bt. Dette mislykkede og i stedet forvandlede hun dem til svaner.Forvandlingen var [&hellip;]<\/p>\n","protected":false},"author":1,"featured_media":0,"parent":0,"menu_order":0,"comment_status":"closed","ping_status":"closed","template":"","meta":[],"_links":{"self":[{"href":"https:\/\/natsunivers.dk\/mytes\/index.php?rest_route=\/wp\/v2\/pages\/51"}],"collection":[{"href":"https:\/\/natsunivers.dk\/mytes\/index.php?rest_route=\/wp\/v2\/pages"}],"about":[{"href":"https:\/\/natsunivers.dk\/mytes\/index.php?rest_route=\/wp\/v2\/types\/page"}],"author":[{"embeddable":true,"href":"https:\/\/natsunivers.dk\/mytes\/index.php?rest_route=\/wp\/v2\/users\/1"}],"replies":[{"embeddable":true,"href":"https:\/\/natsunivers.dk\/mytes\/index.php?rest_route=%2Fwp%2Fv2%2Fcomments&post=51"}],"version-history":[{"count":2,"href":"https:\/\/natsunivers.dk\/mytes\/index.php?rest_route=\/wp\/v2\/pages\/51\/revisions"}],"predecessor-version":[{"id":978,"href":"https:\/\/natsunivers.dk\/mytes\/index.php?rest_route=\/wp\/v2\/pages\/51\/revisions\/978"}],"wp:attachment":[{"href":"https:\/\/natsunivers.dk\/mytes\/index.php?rest_route=%2Fwp%2Fv2%2Fmedia&parent=51"}],"curies":[{"name":"wp","href":"https:\/\/api.w.org\/{rel}","templated":true}]}}