{"id":505,"date":"2023-02-06T19:33:23","date_gmt":"2023-02-06T19:33:23","guid":{"rendered":"https:\/\/natsunivers.dk\/mytes\/?page_id=505"},"modified":"2023-02-26T10:56:00","modified_gmt":"2023-02-26T10:56:00","slug":"nordiske-ting","status":"publish","type":"page","link":"https:\/\/natsunivers.dk\/mytes\/?page_id=505","title":{"rendered":"Nordiske Ting"},"content":{"rendered":"\n<div class=\"is-layout-flex wp-container-3 wp-block-columns\">\n<div class=\"is-layout-flow wp-block-column\" style=\"flex-basis:66.66%\">\n<p><strong>Andvarenaut:<\/strong> Navnet p\u00e5 dv\u00e6rgen Andvare&#8217;s tryllering.<\/p>\n\n\n\n<p><strong>Angurvadel:<\/strong> Dette var navnet p\u00e5 Viking&#8217;s magiske sv\u00e6rd som undertiden ogs\u00e5 staves Angurvadil.<\/p>\n\n\n\n<p><strong>Balmung: <\/strong>Dette var Sigmund&#8217;s sv\u00e6rd som var blevet smedet af V\u00f8lund.<\/p>\n\n\n\n<p><strong>Bjergriser: <\/strong>Anden betegnelse for j\u00e6tter som betyder bjergk\u00e6mper.<\/p>\n\n\n\n<p><strong>Bl\u00f6t:<\/strong> Bl\u00f6t var en offerhandling eller et offer til guderne. <strong>Link:<\/strong> <a href=\"https:\/\/natsunivers.dk\/mytes\/?page_id=206\" data-type=\"URL\" data-id=\"https:\/\/natsunivers.dk\/mytes\/?page_id=206\">(L\u00e6s mere)<\/a><\/p>\n\n\n\n<p><strong>Bodn:<\/strong> Bodn var en af de beholdere\/kar som dv\u00e6rgene Fjalar og Galar brugte til at opsamle Kvasir&#8217;s blod i s\u00e5 de kunne lave skjaldemj\u00f8den. Bodn kaldes desuden ogs\u00e5 for Bod.<\/p>\n\n\n\n<p><strong>Brisingamen:<\/strong> Dette var Freja&#8217;s pragtfulde guldsmykke. Det blev smedet af de 4 dv\u00e6rge; Alfrigg, Dvalin, Grerr og Berlingr. Freja m\u00e5tte tilbringe en elskovsnat med hver af dv\u00e6rgene som betaling for smykket. Da Odin h\u00f8rte derom bad han Loki om at stj\u00e6le det. Freja fik det dog senere tilbage ved at starte en krig for Odin. Brisingamen blev typisk anset som v\u00e6rende en smuk guld halsk\u00e6de men nogle beretninger fort\u00e6ller om at det var en amulet af guld til f\u00f8dende kvinder. En beretning der nok har rod i at Freja blev anr\u00e5bt af f\u00f8dende kvinder.<\/p>\n\n\n\n<p><strong>Diser: <\/strong>F\u00e6lles betegnelse for norner og valkyrier. En n\u00f8jagtig bestemmelse af hvad\/hvem betegnelsen d\u00e6kker er der ikke. Dog groft sat op s\u00e5 d\u00e6kker den gudinder der har med sk\u00e6bne, f\u00f8dsel og frugtbarhed at g\u00f8re. Sidst n\u00e6vnte prim\u00e6rt da Freja med mellemrum n\u00e6vnes som v\u00e6rende en af diserne. Valkyrierne kaldes desuden for Odin&#8217;s diser.<\/p>\n\n\n\n<p><strong>Draupner:<\/strong> Dette var Odin&#8217;s guldring som blev smedet af dv\u00e6rgene Sindre og Brokk p\u00e5 grund af et v\u00e6ddem\u00e5l de havde indg\u00e5et med Loki. Hver 9. nat dryppede der fra Draupner 8 nye ringe n\u00f8jagtig magen til b\u00e5de i udseende og v\u00e6gt. Efter Balder&#8217;s d\u00f8d kastede Odin ringen p\u00e5 Balder&#8217;s ligb\u00e5l som offer. Hermod tog senere til d\u00f8dsriget for at bringe Balder tilbage. I stedet for Balder kom han tilbage med Draupner og nogle andre ting.<\/p>\n\n\n\n<p><strong>Dromi:<\/strong> Den anden l\u00e6nke Fenrisulven blev bundet med hed Dromi. Den var dobbelt s\u00e5 st\u00e6rk som den f\u00f8rste l\u00e6nke L\u00e6ding men ogs\u00e5 den sprang dog. Dromi blev desuden ogs\u00e5 kaldt for Drome.<\/p>\n\n\n\n<p><strong>Eldrimner:<\/strong> Dette var den kedel som galten S\u00e6rimner blev tilberedt i hver dag i Valhal.<\/p>\n\n\n\n<p><strong>Fimbulvinter: <\/strong>Fimbulvinteren var faktisk tre vintre i en. Alle var de overordentlig strenge med sne, frost og isende storme. P\u00e5 grund af at der ingen sommer var imellem dem blev det set som v\u00e6rende en vinter, Fimbulvinteren. Denne vinter var optakten til Ragnarok.<\/p>\n\n\n\n<p><strong>Gelgia:<\/strong> Enden af l\u00e6nken Gleipner hed Gelgia. Gelgia blev sat fast i klippeblokken Gj\u00f6ll.<\/p>\n\n\n\n<p><strong>Glavendrup-stenen: <\/strong>Denne har sin egen side. <strong>Link:<\/strong> <a href=\"https:\/\/natsunivers.dk\/mytes\/?page_id=282\" data-type=\"URL\" data-id=\"https:\/\/natsunivers.dk\/mytes\/?page_id=282\">Glavendrup-Stenen<\/a><\/p>\n\n\n\n<p><strong>Gleipner: <\/strong>Dette var den tredje l\u00e6nke som Fenrir blev l\u00e6nket med. Den var blevet fremstillet af seks forskellige ting. Nemlig larmen af kattetrin, kvindens sk\u00e6g, bjergets r\u00f8dder, bj\u00f8rnens sener, fiskens \u00e5nde og fuglens spyt. Disse ting gjorde at l\u00e6nken blev glat og bl\u00f8d som et silkeb\u00e5nd og mindede mere om en line end en l\u00e6nke i det den var meget tynd.<\/p>\n\n\n\n<p><strong>Gridarvol: <\/strong>Da Thor skulle bek\u00e6mpe j\u00e6tten Geirr\u00f8d l\u00e5nte han tryllestaven Gridarvol fra j\u00e6ttekvinden Grid.<\/p>\n\n\n\n<p><strong>Grutte:<\/strong> Grutte var en m\u00e6gtig kv\u00e6rn s\u00e5 tung at ingen mand kunne tr\u00e6kke den. Alt hvad man end m\u00e5tte \u00f8nske kunne males ud af den. Grutte blev brugt af Fenja &amp; Menja.<\/p>\n\n\n\n<p><strong>Gungner:<\/strong> Gungner var et magisk spyd smedet af dv\u00e6rgene Brokk og Sindre. Det menes at v\u00e6ret lavet i forbindelse med et v\u00e6ddem\u00e5l med Loki hvorefter dv\u00e6rgene for\u00e6rede det til Odin. Spyddet kunne ramme alt hvad Odin sigtede p\u00e5.<\/p>\n\n\n\n<p><strong>Gylfaginning:<\/strong> I den Yngre Edda var dette navnet p\u00e5 myten fort\u00e6llende om verdens skabelse.<\/p>\n\n\n\n<p><strong>Hungr\/Hunger:<\/strong> Dette var navnet p\u00e5 spisebordet i Hel.<\/p>\n\n\n\n<p><strong>Hlidskjalv\/Lidskjald:<\/strong> Odin&#8217;s h\u00f8js\u00e6de hvorfra han kan kigge ud over alle 9 verdener.<\/p>\n\n\n\n<p><strong>J\u00e6ttestue: <\/strong>Omkring \u00e5r 3000 f.kr. blev stendysserne afl\u00f8st af j\u00e6ttestuerne. Disse var store gravh\u00f8je med kamre der havde plads til adskillige lig. Navnet opstod pga man i almindelig udbredt folketro antog at det var en d\u00f8debolig til en j\u00e6tte. Man antog ligefrem at de var bygget\/opf\u00f8rt af j\u00e6tter.<\/p>\n\n\n\n<p><strong>Kvad:<\/strong> Dette var en form for digt som typisk blev fremf\u00f8rt ved sang.<\/p>\n\n\n\n<p><strong>L\u00e6ding:<\/strong> Da man skulle l\u00e6nke Fenrir var dette den f\u00f8rste l\u00e6nke man fors\u00f8gte sig med. Denne brast dog s\u00e5 snart Fenrir strakte sin hals.<\/p>\n\n\n\n<p><strong>Megingjord: <\/strong>Dette var Thor&#8217;s styrkeb\u00e6lte. N\u00e5r han sp\u00e6ndte det omkring sig blev hans styrke\/kraft og vrede fordoblet.<\/p>\n\n\n\n<p><strong>Naglfar:<\/strong> Naglfar er et skib som blev bygget i Hel af de d\u00f8des negle og er verdens st\u00f8rste skib. N\u00e5r Ragnarok indtr\u00e6der, er skibet f\u00e6rdigbygget og Hels h\u00e6rskarer skal sejle i krig mod guderne i det. S\u00e5fremt menneskene vil udskyde Ragnarok, skal de derfor holde deres negle korte og s\u00f8rge for at klippe de d\u00f8des negle. Styrmanden p\u00e5 Naglfar hedder Rym.<\/p>\n\n\n\n<p><strong>Odr\u00e6rer:<\/strong> Odr\u00e6rer var den kedel som dv\u00e6rgene Fjalar og Galar brugte sammen med de to kar til at opsamle Kvasir &#8216;s blod i s\u00e5 de kunne lave skjaldemj\u00f8den. Od\u00e6rer betyder &#8220;den, der s\u00e6tter sindet i bev\u00e6gelse&#8221;.<\/p>\n\n\n\n<p><strong>Ringhorn: <\/strong>Ringhorn var Balder og Nanna&#8217;s s\u00f8dygtige skib som sejlede dem til Hel efter deres d\u00f8d. Skibet var det pr\u00e6gtigeste blandt Asernes skibe. Ved Balder og Nanna&#8217;s b\u00e5lf\u00e6rd ant\u00e6ndte Thor skibet med et sving fra sin hammer. Om bord var Balder, Nanna og Balders hest. Skibet kunne f\u00f8rst ikke rokkes og man sendte derfor bud efter Hyrrokin som rokkede det l\u00f8s ene kvinde.<\/p>\n\n\n\n<p><strong>Seidr:<\/strong> Seidr var en sp\u00e5domsteknik som blev brugt i den nordiske mytologi. Det var en form for trolddom som blev praktiseret af Vanerne i Asg\u00e5rd. Den blev ud\u00f8vet af kvinder som f.eks. Gullveig. Seidr var i mods\u00e6tning til Asernes Galdr.<\/p>\n\n\n\n<p><strong>Skidbladnir: <\/strong>Skidbladnir var Freyrs skib som blev bygget af dv\u00e6rgene, Ivaldis s\u00f8nner. Selvom skibet var mindre end d\u00f8dsskibet Naglfor, var det dog s\u00e5 stort at det kunne rumme alle aserne. Efter brug kunne Skidbladnir foldes sammen ligesom et t\u00f8rkl\u00e6de og puttes i lommen.<\/p>\n\n\n\n<p><strong>Son: <\/strong>Son var et de kar som dv\u00e6rgene Fjalar og Galar brugte sammen med Odr\u00e6rer og Bodn til at opsamle Kvasir &#8216;s blod i s\u00e5 de kunne lave skjaldemj\u00f8den.<\/p>\n\n\n\n<p><strong>Svalin: <\/strong>Dette var et skjold foran solen som skulle beskytte verden mod de skarpeste str\u00e5ler der ellers kunne s\u00e6tte bjerge i brand. Navnet betyder &#8220;den k\u00f8lende&#8221;.<\/p>\n\n\n\n<p><strong>Sygeleje: <\/strong>Dette var navnet p\u00e5 Hel&#8217;s seng.<\/p>\n\n\n\n<p><strong>Thorsdrapa:<\/strong> Dette har sin egen side. <strong>Link: <\/strong><a href=\"https:\/\/natsunivers.dk\/mytes\/?page_id=634\" data-type=\"URL\" data-id=\"https:\/\/natsunivers.dk\/mytes\/?page_id=634\">Thorsdrapa<\/a><\/p>\n\n\n\n<p><strong>Valborgsnat:<\/strong> If\u00f8lge en myte samles hekse natten mellem d. 30. april og d. 1. maj p\u00e5 Brokken. Her dansede de til \u00e6re for guden Frej.<\/p>\n\n\n\n<p><strong>V\u00f8lse: <\/strong>Dette har sin egen side. <strong>Link:<\/strong> <a href=\"https:\/\/natsunivers.dk\/mytes\/?page_id=548\" data-type=\"URL\" data-id=\"https:\/\/natsunivers.dk\/mytes\/?page_id=548\">V\u00f8lse<\/a><\/p>\n\n\n\n<p><strong>Yggdrasil: <\/strong>Denne har sin egen side. <strong>Link:<\/strong> <a href=\"https:\/\/natsunivers.dk\/mytes\/?page_id=663\" data-type=\"URL\" data-id=\"https:\/\/natsunivers.dk\/mytes\/?page_id=663\">Yggdrasil<\/a><\/p>\n<\/div>\n\n\n\n<div class=\"is-layout-flow wp-block-column\" style=\"flex-basis:33.33%\">\n<script async src=\"https:\/\/pagead2.googlesyndication.com\/pagead\/js\/adsbygoogle.js?client=ca-pub-9147999370744615\"\n     crossorigin=\"anonymous\"><\/script>\n<!-- Ny nats -->\n<ins class=\"adsbygoogle\"\n     style=\"display:block\"\n     data-ad-client=\"ca-pub-9147999370744615\"\n     data-ad-slot=\"2957070328\"\n     data-ad-format=\"auto\"\n     data-full-width-responsive=\"true\"><\/ins>\n<script>\n     (adsbygoogle = window.adsbygoogle || []).push({});\n<\/script>\n<\/div>\n<\/div>\n","protected":false},"excerpt":{"rendered":"<p>Andvarenaut: Navnet p\u00e5 dv\u00e6rgen Andvare&#8217;s tryllering. Angurvadel: Dette var navnet p\u00e5 Viking&#8217;s magiske sv\u00e6rd som undertiden ogs\u00e5 staves Angurvadil. Balmung: Dette var Sigmund&#8217;s sv\u00e6rd som var blevet smedet af V\u00f8lund. Bjergriser: Anden betegnelse for j\u00e6tter som betyder bjergk\u00e6mper. Bl\u00f6t: Bl\u00f6t var en offerhandling eller et offer til guderne. Link: (L\u00e6s mere) Bodn: Bodn var en [&hellip;]<\/p>\n","protected":false},"author":1,"featured_media":0,"parent":0,"menu_order":0,"comment_status":"closed","ping_status":"closed","template":"","meta":[],"_links":{"self":[{"href":"https:\/\/natsunivers.dk\/mytes\/index.php?rest_route=\/wp\/v2\/pages\/505"}],"collection":[{"href":"https:\/\/natsunivers.dk\/mytes\/index.php?rest_route=\/wp\/v2\/pages"}],"about":[{"href":"https:\/\/natsunivers.dk\/mytes\/index.php?rest_route=\/wp\/v2\/types\/page"}],"author":[{"embeddable":true,"href":"https:\/\/natsunivers.dk\/mytes\/index.php?rest_route=\/wp\/v2\/users\/1"}],"replies":[{"embeddable":true,"href":"https:\/\/natsunivers.dk\/mytes\/index.php?rest_route=%2Fwp%2Fv2%2Fcomments&post=505"}],"version-history":[{"count":7,"href":"https:\/\/natsunivers.dk\/mytes\/index.php?rest_route=\/wp\/v2\/pages\/505\/revisions"}],"predecessor-version":[{"id":1260,"href":"https:\/\/natsunivers.dk\/mytes\/index.php?rest_route=\/wp\/v2\/pages\/505\/revisions\/1260"}],"wp:attachment":[{"href":"https:\/\/natsunivers.dk\/mytes\/index.php?rest_route=%2Fwp%2Fv2%2Fmedia&parent=505"}],"curies":[{"name":"wp","href":"https:\/\/api.w.org\/{rel}","templated":true}]}}