{"id":497,"date":"2023-01-29T17:18:04","date_gmt":"2023-01-29T17:18:04","guid":{"rendered":"https:\/\/natsunivers.dk\/mytes\/?page_id=497"},"modified":"2023-01-29T17:18:04","modified_gmt":"2023-01-29T17:18:04","slug":"tyche","status":"publish","type":"page","link":"https:\/\/natsunivers.dk\/mytes\/?page_id=497","title":{"rendered":"Tyche"},"content":{"rendered":"\n<p>Tyche var en gr\u00e6sk sk\u00e6bnegudinde. Hun fordelte lykke og ulykke p\u00e5 en uigennemskueligvis. Hun<br>var en personifikation p\u00e5 tilf\u00e6ldet og af verdens gang med gode og onde tilskikkelser. Desuden var hun bygudinde i<br>Antiochia ved Orontes.<br>Tyche var en Okeanide og datter af titanparret Okeanos og Tethys. Nogle mener dog at Zeus var hendes fader.<br>Af Attributter havde Tyche et ror, overfl\u00f8dighedshorn og et hjul eller en kugle. Nogle gange b\u00e5de hjul og kugle.<br>Tyche svarer til den romerske Fortuna.<\/p>\n","protected":false},"excerpt":{"rendered":"<p>Tyche var en gr\u00e6sk sk\u00e6bnegudinde. Hun fordelte lykke og ulykke p\u00e5 en uigennemskueligvis. Hunvar en personifikation p\u00e5 tilf\u00e6ldet og af verdens gang med gode og onde tilskikkelser. Desuden var hun bygudinde iAntiochia ved Orontes.Tyche var en Okeanide og datter af titanparret Okeanos og Tethys. Nogle mener dog at Zeus var hendes fader.Af Attributter havde Tyche [&hellip;]<\/p>\n","protected":false},"author":1,"featured_media":0,"parent":0,"menu_order":0,"comment_status":"closed","ping_status":"closed","template":"","meta":[],"_links":{"self":[{"href":"https:\/\/natsunivers.dk\/mytes\/index.php?rest_route=\/wp\/v2\/pages\/497"}],"collection":[{"href":"https:\/\/natsunivers.dk\/mytes\/index.php?rest_route=\/wp\/v2\/pages"}],"about":[{"href":"https:\/\/natsunivers.dk\/mytes\/index.php?rest_route=\/wp\/v2\/types\/page"}],"author":[{"embeddable":true,"href":"https:\/\/natsunivers.dk\/mytes\/index.php?rest_route=\/wp\/v2\/users\/1"}],"replies":[{"embeddable":true,"href":"https:\/\/natsunivers.dk\/mytes\/index.php?rest_route=%2Fwp%2Fv2%2Fcomments&post=497"}],"version-history":[{"count":1,"href":"https:\/\/natsunivers.dk\/mytes\/index.php?rest_route=\/wp\/v2\/pages\/497\/revisions"}],"predecessor-version":[{"id":498,"href":"https:\/\/natsunivers.dk\/mytes\/index.php?rest_route=\/wp\/v2\/pages\/497\/revisions\/498"}],"wp:attachment":[{"href":"https:\/\/natsunivers.dk\/mytes\/index.php?rest_route=%2Fwp%2Fv2%2Fmedia&parent=497"}],"curies":[{"name":"wp","href":"https:\/\/api.w.org\/{rel}","templated":true}]}}