{"id":491,"date":"2023-01-29T17:15:52","date_gmt":"2023-01-29T17:15:52","guid":{"rendered":"https:\/\/natsunivers.dk\/mytes\/?page_id=491"},"modified":"2023-01-29T17:15:52","modified_gmt":"2023-01-29T17:15:52","slug":"thor","status":"publish","type":"page","link":"https:\/\/natsunivers.dk\/mytes\/?page_id=491","title":{"rendered":"Thor"},"content":{"rendered":"\n<p>Thor er s\u00f8n af <a href=\"odin.php\">Odin<\/a> og J\u00f6rd. Endvidere er han den m\u00e6gtige tordengud og<br>er en af aserne. Han er gift med den guldlokkede <a href=\"sif.php\">Sif<\/a> med hvem han bor sammen i Trudvang<br>p\u00e5 g\u00e5rden Bilskirner. G\u00e5rden indeholder 540 rum og rager endnu h\u00f8jere op mod himlen<br>end Valhal. Med <a href=\"jtter.php#jarnsaxa\">Jarnsaxa<\/a> har Thor b\u00f8rnene Modi, Magni og med <a href=\"sif.php\">Sif<\/a> har han datteren Trud.<\/p>\n\n\n\n<p>Med hans farligste v\u00e5ben, hammeren Mj\u00f8lner, er han den st\u00e6rkeste af guderne. Mj\u00f8lner rammer nemlig alt hvad Thor sigter efter hvorefter den vender tilbage til hans h\u00e5nd. Foruden Mj\u00f8lner har Thor ogs\u00e5 et styrkeb\u00e6lte kaldet <a href=\"ting.php#megingjord\">Mengingjord<\/a> som, n\u00e5r han tager det p\u00e5, fordobler hans styrke og vrede. For at blive 100 gange farligere overfor J\u00e6tterne beh\u00f8ver han blot at if\u00f8re sig sine jernhandsker.<\/p>\n\n\n\n<p>Torden frembragte han n\u00e5r han k\u00f8rte afsted i sin vogn forsp\u00e6ndt sine to gedebukke Tandgnost og Tandgrisner. Lynene kommer n\u00e5r gedebukkene l\u00f8ber s\u00e5 st\u00e6rkt at klovene sl\u00e5r gnister. Tordenen er vognets rumlen.<\/p>\n\n\n\n<p>Det er blevet sagt at Thor skal omkomme ved Ragnarok efter at have dr\u00e6bt<br><a href=\"nvsner.php#mormen\">Midg\u00e5rdsormen<\/a>. Der findes talrige sagn om Thor&#8217;s kampe med J\u00e6tterne og hans navn indg\u00e5r<br>i mange stednavne.<br><br>Thor kaldes ogs\u00e5 for Einride som betyder &#8220;den der f\u00e6rdes alene&#8221;. Af andre tilnavne har han ogs\u00e5 Asa-tor som betyder Asernes Tor.<br><br>Torsdag er Thor&#8217;s dag.<\/p>\n","protected":false},"excerpt":{"rendered":"<p>Thor er s\u00f8n af Odin og J\u00f6rd. Endvidere er han den m\u00e6gtige tordengud oger en af aserne. Han er gift med den guldlokkede Sif med hvem han bor sammen i Trudvangp\u00e5 g\u00e5rden Bilskirner. G\u00e5rden indeholder 540 rum og rager endnu h\u00f8jere op mod himlenend Valhal. Med Jarnsaxa har Thor b\u00f8rnene Modi, Magni og med Sif [&hellip;]<\/p>\n","protected":false},"author":1,"featured_media":0,"parent":0,"menu_order":0,"comment_status":"closed","ping_status":"closed","template":"","meta":[],"_links":{"self":[{"href":"https:\/\/natsunivers.dk\/mytes\/index.php?rest_route=\/wp\/v2\/pages\/491"}],"collection":[{"href":"https:\/\/natsunivers.dk\/mytes\/index.php?rest_route=\/wp\/v2\/pages"}],"about":[{"href":"https:\/\/natsunivers.dk\/mytes\/index.php?rest_route=\/wp\/v2\/types\/page"}],"author":[{"embeddable":true,"href":"https:\/\/natsunivers.dk\/mytes\/index.php?rest_route=\/wp\/v2\/users\/1"}],"replies":[{"embeddable":true,"href":"https:\/\/natsunivers.dk\/mytes\/index.php?rest_route=%2Fwp%2Fv2%2Fcomments&post=491"}],"version-history":[{"count":1,"href":"https:\/\/natsunivers.dk\/mytes\/index.php?rest_route=\/wp\/v2\/pages\/491\/revisions"}],"predecessor-version":[{"id":492,"href":"https:\/\/natsunivers.dk\/mytes\/index.php?rest_route=\/wp\/v2\/pages\/491\/revisions\/492"}],"wp:attachment":[{"href":"https:\/\/natsunivers.dk\/mytes\/index.php?rest_route=%2Fwp%2Fv2%2Fmedia&parent=491"}],"curies":[{"name":"wp","href":"https:\/\/api.w.org\/{rel}","templated":true}]}}