{"id":487,"date":"2023-01-29T17:14:23","date_gmt":"2023-01-29T17:14:23","guid":{"rendered":"https:\/\/natsunivers.dk\/mytes\/?page_id=487"},"modified":"2023-01-29T17:14:23","modified_gmt":"2023-01-29T17:14:23","slug":"sucellos","status":"publish","type":"page","link":"https:\/\/natsunivers.dk\/mytes\/?page_id=487","title":{"rendered":"Sucellos"},"content":{"rendered":"\n<p>Dette var en gallisk gud for frugtbarheden, rusen og ekstasen. Han var desuden en hammer- og d\u00f8dsgud.<br>Ofte blev han skildret i selskab med Nantosuelta der forbindes som v\u00e6rende hans hustru.<br>Hans attributter var hammer og vase selvom det ogs\u00e5 menes at han ligesom den gr\u00e6ske Herakles havde k\u00f8llen som attribut.<br>Navnet Sucellos forbindes med betydningen &#8220;han som sl\u00e5r til&#8221;.<br>Han svarer til den irske Dagda og den Walisiske Gwydyon.<\/p>\n","protected":false},"excerpt":{"rendered":"<p>Dette var en gallisk gud for frugtbarheden, rusen og ekstasen. Han var desuden en hammer- og d\u00f8dsgud.Ofte blev han skildret i selskab med Nantosuelta der forbindes som v\u00e6rende hans hustru.Hans attributter var hammer og vase selvom det ogs\u00e5 menes at han ligesom den gr\u00e6ske Herakles havde k\u00f8llen som attribut.Navnet Sucellos forbindes med betydningen &#8220;han som [&hellip;]<\/p>\n","protected":false},"author":1,"featured_media":0,"parent":0,"menu_order":0,"comment_status":"closed","ping_status":"closed","template":"","meta":[],"_links":{"self":[{"href":"https:\/\/natsunivers.dk\/mytes\/index.php?rest_route=\/wp\/v2\/pages\/487"}],"collection":[{"href":"https:\/\/natsunivers.dk\/mytes\/index.php?rest_route=\/wp\/v2\/pages"}],"about":[{"href":"https:\/\/natsunivers.dk\/mytes\/index.php?rest_route=\/wp\/v2\/types\/page"}],"author":[{"embeddable":true,"href":"https:\/\/natsunivers.dk\/mytes\/index.php?rest_route=\/wp\/v2\/users\/1"}],"replies":[{"embeddable":true,"href":"https:\/\/natsunivers.dk\/mytes\/index.php?rest_route=%2Fwp%2Fv2%2Fcomments&post=487"}],"version-history":[{"count":1,"href":"https:\/\/natsunivers.dk\/mytes\/index.php?rest_route=\/wp\/v2\/pages\/487\/revisions"}],"predecessor-version":[{"id":488,"href":"https:\/\/natsunivers.dk\/mytes\/index.php?rest_route=\/wp\/v2\/pages\/487\/revisions\/488"}],"wp:attachment":[{"href":"https:\/\/natsunivers.dk\/mytes\/index.php?rest_route=%2Fwp%2Fv2%2Fmedia&parent=487"}],"curies":[{"name":"wp","href":"https:\/\/api.w.org\/{rel}","templated":true}]}}