{"id":474,"date":"2023-01-29T17:09:57","date_gmt":"2023-01-29T17:09:57","guid":{"rendered":"https:\/\/natsunivers.dk\/mytes\/?page_id=474"},"modified":"2023-01-29T17:09:57","modified_gmt":"2023-01-29T17:09:57","slug":"romersk-ord-forklaring","status":"publish","type":"page","link":"https:\/\/natsunivers.dk\/mytes\/?page_id=474","title":{"rendered":"Romersk Ord Forklaring"},"content":{"rendered":"\n<p><strong>Numen\/Numenia:<\/strong> Dette startede som betegnelsen for den magt og virkekraft en<br>guddom besad og hvordan den manifesterede sig i den verden menneskerne levede i. Senere blev betegnelsen bredt til b\u00e5de guder og guddomme<br>i det det var sv\u00e6rt at skelne imellem disse to. Et eksempel p\u00e5 brug af betegnelsen: Numen Jovis som stod for Jupiter&#8217;s virkekraft.<\/p>\n\n\n\n<p><strong>Talassio:<\/strong> Ord som blev r\u00e5bt ud n\u00e5r bruden blev fulgt til gommens hus. Den originale betydning af ordet er g\u00e5et tabt og det ser ud til at romerne opfandt guden Talassius for at forklare r\u00e5bet.<\/p>\n","protected":false},"excerpt":{"rendered":"<p>Numen\/Numenia: Dette startede som betegnelsen for den magt og virkekraft enguddom besad og hvordan den manifesterede sig i den verden menneskerne levede i. Senere blev betegnelsen bredt til b\u00e5de guder og guddommei det det var sv\u00e6rt at skelne imellem disse to. Et eksempel p\u00e5 brug af betegnelsen: Numen Jovis som stod for Jupiter&#8217;s virkekraft. Talassio: [&hellip;]<\/p>\n","protected":false},"author":1,"featured_media":0,"parent":0,"menu_order":0,"comment_status":"closed","ping_status":"closed","template":"","meta":[],"_links":{"self":[{"href":"https:\/\/natsunivers.dk\/mytes\/index.php?rest_route=\/wp\/v2\/pages\/474"}],"collection":[{"href":"https:\/\/natsunivers.dk\/mytes\/index.php?rest_route=\/wp\/v2\/pages"}],"about":[{"href":"https:\/\/natsunivers.dk\/mytes\/index.php?rest_route=\/wp\/v2\/types\/page"}],"author":[{"embeddable":true,"href":"https:\/\/natsunivers.dk\/mytes\/index.php?rest_route=\/wp\/v2\/users\/1"}],"replies":[{"embeddable":true,"href":"https:\/\/natsunivers.dk\/mytes\/index.php?rest_route=%2Fwp%2Fv2%2Fcomments&post=474"}],"version-history":[{"count":1,"href":"https:\/\/natsunivers.dk\/mytes\/index.php?rest_route=\/wp\/v2\/pages\/474\/revisions"}],"predecessor-version":[{"id":475,"href":"https:\/\/natsunivers.dk\/mytes\/index.php?rest_route=\/wp\/v2\/pages\/474\/revisions\/475"}],"wp:attachment":[{"href":"https:\/\/natsunivers.dk\/mytes\/index.php?rest_route=%2Fwp%2Fv2%2Fmedia&parent=474"}],"curies":[{"name":"wp","href":"https:\/\/api.w.org\/{rel}","templated":true}]}}