{"id":464,"date":"2023-02-04T12:13:34","date_gmt":"2023-02-04T12:13:34","guid":{"rendered":"https:\/\/natsunivers.dk\/mytes\/?page_id=464"},"modified":"2023-02-26T07:32:21","modified_gmt":"2023-02-26T07:32:21","slug":"keltiske-ting","status":"publish","type":"page","link":"https:\/\/natsunivers.dk\/mytes\/?page_id=464","title":{"rendered":"Keltiske Ting"},"content":{"rendered":"\n<div class=\"is-layout-flex wp-container-3 wp-block-columns\">\n<div class=\"is-layout-flow wp-block-column\" style=\"flex-basis:66.66%\">\n<p><strong>Dubgilla:<\/strong> Dubh Giolla. Dette var et magisk skjold som var ejet af kong \u00c1ed af Airgialla.<\/p>\n\n\n\n<p><strong>G\u00e1e Assail:<\/strong> Dette var et spyd ejet af Lug. Spydet havde den egenskab at det ligesom en boomerang kom tilbage efter at v\u00e6re blevet kastet. R\u00e5bte kasteren ordet &#8220;Ibar&#8221; idet han kastede, sikrede han sig at spydet ville ramme og dr\u00e6be det \u00f8nskede offer. Spydet var en af Tuatha D\u00e9 Danann&#8217;s fire skatte.<\/p>\n\n\n\n<p><strong>G\u00e1e Buide:<\/strong> Dette var et kort spyd som oprindeligt var ejet af Manann\u00e1n mac Lir men senere af Diarmait Ua Duibne. Navnet menes at betyde &#8220;gule spyd&#8221;.<\/p>\n\n\n\n<p><strong>F\u00e1l-stenen:<\/strong> Denne har sin egen side. <strong>Link:<\/strong>  <a href=\"https:\/\/natsunivers.dk\/mytes\/?page_id=576\" data-type=\"URL\" data-id=\"https:\/\/natsunivers.dk\/mytes\/?page_id=576\">F\u00e1l-stenen<\/a><\/p>\n\n\n\n<p><strong>L\u00fcin:<\/strong> Dette var et v\u00e5ben der blev fundet p\u00e5 Tuired-sletten efter slaget. Spyddet blev fundet af Celtchar og man mente det havde tilh\u00f8rt en fra T\u00faatha D\u00e9 Danann muligvis Lug. Det var et magisk v\u00e5ben og kunne ved hvert st\u00f8d dr\u00e6be en mand selv hvis de stod uden for r\u00e6kkevidde. Kastede man spyddet ville ni m\u00e6nd falde og der i blandt enten en konge, tronarving eller en s\u00f8r\u00f8ver. For at det ikke skulle br\u00e6nde den mand op som stod med det skulle det inden det skulle udgyde blod, opbevares i en stor gryde med gift.<\/p>\n\n\n\n<p><strong>M\u00f3ralltach:<\/strong> Navnet p\u00e5 Diarmait Ua Duibne&#8217;s fantastiske sv\u00e6rd. Nogle tekster n\u00e6vner det dog ogs\u00e5 som v\u00e6rende enten en af Angus \u00d4g&#8217;s eller Manann\u00e1n mac Lir&#8217;s attributter.<\/p>\n\n\n\n<p><strong>Rhongomiant:<\/strong> Walisisk navn for Arthur&#8217;s spyd.<\/p>\n\n\n\n<p><strong>Torques:<\/strong> Dette var en keltisk halsring som var snoet p\u00e5 en s\u00e6rlig m\u00e5de.<\/p>\n<\/div>\n\n\n\n<div class=\"is-layout-flow wp-block-column\" style=\"flex-basis:33.33%\">\n<script async src=\"https:\/\/pagead2.googlesyndication.com\/pagead\/js\/adsbygoogle.js?client=ca-pub-9147999370744615\"\n     crossorigin=\"anonymous\"><\/script>\n<!-- Ny nats -->\n<ins class=\"adsbygoogle\"\n     style=\"display:block\"\n     data-ad-client=\"ca-pub-9147999370744615\"\n     data-ad-slot=\"2957070328\"\n     data-ad-format=\"auto\"\n     data-full-width-responsive=\"true\"><\/ins>\n<script>\n     (adsbygoogle = window.adsbygoogle || []).push({});\n<\/script>\n<\/div>\n<\/div>\n","protected":false},"excerpt":{"rendered":"<p>Dubgilla: Dubh Giolla. Dette var et magisk skjold som var ejet af kong \u00c1ed af Airgialla. G\u00e1e Assail: Dette var et spyd ejet af Lug. Spydet havde den egenskab at det ligesom en boomerang kom tilbage efter at v\u00e6re blevet kastet. R\u00e5bte kasteren ordet &#8220;Ibar&#8221; idet han kastede, sikrede han sig at spydet ville ramme [&hellip;]<\/p>\n","protected":false},"author":1,"featured_media":0,"parent":0,"menu_order":0,"comment_status":"closed","ping_status":"closed","template":"","meta":[],"_links":{"self":[{"href":"https:\/\/natsunivers.dk\/mytes\/index.php?rest_route=\/wp\/v2\/pages\/464"}],"collection":[{"href":"https:\/\/natsunivers.dk\/mytes\/index.php?rest_route=\/wp\/v2\/pages"}],"about":[{"href":"https:\/\/natsunivers.dk\/mytes\/index.php?rest_route=\/wp\/v2\/types\/page"}],"author":[{"embeddable":true,"href":"https:\/\/natsunivers.dk\/mytes\/index.php?rest_route=\/wp\/v2\/users\/1"}],"replies":[{"embeddable":true,"href":"https:\/\/natsunivers.dk\/mytes\/index.php?rest_route=%2Fwp%2Fv2%2Fcomments&post=464"}],"version-history":[{"count":5,"href":"https:\/\/natsunivers.dk\/mytes\/index.php?rest_route=\/wp\/v2\/pages\/464\/revisions"}],"predecessor-version":[{"id":1211,"href":"https:\/\/natsunivers.dk\/mytes\/index.php?rest_route=\/wp\/v2\/pages\/464\/revisions\/1211"}],"wp:attachment":[{"href":"https:\/\/natsunivers.dk\/mytes\/index.php?rest_route=%2Fwp%2Fv2%2Fmedia&parent=464"}],"curies":[{"name":"wp","href":"https:\/\/api.w.org\/{rel}","templated":true}]}}