{"id":462,"date":"2023-02-11T18:07:18","date_gmt":"2023-02-11T18:07:18","guid":{"rendered":"https:\/\/natsunivers.dk\/mytes\/?page_id=462"},"modified":"2023-02-26T10:52:19","modified_gmt":"2023-02-26T10:52:19","slug":"nordiske-kongelige","status":"publish","type":"page","link":"https:\/\/natsunivers.dk\/mytes\/?page_id=462","title":{"rendered":"Nordiske Kongelige"},"content":{"rendered":"\n<div class=\"is-layout-flex wp-container-3 wp-block-columns\">\n<div class=\"is-layout-flow wp-block-column\" style=\"flex-basis:66.66%\">\n<p><strong>Agnar:<\/strong> Kong Hraudung&#8217;s ene s\u00f8n som blev opfostret af Frigg i forkl\u00e6dning som en bondekone. Da han og hans broder Geirr\u00f8d sendes hjem v\u00e6lger hans broder at hoppe f\u00f8rst af for s\u00e5 at st\u00f8de b\u00e5den v\u00e6k fra land alt i mens han r\u00e5bte &#8220;tag derhen hvor trolde tager dig&#8221;. Geirr\u00f8d indtog tronen og f\u00e5r senere en s\u00f8n Agnar som menes at v\u00e6re hans egen broder der genf\u00f8des. Da Geirr\u00f8d d\u00f8r forts\u00e6tter Agnar som konge.<\/p>\n\n\n\n<p><strong>Eylime: <\/strong>Konge over Orkney\u00f8erne. Da hans datter Hj\u00f8rdis havde to bejlere; Sigmund og Lyngve lod han hende selv bestemme hvilken hun \u00f8nskede at \u00e6gte. Hun valgte Sigmund og da denne sammen med Eylime senere red ud for at skulle hen til Hj\u00f8rdis, blev de angrebet af Lyngve og hans m\u00e6nd. B\u00e5de Eylime og Sigmund blev dr\u00e6bt.<\/p>\n\n\n\n<p><strong>Gylfe:<\/strong> Denne har sin egen side. <strong>Link:<\/strong> <a href=\"https:\/\/natsunivers.dk\/mytes\/?page_id=218\" data-type=\"URL\" data-id=\"https:\/\/natsunivers.dk\/mytes\/?page_id=218\">Gylfe<\/a><\/p>\n\n\n\n<p><strong>Hraudung: <\/strong>Dette var en konge og den biologiske far til drengene Agnar og Gejrr\u00f8d. Efter drengene var drevet til havs blev de fundet af Frigg og Odin forkl\u00e6dt som b\u00f8nder som hver opfostrede en af dem.<\/p>\n\n\n\n<p><strong>Jormunrek:<\/strong> Konge som \u00f8nskede at \u00e6gte den noget yngre valkyrie Svanhild. Han sendte derfor sin s\u00f8n Randver af sted med tjeneren Bike for at bede om hendes h\u00e5nd. Under vejs pr\u00f8vede Bike at skabe spild ved at opfordre Randver til selv at \u00e6gte pigen da aldersforskellen jo s\u00e5 ogs\u00e5 var mindre. Randver slog det dog hen og bragte Svanhild hjem til sin fader. Bike gik nu til Jormunrek og fortalte l\u00f8gne om at Randver havde v\u00e6ret sammen med Svanhild p\u00e5 rejsen. Ude af selv befalede Jormunrek sin s\u00f8n h\u00e6ngt mens Bike skyndte sig at s\u00f8rge for at Svanhild blev trampet ihjel af heste f\u00f8r sandheden gik op for Jormunrek.<\/p>\n\n\n\n<p><strong>Nidud:<\/strong> Nidud var en svensk konge som overfaldt og fangede smeden V\u00f8lund mens han sov. Efter at have stj\u00e5let alt hvad V\u00f8lund ejede skar Nidud haserne over p\u00e5 ham s\u00e5 han ikke kunne flygte. Derefter blev han flyttet til en \u00f8 hvor Nidud tvang ham til at smede v\u00e5ben og smykker til ham. V\u00f8lund var dog lidt klogere end Nidud og fik med list dr\u00e6bt Nidud&#8217;s to s\u00f8nner og voldtaget hans datter B\u00f8dvild. V\u00f8lund flygtede herefter fra Nidud og blev smed igen.<\/p>\n\n\n\n<p><strong>S\u00e6ming:<\/strong> S\u00f8n af Odin som senere blev konge.<\/p>\n<\/div>\n\n\n\n<div class=\"is-layout-flow wp-block-column\" style=\"flex-basis:33.33%\">\n<script async src=\"https:\/\/pagead2.googlesyndication.com\/pagead\/js\/adsbygoogle.js?client=ca-pub-9147999370744615\"\n     crossorigin=\"anonymous\"><\/script>\n<!-- Ny nats -->\n<ins class=\"adsbygoogle\"\n     style=\"display:block\"\n     data-ad-client=\"ca-pub-9147999370744615\"\n     data-ad-slot=\"2957070328\"\n     data-ad-format=\"auto\"\n     data-full-width-responsive=\"true\"><\/ins>\n<script>\n     (adsbygoogle = window.adsbygoogle || []).push({});\n<\/script>\n<\/div>\n<\/div>\n","protected":false},"excerpt":{"rendered":"<p>Agnar: Kong Hraudung&#8217;s ene s\u00f8n som blev opfostret af Frigg i forkl\u00e6dning som en bondekone. Da han og hans broder Geirr\u00f8d sendes hjem v\u00e6lger hans broder at hoppe f\u00f8rst af for s\u00e5 at st\u00f8de b\u00e5den v\u00e6k fra land alt i mens han r\u00e5bte &#8220;tag derhen hvor trolde tager dig&#8221;. Geirr\u00f8d indtog tronen og f\u00e5r senere [&hellip;]<\/p>\n","protected":false},"author":1,"featured_media":0,"parent":0,"menu_order":0,"comment_status":"closed","ping_status":"closed","template":"","meta":[],"_links":{"self":[{"href":"https:\/\/natsunivers.dk\/mytes\/index.php?rest_route=\/wp\/v2\/pages\/462"}],"collection":[{"href":"https:\/\/natsunivers.dk\/mytes\/index.php?rest_route=\/wp\/v2\/pages"}],"about":[{"href":"https:\/\/natsunivers.dk\/mytes\/index.php?rest_route=\/wp\/v2\/types\/page"}],"author":[{"embeddable":true,"href":"https:\/\/natsunivers.dk\/mytes\/index.php?rest_route=\/wp\/v2\/users\/1"}],"replies":[{"embeddable":true,"href":"https:\/\/natsunivers.dk\/mytes\/index.php?rest_route=%2Fwp%2Fv2%2Fcomments&post=462"}],"version-history":[{"count":5,"href":"https:\/\/natsunivers.dk\/mytes\/index.php?rest_route=\/wp\/v2\/pages\/462\/revisions"}],"predecessor-version":[{"id":1255,"href":"https:\/\/natsunivers.dk\/mytes\/index.php?rest_route=\/wp\/v2\/pages\/462\/revisions\/1255"}],"wp:attachment":[{"href":"https:\/\/natsunivers.dk\/mytes\/index.php?rest_route=%2Fwp%2Fv2%2Fmedia&parent=462"}],"curies":[{"name":"wp","href":"https:\/\/api.w.org\/{rel}","templated":true}]}}