{"id":460,"date":"2023-01-29T17:03:31","date_gmt":"2023-01-29T17:03:31","guid":{"rendered":"https:\/\/natsunivers.dk\/mytes\/?page_id=460"},"modified":"2023-01-29T17:03:31","modified_gmt":"2023-01-29T17:03:31","slug":"skiron-sciron","status":"publish","type":"page","link":"https:\/\/natsunivers.dk\/mytes\/?page_id=460","title":{"rendered":"Skiron\/Sciron"},"content":{"rendered":"\n<p>Dette var en bandit som boede p\u00e5 det smalleste sted af Istmen og lige ud til en klippeskr\u00e6nt.<br>Han havde den modbydelige vane at tvinge forbipasserende til at vaske hans f\u00f8dder. N\u00e5r de var f\u00e6rdige tog han dem og smed dem ud fra klippeskr\u00e6nten.<br>I vandet under klippeskr\u00e6nten l\u00e5 en k\u00e6mpe menneske\u00e6dende skildpadde som n\u00f8d godt af dette.<br>Dette stoppede imidlertidig da <a href=\"theseus.php\">Theseus<\/a> kom forbi. Denne fik nemlig Skiron til at vaske hans f\u00f8dder ogs\u00e5 bruge ham som foder ligesom han jo<br>ellers havde gjort med andre.<br>Der hersker en del tvivl om hvem han egentlig var s\u00f8n af.<\/p>\n","protected":false},"excerpt":{"rendered":"<p>Dette var en bandit som boede p\u00e5 det smalleste sted af Istmen og lige ud til en klippeskr\u00e6nt.Han havde den modbydelige vane at tvinge forbipasserende til at vaske hans f\u00f8dder. N\u00e5r de var f\u00e6rdige tog han dem og smed dem ud fra klippeskr\u00e6nten.I vandet under klippeskr\u00e6nten l\u00e5 en k\u00e6mpe menneske\u00e6dende skildpadde som n\u00f8d godt af [&hellip;]<\/p>\n","protected":false},"author":1,"featured_media":0,"parent":0,"menu_order":0,"comment_status":"closed","ping_status":"closed","template":"","meta":[],"_links":{"self":[{"href":"https:\/\/natsunivers.dk\/mytes\/index.php?rest_route=\/wp\/v2\/pages\/460"}],"collection":[{"href":"https:\/\/natsunivers.dk\/mytes\/index.php?rest_route=\/wp\/v2\/pages"}],"about":[{"href":"https:\/\/natsunivers.dk\/mytes\/index.php?rest_route=\/wp\/v2\/types\/page"}],"author":[{"embeddable":true,"href":"https:\/\/natsunivers.dk\/mytes\/index.php?rest_route=\/wp\/v2\/users\/1"}],"replies":[{"embeddable":true,"href":"https:\/\/natsunivers.dk\/mytes\/index.php?rest_route=%2Fwp%2Fv2%2Fcomments&post=460"}],"version-history":[{"count":1,"href":"https:\/\/natsunivers.dk\/mytes\/index.php?rest_route=\/wp\/v2\/pages\/460\/revisions"}],"predecessor-version":[{"id":461,"href":"https:\/\/natsunivers.dk\/mytes\/index.php?rest_route=\/wp\/v2\/pages\/460\/revisions\/461"}],"wp:attachment":[{"href":"https:\/\/natsunivers.dk\/mytes\/index.php?rest_route=%2Fwp%2Fv2%2Fmedia&parent=460"}],"curies":[{"name":"wp","href":"https:\/\/api.w.org\/{rel}","templated":true}]}}