{"id":452,"date":"2023-01-29T17:00:46","date_gmt":"2023-01-29T17:00:46","guid":{"rendered":"https:\/\/natsunivers.dk\/mytes\/?page_id=452"},"modified":"2023-01-29T17:00:46","modified_gmt":"2023-01-29T17:00:46","slug":"sibylle","status":"publish","type":"page","link":"https:\/\/natsunivers.dk\/mytes\/?page_id=452","title":{"rendered":"Sibylle"},"content":{"rendered":"\n<p>Dette menes at have v\u00e6ret mere end en person og kan derfor v\u00e6re indviklet at sige hvem der gjorde hvad. Den ene var datter<br>af kong Dardanos af Troja og siges at v\u00e6re forfatter af de Sibyllinske b\u00f8ger. En anden der holdt til ved Cumae i syd Italien var ud\u00f8delig<br>men blev stadig \u00e6ldre.<br>En myte fort\u00e6ller at hun havde afsl\u00e5et Apollon&#8217;s gunst og at han derfor d\u00f8mte hende til evig \u00e6ldning. En anden myte siger dog at hun bad<br>ham om evigt liv men glemte at bede om evig ungdom. Derfor blev hun stadig \u00e6ldre indtil hun fra en flaske bad om at d\u00f8.<br>Sibylle var en sp\u00e5kvinde, profetinde, seerske og forkynder af guddommelige orakler. Netop derfor gik \u00c6neas til Sibylle og bad om r\u00e5d<br>f\u00f8r han tog ned til underverden.<br>En beretning fort\u00e6ller hvordan Sibylle tilb\u00f8d romerne at k\u00f8be de 9 Sibylliske b\u00f8ger der indeholdte orakelsvar om Roms sk\u00e6bne.<br>Romerne afslog tilbuddet og Sibylle br\u00e6ndte 3 af b\u00f8gerne hvorefter hun tilb\u00f8d de sidste 6 til samme pris. Endnu en gang afslog romerne at<br>k\u00f8be dem. Sibylle br\u00e6ndte da endnu 3 b\u00f8ger og tilb\u00f8d de sidste 3 til samme pris. Af skr\u00e6k for at de sidste 3 skulle blive br\u00e6ndt k\u00f8bte<br>romerne dem.<br>B\u00f8gerne blev opbevaret i templet p\u00e5 Capitol i Rom hvor de blev en afg\u00f8rende kilde for religi\u00f8s inspiration og vejledning.<br>Sibylle er desuden kendt under navnene: Sibylla og Sibyllen.<\/p>\n","protected":false},"excerpt":{"rendered":"<p>Dette menes at have v\u00e6ret mere end en person og kan derfor v\u00e6re indviklet at sige hvem der gjorde hvad. Den ene var datteraf kong Dardanos af Troja og siges at v\u00e6re forfatter af de Sibyllinske b\u00f8ger. En anden der holdt til ved Cumae i syd Italien var ud\u00f8deligmen blev stadig \u00e6ldre.En myte fort\u00e6ller at [&hellip;]<\/p>\n","protected":false},"author":1,"featured_media":0,"parent":0,"menu_order":0,"comment_status":"closed","ping_status":"closed","template":"","meta":[],"_links":{"self":[{"href":"https:\/\/natsunivers.dk\/mytes\/index.php?rest_route=\/wp\/v2\/pages\/452"}],"collection":[{"href":"https:\/\/natsunivers.dk\/mytes\/index.php?rest_route=\/wp\/v2\/pages"}],"about":[{"href":"https:\/\/natsunivers.dk\/mytes\/index.php?rest_route=\/wp\/v2\/types\/page"}],"author":[{"embeddable":true,"href":"https:\/\/natsunivers.dk\/mytes\/index.php?rest_route=\/wp\/v2\/users\/1"}],"replies":[{"embeddable":true,"href":"https:\/\/natsunivers.dk\/mytes\/index.php?rest_route=%2Fwp%2Fv2%2Fcomments&post=452"}],"version-history":[{"count":1,"href":"https:\/\/natsunivers.dk\/mytes\/index.php?rest_route=\/wp\/v2\/pages\/452\/revisions"}],"predecessor-version":[{"id":453,"href":"https:\/\/natsunivers.dk\/mytes\/index.php?rest_route=\/wp\/v2\/pages\/452\/revisions\/453"}],"wp:attachment":[{"href":"https:\/\/natsunivers.dk\/mytes\/index.php?rest_route=%2Fwp%2Fv2%2Fmedia&parent=452"}],"curies":[{"name":"wp","href":"https:\/\/api.w.org\/{rel}","templated":true}]}}