{"id":448,"date":"2023-01-29T16:59:19","date_gmt":"2023-01-29T16:59:19","guid":{"rendered":"https:\/\/natsunivers.dk\/mytes\/?page_id=448"},"modified":"2023-01-29T16:59:19","modified_gmt":"2023-01-29T16:59:19","slug":"shehbui","status":"publish","type":"page","link":"https:\/\/natsunivers.dk\/mytes\/?page_id=448","title":{"rendered":"Shehbui"},"content":{"rendered":"\n<p>Dette var en af de fire vindguder som hver is\u00e6r stod for en af vindene. Shehbui var guden for den sydlige vind.<br>Han blev afbildet med en mands krop og en l\u00f8ves hoved. I hver h\u00e5nd holdte han et Ankh og p\u00e5 hovedet havde han en krone best\u00e5ende<br>af en v\u00e6dders horn og 4 fjer. Desuden havde han to s\u00e6t vinger.<\/p>\n","protected":false},"excerpt":{"rendered":"<p>Dette var en af de fire vindguder som hver is\u00e6r stod for en af vindene. Shehbui var guden for den sydlige vind.Han blev afbildet med en mands krop og en l\u00f8ves hoved. I hver h\u00e5nd holdte han et Ankh og p\u00e5 hovedet havde han en krone best\u00e5endeaf en v\u00e6dders horn og 4 fjer. Desuden havde [&hellip;]<\/p>\n","protected":false},"author":1,"featured_media":0,"parent":0,"menu_order":0,"comment_status":"closed","ping_status":"closed","template":"","meta":[],"_links":{"self":[{"href":"https:\/\/natsunivers.dk\/mytes\/index.php?rest_route=\/wp\/v2\/pages\/448"}],"collection":[{"href":"https:\/\/natsunivers.dk\/mytes\/index.php?rest_route=\/wp\/v2\/pages"}],"about":[{"href":"https:\/\/natsunivers.dk\/mytes\/index.php?rest_route=\/wp\/v2\/types\/page"}],"author":[{"embeddable":true,"href":"https:\/\/natsunivers.dk\/mytes\/index.php?rest_route=\/wp\/v2\/users\/1"}],"replies":[{"embeddable":true,"href":"https:\/\/natsunivers.dk\/mytes\/index.php?rest_route=%2Fwp%2Fv2%2Fcomments&post=448"}],"version-history":[{"count":1,"href":"https:\/\/natsunivers.dk\/mytes\/index.php?rest_route=\/wp\/v2\/pages\/448\/revisions"}],"predecessor-version":[{"id":449,"href":"https:\/\/natsunivers.dk\/mytes\/index.php?rest_route=\/wp\/v2\/pages\/448\/revisions\/449"}],"wp:attachment":[{"href":"https:\/\/natsunivers.dk\/mytes\/index.php?rest_route=%2Fwp%2Fv2%2Fmedia&parent=448"}],"curies":[{"name":"wp","href":"https:\/\/api.w.org\/{rel}","templated":true}]}}