{"id":446,"date":"2023-01-29T16:58:35","date_gmt":"2023-01-29T16:58:35","guid":{"rendered":"https:\/\/natsunivers.dk\/mytes\/?page_id=446"},"modified":"2023-01-29T16:58:35","modified_gmt":"2023-01-29T16:58:35","slug":"sarpedon","status":"publish","type":"page","link":"https:\/\/natsunivers.dk\/mytes\/?page_id=446","title":{"rendered":"Sarpedon"},"content":{"rendered":"\n<p>Dette var en broder til Rhadamanthys og Minos.<br>De var alle s\u00f8nner af Zeus og Europa men blev adopteret af Asterius da denne<br>giftede sig med deres moder.<br>Asterius var konge af Kreta og efter hans d\u00f8d kom br\u00f8drene i strid om hvem der skulle have tronen. Alle var de glade for en ung mand ved navn<br>Miletos men at denne bedst kunne lide Sarpedon gjorde kun striden st\u00f8rre.<br>Der er delte meninger om hvorvidt det var Sarpedon der flygtede og grundlagde byen Milet eller om det var Miletos der blev sendt<br>v\u00e6k af Minos og selv opkaldte byen efter sig.<br>En anden og mindre kendt myte berettter at br\u00f8drene var i strid over den unge pige Atymnios og ikke Miletos.<br>Sarpedon rejste dog v\u00e6k og myten siger at Zeus lod ham leve for tre generationer hvorefter han blev dr\u00e6bt<br>af Patroklos.<\/p>\n","protected":false},"excerpt":{"rendered":"<p>Dette var en broder til Rhadamanthys og Minos.De var alle s\u00f8nner af Zeus og Europa men blev adopteret af Asterius da dennegiftede sig med deres moder.Asterius var konge af Kreta og efter hans d\u00f8d kom br\u00f8drene i strid om hvem der skulle have tronen. Alle var de glade for en ung mand ved navnMiletos men [&hellip;]<\/p>\n","protected":false},"author":1,"featured_media":0,"parent":0,"menu_order":0,"comment_status":"closed","ping_status":"closed","template":"","meta":[],"_links":{"self":[{"href":"https:\/\/natsunivers.dk\/mytes\/index.php?rest_route=\/wp\/v2\/pages\/446"}],"collection":[{"href":"https:\/\/natsunivers.dk\/mytes\/index.php?rest_route=\/wp\/v2\/pages"}],"about":[{"href":"https:\/\/natsunivers.dk\/mytes\/index.php?rest_route=\/wp\/v2\/types\/page"}],"author":[{"embeddable":true,"href":"https:\/\/natsunivers.dk\/mytes\/index.php?rest_route=\/wp\/v2\/users\/1"}],"replies":[{"embeddable":true,"href":"https:\/\/natsunivers.dk\/mytes\/index.php?rest_route=%2Fwp%2Fv2%2Fcomments&post=446"}],"version-history":[{"count":1,"href":"https:\/\/natsunivers.dk\/mytes\/index.php?rest_route=\/wp\/v2\/pages\/446\/revisions"}],"predecessor-version":[{"id":447,"href":"https:\/\/natsunivers.dk\/mytes\/index.php?rest_route=\/wp\/v2\/pages\/446\/revisions\/447"}],"wp:attachment":[{"href":"https:\/\/natsunivers.dk\/mytes\/index.php?rest_route=%2Fwp%2Fv2%2Fmedia&parent=446"}],"curies":[{"name":"wp","href":"https:\/\/api.w.org\/{rel}","templated":true}]}}