{"id":438,"date":"2023-01-29T16:44:39","date_gmt":"2023-01-29T16:44:39","guid":{"rendered":"https:\/\/natsunivers.dk\/mytes\/?page_id=438"},"modified":"2023-01-29T16:44:39","modified_gmt":"2023-01-29T16:44:39","slug":"ruadan","status":"publish","type":"page","link":"https:\/\/natsunivers.dk\/mytes\/?page_id=438","title":{"rendered":"R\u00faadan"},"content":{"rendered":"\n<p>Dette var en s\u00f8n af Brigit og Br\u00e9s. Da en del af hans sl\u00e6gt var T\u00faatcha D\u00e9 Danann blev han sendt ud som spion.<br>Mens han var spion s\u00e5 han hvordan Goibniu, Creidne og Uichne lavede spyd som var det p\u00e5 samleb\u00e5nd. Samtidig s\u00e5 han helbredelseskilden hvor de d\u00f8de kom til<br>live igen.<br>Senere blev han sendt tilbage til fomorernes forsamling for at dr\u00e6be Goibniu. F\u00f8rst fik han ham til at lave ham et spyd for s\u00e5 at<br>vende sig mod ham og kaste det.<br>S\u00e5ret hev Goibniu spyddet ud og dr\u00e6bte R\u00faadan med det mens dennes fader s\u00e5 p\u00e5. R\u00faadan&#8217;s moder gr\u00e6d den f\u00f8rste klagesang h\u00f8rt i Irland.<br>Goibniu gik efter at have dr\u00e6bt R\u00faadan hen til helbredelseskilden og fik helet sit s\u00e5r.<\/p>\n","protected":false},"excerpt":{"rendered":"<p>Dette var en s\u00f8n af Brigit og Br\u00e9s. Da en del af hans sl\u00e6gt var T\u00faatcha D\u00e9 Danann blev han sendt ud som spion.Mens han var spion s\u00e5 han hvordan Goibniu, Creidne og Uichne lavede spyd som var det p\u00e5 samleb\u00e5nd. Samtidig s\u00e5 han helbredelseskilden hvor de d\u00f8de kom tillive igen.Senere blev han sendt tilbage [&hellip;]<\/p>\n","protected":false},"author":1,"featured_media":0,"parent":0,"menu_order":0,"comment_status":"closed","ping_status":"closed","template":"","meta":[],"_links":{"self":[{"href":"https:\/\/natsunivers.dk\/mytes\/index.php?rest_route=\/wp\/v2\/pages\/438"}],"collection":[{"href":"https:\/\/natsunivers.dk\/mytes\/index.php?rest_route=\/wp\/v2\/pages"}],"about":[{"href":"https:\/\/natsunivers.dk\/mytes\/index.php?rest_route=\/wp\/v2\/types\/page"}],"author":[{"embeddable":true,"href":"https:\/\/natsunivers.dk\/mytes\/index.php?rest_route=\/wp\/v2\/users\/1"}],"replies":[{"embeddable":true,"href":"https:\/\/natsunivers.dk\/mytes\/index.php?rest_route=%2Fwp%2Fv2%2Fcomments&post=438"}],"version-history":[{"count":1,"href":"https:\/\/natsunivers.dk\/mytes\/index.php?rest_route=\/wp\/v2\/pages\/438\/revisions"}],"predecessor-version":[{"id":439,"href":"https:\/\/natsunivers.dk\/mytes\/index.php?rest_route=\/wp\/v2\/pages\/438\/revisions\/439"}],"wp:attachment":[{"href":"https:\/\/natsunivers.dk\/mytes\/index.php?rest_route=%2Fwp%2Fv2%2Fmedia&parent=438"}],"curies":[{"name":"wp","href":"https:\/\/api.w.org\/{rel}","templated":true}]}}