{"id":433,"date":"2023-02-05T17:13:53","date_gmt":"2023-02-05T17:13:53","guid":{"rendered":"https:\/\/natsunivers.dk\/mytes\/?page_id=433"},"modified":"2023-02-26T07:29:56","modified_gmt":"2023-02-26T07:29:56","slug":"keltiske-guder","status":"publish","type":"page","link":"https:\/\/natsunivers.dk\/mytes\/?page_id=433","title":{"rendered":"Keltiske Guder"},"content":{"rendered":"\n<div class=\"is-layout-flex wp-container-3 wp-block-columns\">\n<div class=\"is-layout-flow wp-block-column\" style=\"flex-basis:66.66%\">\n<p><strong>Arecurius:<\/strong> Denne har sin egen side. <strong>Link: <\/strong><a href=\"https:\/\/natsunivers.dk\/mytes\/?page_id=196\" data-type=\"URL\" data-id=\"https:\/\/natsunivers.dk\/mytes\/?page_id=196\">Arecurius<\/a><\/p>\n\n\n\n<p><strong>Belenos:<\/strong> Denne har sin egen side. <strong>Link:<\/strong> <a href=\"https:\/\/natsunivers.dk\/mytes\/?page_id=85\" data-type=\"URL\" data-id=\"https:\/\/natsunivers.dk\/mytes\/?page_id=85\">Belenos<\/a><\/p>\n\n\n\n<p><strong>Bile:<\/strong> Dette var en underverdensgud og Irernes stamfader. Han var fader til Mil og ankom den 1. maj til Irland for at h\u00e6vne gudinden Ith&#8217;s d\u00f8d. Han regnes desuden som sejrsherre i kampen mod T\u00faatha D\u00e9 Danann.<\/p>\n\n\n\n<p><strong>Borvo:<\/strong> Denne har sin egen side. <strong>Link:<\/strong> <a href=\"https:\/\/natsunivers.dk\/mytes\/?page_id=115\" data-type=\"URL\" data-id=\"https:\/\/natsunivers.dk\/mytes\/?page_id=115\">Borvo<\/a><\/p>\n\n\n\n<p><strong>Brian:<\/strong> Denne har sin egen side. <strong>Link:<\/strong> <a href=\"https:\/\/natsunivers.dk\/mytes\/?page_id=214\" data-type=\"URL\" data-id=\"https:\/\/natsunivers.dk\/mytes\/?page_id=214\">Brian<\/a><\/p>\n\n\n\n<p><strong>Dagda:<\/strong> Denne har sin egen side. <strong>Link:<\/strong> <a href=\"https:\/\/natsunivers.dk\/mytes\/?page_id=164\" data-type=\"URL\" data-id=\"https:\/\/natsunivers.dk\/mytes\/?page_id=164\">Dagda<\/a><\/p>\n\n\n\n<p><strong>Dian Cecht:<\/strong> Denne har sin egen side. <strong>Link:<\/strong> <a href=\"https:\/\/natsunivers.dk\/mytes\/?page_id=136\" data-type=\"URL\" data-id=\"https:\/\/natsunivers.dk\/mytes\/?page_id=136\">Dian Cecht<\/a><\/p>\n\n\n\n<p><strong>Donn: <\/strong>Donn var en Keltisk\/Irsk d\u00f8dsgud. Han var s\u00f8n af Mil og druknede ved \u00f8en Tech Duinn ved Sydvest Irland. Siden da har \u00f8en v\u00e6ret kendt som &#8220;de d\u00f8des \u00f8&#8221;. Dette var ogs\u00e5 grunden til at han blev d\u00f8dsguden. Han var den som tog imod de d\u00f8de efter sin egen d\u00f8d n\u00e5r de p\u00e5begyndte d\u00f8dens rejse.<\/p>\n\n\n\n<p><strong>Esus:<\/strong> Denne har sin egen side. <strong>Link:<\/strong> <a href=\"https:\/\/natsunivers.dk\/mytes\/?page_id=156\" data-type=\"URL\" data-id=\"https:\/\/natsunivers.dk\/mytes\/?page_id=156\">Esus<\/a><\/p>\n\n\n\n<p><strong>Goibniu:<\/strong> Denne har sin egen side.<strong> Link:<\/strong> <a href=\"https:\/\/natsunivers.dk\/mytes\/?page_id=294\" data-type=\"URL\" data-id=\"https:\/\/natsunivers.dk\/mytes\/?page_id=294\">Goibniu<\/a><\/p>\n\n\n\n<p><strong>Manannan:<\/strong> Dette var en irsk havgud der ved at betragte himlen kunne forudsige hvor vidt vejret blev godt eller d\u00e5rligt. Desuden var han hersker over Tir Tairngiri (l\u00f8fternes land) hvor ogs\u00e5 hans borg Emain Ablach l\u00e5. Han siges at v\u00e6re s\u00f8n af Lir\/Ler og var selv fader til Mongan. Manannan var den som s\u00f8rgede for gudernes ud\u00f8delighed ved at give dem f\u00f8de fra en kedel han havde som var bestandig fuld.<\/p>\n\n\n\n<p><strong>Midir:<\/strong> Midir var en Keltisk\/Irsk gud. Samtidig var han hersker over vidunderlandet Mag Mor. S\u00f8n var han af Danu og hans hustru var F\u00faamnach selvom han nu ogs\u00e5 havde lidt med Eta\u00edne. Engang da han blev ramt af en hasselk\u00e6p mistede han det ene \u00f8je. Dian Cecht som nogle mener er hans broder og andre hans l\u00e6ge gav ham et nyt \u00f8je. Midir tilh\u00f8rer T\u00faatha D\u00e9 Danann.<\/p>\n\n\n\n<p><strong>Mug Ruith:<\/strong> eller Mog Ruith var en irsk solgud som alt efter hvor man l\u00e6ser var en\u00f8jet eller fuldst\u00e6ndig blind. Hans fader er Cethern og historier fort\u00e6ller at hans \u00e5nde kan fordampe vande\/have. Han afbildes typisk farende hen over himlen i en vogn lavet af lys bronze eller flyvende gennem luften som en fugl.<\/p>\n\n\n\n<p><strong>Ogmios:<\/strong> Denne har sin egen side. <strong>Link:<\/strong> <a href=\"https:\/\/natsunivers.dk\/mytes\/?page_id=381\" data-type=\"URL\" data-id=\"https:\/\/natsunivers.dk\/mytes\/?page_id=381\">Ogmios<\/a><\/p>\n\n\n\n<p><strong>Pryderi:<\/strong> Pryderi var en Keltisk\\walisisk gud men ogs\u00e5 stamfader til briterne (priteni, pritani, britanni). Han var s\u00f8n af Pwyll og Rhiannon. Foranlediget af Gwydyons listighed bragte han svinene fra sin faders underverden til Wales.<\/p>\n\n\n\n<p><strong>Rudianus:<\/strong> Dette var en syd gallisk krigsgud som senere blev linket til den romerske gud Mars som Mars Rudianus. I Saint-Michel-de-Valbonne st\u00e5r en figur af ham til hest holdende 5 afsk\u00e5rende hoveder. Navnets rod &#8220;rudio&#8221; betyder r\u00f8d hvilket stemmer overens med hans status som krigsgud.<\/p>\n\n\n\n<p><strong>Smertrios:<\/strong> Dette var en gallisk krigsgud som blev afbildet som en sk\u00e6gget atlet svingende en k\u00f8lle over en slange. Et relief med ham er fundet i Paris.<\/p>\n\n\n\n<p><strong>Sucellos:<\/strong> Denne har f\u00e5et sin egen side. <strong>Link:<\/strong> <a href=\"https:\/\/natsunivers.dk\/mytes\/?page_id=487\" data-type=\"URL\" data-id=\"https:\/\/natsunivers.dk\/mytes\/?page_id=487\">Sucellos<\/a><\/p>\n\n\n\n<p><strong>Taranis:<\/strong> Denne har sin egen side. <strong>Link:<\/strong> <a href=\"https:\/\/natsunivers.dk\/mytes\/?page_id=493\" data-type=\"URL\" data-id=\"https:\/\/natsunivers.dk\/mytes\/?page_id=493\">Taranis<\/a><\/p>\n\n\n\n<p><strong>Taranucnus:<\/strong> Dette var en tordengud kendt fra en inskription fundet i B\u00f6ckingen og Godramstein i Tyskland. Han menes at v\u00e6re den samme som Taranis.<\/p>\n\n\n\n<p><strong>Teutates:<\/strong> Teutatis var en keltisk krigsgud og gallernes stammegud. Desuden blev han anset som v\u00e6rende en gud for frugtbarhed og handel og rigdom. Han havde op til flere tilnavne hvoraf kan n\u00e6vnes: Albrix (verdens konge) Caturix (kampens konge), Rigisamos (meget kongelig), Toutiorix (stammens konge) og Maponos (store yngling). Hans navn betyder stammens fader og b\u00e5de i tilnavne og andet ligner han meget Mars fra den romersk mytologi.<\/p>\n<\/div>\n\n\n\n<div class=\"is-layout-flow wp-block-column\" style=\"flex-basis:33.33%\">\n<script async src=\"https:\/\/pagead2.googlesyndication.com\/pagead\/js\/adsbygoogle.js?client=ca-pub-9147999370744615\"\n     crossorigin=\"anonymous\"><\/script>\n<!-- Ny nats -->\n<ins class=\"adsbygoogle\"\n     style=\"display:block\"\n     data-ad-client=\"ca-pub-9147999370744615\"\n     data-ad-slot=\"2957070328\"\n     data-ad-format=\"auto\"\n     data-full-width-responsive=\"true\"><\/ins>\n<script>\n     (adsbygoogle = window.adsbygoogle || []).push({});\n<\/script>\n<\/div>\n<\/div>\n","protected":false},"excerpt":{"rendered":"<p>Arecurius: Denne har sin egen side. Link: Arecurius Belenos: Denne har sin egen side. Link: Belenos Bile: Dette var en underverdensgud og Irernes stamfader. Han var fader til Mil og ankom den 1. maj til Irland for at h\u00e6vne gudinden Ith&#8217;s d\u00f8d. Han regnes desuden som sejrsherre i kampen mod T\u00faatha D\u00e9 Danann. Borvo: Denne [&hellip;]<\/p>\n","protected":false},"author":1,"featured_media":0,"parent":0,"menu_order":0,"comment_status":"closed","ping_status":"closed","template":"","meta":[],"_links":{"self":[{"href":"https:\/\/natsunivers.dk\/mytes\/index.php?rest_route=\/wp\/v2\/pages\/433"}],"collection":[{"href":"https:\/\/natsunivers.dk\/mytes\/index.php?rest_route=\/wp\/v2\/pages"}],"about":[{"href":"https:\/\/natsunivers.dk\/mytes\/index.php?rest_route=\/wp\/v2\/types\/page"}],"author":[{"embeddable":true,"href":"https:\/\/natsunivers.dk\/mytes\/index.php?rest_route=\/wp\/v2\/users\/1"}],"replies":[{"embeddable":true,"href":"https:\/\/natsunivers.dk\/mytes\/index.php?rest_route=%2Fwp%2Fv2%2Fcomments&post=433"}],"version-history":[{"count":10,"href":"https:\/\/natsunivers.dk\/mytes\/index.php?rest_route=\/wp\/v2\/pages\/433\/revisions"}],"predecessor-version":[{"id":1208,"href":"https:\/\/natsunivers.dk\/mytes\/index.php?rest_route=\/wp\/v2\/pages\/433\/revisions\/1208"}],"wp:attachment":[{"href":"https:\/\/natsunivers.dk\/mytes\/index.php?rest_route=%2Fwp%2Fv2%2Fmedia&parent=433"}],"curies":[{"name":"wp","href":"https:\/\/api.w.org\/{rel}","templated":true}]}}