{"id":431,"date":"2023-02-05T17:51:36","date_gmt":"2023-02-05T17:51:36","guid":{"rendered":"https:\/\/natsunivers.dk\/mytes\/?page_id=431"},"modified":"2023-02-26T07:29:02","modified_gmt":"2023-02-26T07:29:02","slug":"keltiske-andre-personer","status":"publish","type":"page","link":"https:\/\/natsunivers.dk\/mytes\/?page_id=431","title":{"rendered":"Keltiske Andre Personer"},"content":{"rendered":"\n<div class=\"is-layout-flex wp-container-3 wp-block-columns\">\n<div class=\"is-layout-flow wp-block-column\" style=\"flex-basis:66.66%\">\n<p><strong>Adammair:<\/strong> N\u00e6vnes undertiden i gamle fort\u00e6llinger som v\u00e6rende \u00e6gtemand til gudinden Flidais.<\/p>\n\n\n\n<p><strong>Aed Abrat:<\/strong> Fader til Fand og undertiden ogs\u00e5 til Li Ban. Han har desuden s\u00f8nnen Angus. Hans navn overs\u00e6ttes til &#8220;pupillens ild&#8221; eller &#8220;\u00f8jets lys&#8221;.<\/p>\n\n\n\n<p><strong>\u00c1ed \u00c1lainn:<\/strong> Dette var B\u00e9binn&#8217;s \u00e6gtemand. Hans navn menes at betyde &#8220;den smukke&#8221;.<\/p>\n\n\n\n<p><strong>Aife Derg:<\/strong> Dette var en datter af en af kongerne af Connacht. Denne indgik et \u00e6gteskab arrangeret af St. Patrick.<\/p>\n\n\n\n<p><strong>Aiofe:<\/strong> Denne har sin egen side. <strong>Link:<\/strong> <a href=\"https:\/\/natsunivers.dk\/mytes\/?page_id=51\" data-type=\"URL\" data-id=\"https:\/\/natsunivers.dk\/mytes\/?page_id=51\">Aiofe<\/a><\/p>\n\n\n\n<p><strong>Cethnenn:<\/strong> Dette var Balor&#8217;s hustru og hendes navn menes at betyde &#8220;hende med de udst\u00e5ende t\u00e6nder&#8221;.<\/p>\n\n\n\n<p><strong>Codal:<\/strong> Dette var \u00c9riu&#8217;s plejefar.<\/p>\n\n\n\n<p><strong>Comala:<\/strong> If\u00f8lge Macpherson&#8217;s Ossian fra 1760 er dette navnet p\u00e5 den skurkeagtige Starno&#8217;s datter som forelsker sig i Fingal.<\/p>\n\n\n\n<p><strong>Cool: <\/strong>Det anglesaksiske navn for Cumhall som var fader til Fionn Mac Cumhaill.<\/p>\n\n\n\n<p><strong>Cuimne\/Cuimhne: <\/strong>Dette var navnet p\u00e5 den k\u00e6lling\/heks som hjalp Mong\u00e1n med at hente hans kone Dubh Lacha hjem.<\/p>\n\n\n\n<p><strong>Culann\/Culand:<\/strong> Smed i ulster. En dag hvor han underholdte de adelige ankom drengen S\u00e9tana til hans hjem og dr\u00e6bte hans vagthund. Drengen tilb\u00f8d at tage hundens plads og hed efter den dag C\u00fachulainn som betyder Culann&#8217;s hund. Culann fremstillede desuden Conchobar mac Nessa&#8217;s sv\u00e6rd, spyd og skjold. Nogle mener at han kan v\u00e6re den samme som Manannan mac Lir.<\/p>\n\n\n\n<p><strong>Eithne \u00daathach:<\/strong> Dette var en datter af Crimthann M\u00f3r mac Fidaig som for at hun hurtigere skulle vokse sig stor nok til giftealderen, blev tvunget til at spise k\u00f8det fra sp\u00e6db\u00f8rn.<\/p>\n\n\n\n<p><strong>\u00c9le:<\/strong> \u00c9le eller \u00c9ile var en datter af Eochaid Feidlich og anses normalt for v\u00e6rende en s\u00f8ster til Mebd, Clothra, Eithne og Mugain.<\/p>\n\n\n\n<p><strong>Englic:<\/strong> Dette var en af Lug L\u00e1mfhota&#8217;s hustruer.<\/p>\n\n\n\n<p><strong>\u00c9tan:<\/strong> Dette var en hustru til Ogma og en datter af Dian C\u00e9cht. Hun menes at have v\u00e6ret mor til Tuireann og af og til n\u00e6vnes hun ogs\u00e5 som mor til Cairbre mac Ethne.<\/p>\n\n\n\n<p><strong>\u00c9tan:<\/strong> En anden keltisk \u00c9tan var C\u00fachulainn&#8217;s elskerinde. Hvem han gav en ring som tegn p\u00e5 deres k\u00e6rlighedsaff\u00e6re.<\/p>\n\n\n\n<p><strong>F\u00e9thnat:<\/strong> Kvindelig musiker hos Tuatha D\u00e9 Danann.<\/p>\n\n\n\n<p><strong>Fomorerne:<\/strong> Fomorerne blev anset som Keltiske underverdens d\u00e6moner og var en stamme af k\u00e6mper. De udgjorde Irlands urbefolkning og var T\u00faatha D\u00e9 Danann&#8217;s fjender. I slaget ved Mag Tured blev de besejret af deres fjender T\u00faatha D\u00e9 Danann. Af Fomorer kan blandt andet n\u00e6vnes Balor deres anf\u00f8rer og Bress&#8217; for\u00e6ldre kong Elatha og Eriu.<\/p>\n\n\n\n<p><strong>Girle Guairle:<\/strong> Denne har f\u00e5et sin egen side. <strong>Link:<\/strong> <a href=\"https:\/\/natsunivers.dk\/mytes\/?page_id=202\" data-type=\"URL\" data-id=\"https:\/\/natsunivers.dk\/mytes\/?page_id=202\">Girle Guairle<\/a><\/p>\n\n\n\n<p><strong>Gwern: <\/strong>Dette var en ung dreng og s\u00f8n af Branwen og Matholwch if\u00f8lge Mabinogi&#8217;en. Efnisien dr\u00e6bte ham da han i jalousi over ikke at blive beregnet som en af fyrsterne greb drengen og smed ham ind i ilden.<\/p>\n\n\n\n<p><strong>Imchad:<\/strong> Denne keltiske mand blev i \u00e6ldre tekster beskrevet som v\u00e6rende en ond \u00e6gtemand til Uirne.<\/p>\n\n\n\n<p><strong>Korentin:<\/strong> Dette var en biskop af Quimper if\u00f8lge den bretonske legende om byen Ys. Her f\u00e5r han fat i en fisk som han kan spise den ene dag ogs\u00e5 finde hel dagen efter.<\/p>\n\n\n\n<p><strong>L\u00e1eg:<\/strong> Dette var en ven og meddeler til C\u00fachulainn. Han blev dr\u00e6bt af et spyd kastet af Lugaid mac Con Roi som egentlig sigtede efter C\u00fachulainn.<\/p>\n\n\n\n<p><strong>Loarn:<\/strong> Dette var en af Erc&#8217;s tre s\u00f8nner og den som grundlagde kongeriget D\u00e1l Riada i Argyll i det 5. \u00e5rhundrede. Mange skotske h\u00f8jlands familier kan f\u00f8res tilbage til ham.<\/p>\n\n\n\n<p><strong>Luchtigern: <\/strong>Muse herre af Kiltenny. Han blev dr\u00e6bt af en k\u00e6mpe kat ved navn Banghaisgidheach.<\/p>\n\n\n\n<p><strong>Mechi:<\/strong> En s\u00f8n af M\u00f3rr\u00edgan. Han skulle have haft 3 hjerter og i hvert hjerte levede en lille slange. Mechi blev dr\u00e6bt af Mac C\u00e9cht ved bredden af Barrow floden. Her blev hans lig br\u00e6ndt og asken blev smidt i floden.<\/p>\n\n\n\n<p><strong>Noise:<\/strong> S\u00f8n af Uislius som Deirdre tog sig som elsker og senere l\u00f8b v\u00e6k sammen med. Deidre&#8217;s mand kong Conchobor lovede dog fred hvorfor parret valgte at rejse tilbage. Ved ankomst til Emain Macha blev Noise og hans br\u00f8dre i midlertid sl\u00e5et ihjel af kongens m\u00e6nd. Andre stavem\u00e5der: Naoise, Naisi, Noisiu.<\/p>\n\n\n\n<p><strong>Morfran:<\/strong> Denne har f\u00e5et sin egen side. <strong>Link:<\/strong> <a href=\"https:\/\/natsunivers.dk\/mytes\/?page_id=335\" data-type=\"URL\" data-id=\"https:\/\/natsunivers.dk\/mytes\/?page_id=335\">Morfran<\/a><\/p>\n\n\n\n<p><strong>Odras:<\/strong> Ulykkelig d\u00f8delig kvinde som blev forvandlet til en p\u00f8l af vand af M\u00f3rr\u00edgan. Andre stavem\u00e5der: Odhras, Odrus.<\/p>\n\n\n\n<p><strong>Olwen:<\/strong> Datter af k\u00e6mpen Ysbaddaden. Grundet en forbandelse kastet over Culhwch elskede denne Olwen uden at have m\u00f8dt hende. Med hj\u00e6lp fra Arthur\u00b4s m\u00e6nd finder Culhwch frem til Olwen og efter adskillige pr\u00f8velser opgiver Ysbaddaden endelig og giver sin velsignelse. Arthur\u00b4s m\u00e6nd dr\u00e6ber dog Ysbaddaden hvorefter Culhwch l\u00e6gger med Olwen.<\/p>\n\n\n\n<p><strong>Parthan\u00e1n:<\/strong> Dette var en landbrugsd\u00e6mon som var mest kendt i vest Irland. Han kom hver gang omkring h\u00f8sttid hvor han t\u00e6rskede den venstre side af marken. Han menes at nedstamme fra Parthol\u00f3n.<\/p>\n\n\n\n<p><strong>Rhun:<\/strong> Navn b\u00e5ret af et dusin historiske skikkelser hvoraf den bedst kendte var Maelgwn&#8217;s s\u00f8n. Elphin bes\u00f8gte Maelgwn en gang hvor han pralede med at hans kone var mere trofast end selve dronningen. Maelgwn blev vred over pralet, f\u00e6ngslede Elphin og sendte sin s\u00f8n Rhun for at forf\u00f8re den omtalte kone. Elphin&#8217;s kone var dog blev advaret af den alt vidende Taliesin s\u00e5 da Rhun ankom havde hun byttet plads med en tjenestepige. F\u00f8rst senere fandt han ud af at han havde forf\u00f8rt den forkerte og da var det for sent.<\/p>\n\n\n\n<p><strong>R\u00faadan: <\/strong>Denne har sin egen side.<strong> Link:<\/strong> <a href=\"https:\/\/natsunivers.dk\/mytes\/?page_id=438\" data-type=\"URL\" data-id=\"https:\/\/natsunivers.dk\/mytes\/?page_id=438\">R\u00faadan<\/a><\/p>\n\n\n\n<p><strong>Uchtdealb:<\/strong> Dette var en Iollan Eachtach&#8217;s afviste elskerinder og var den som forvandlede Uirne til en hund. Hendes navn menes at betyde &#8220;Tomt ondsindet bryst&#8221;.<\/p>\n<\/div>\n\n\n\n<div class=\"is-layout-flow wp-block-column\" style=\"flex-basis:33.33%\">\n<script async src=\"https:\/\/pagead2.googlesyndication.com\/pagead\/js\/adsbygoogle.js?client=ca-pub-9147999370744615\"\n     crossorigin=\"anonymous\"><\/script>\n<!-- Ny nats -->\n<ins class=\"adsbygoogle\"\n     style=\"display:block\"\n     data-ad-client=\"ca-pub-9147999370744615\"\n     data-ad-slot=\"2957070328\"\n     data-ad-format=\"auto\"\n     data-full-width-responsive=\"true\"><\/ins>\n<script>\n     (adsbygoogle = window.adsbygoogle || []).push({});\n<\/script>\n<\/div>\n<\/div>\n","protected":false},"excerpt":{"rendered":"<p>Adammair: N\u00e6vnes undertiden i gamle fort\u00e6llinger som v\u00e6rende \u00e6gtemand til gudinden Flidais. Aed Abrat: Fader til Fand og undertiden ogs\u00e5 til Li Ban. Han har desuden s\u00f8nnen Angus. Hans navn overs\u00e6ttes til &#8220;pupillens ild&#8221; eller &#8220;\u00f8jets lys&#8221;. \u00c1ed \u00c1lainn: Dette var B\u00e9binn&#8217;s \u00e6gtemand. Hans navn menes at betyde &#8220;den smukke&#8221;. Aife Derg: Dette var en [&hellip;]<\/p>\n","protected":false},"author":1,"featured_media":0,"parent":0,"menu_order":0,"comment_status":"closed","ping_status":"closed","template":"","meta":[],"_links":{"self":[{"href":"https:\/\/natsunivers.dk\/mytes\/index.php?rest_route=\/wp\/v2\/pages\/431"}],"collection":[{"href":"https:\/\/natsunivers.dk\/mytes\/index.php?rest_route=\/wp\/v2\/pages"}],"about":[{"href":"https:\/\/natsunivers.dk\/mytes\/index.php?rest_route=\/wp\/v2\/types\/page"}],"author":[{"embeddable":true,"href":"https:\/\/natsunivers.dk\/mytes\/index.php?rest_route=\/wp\/v2\/users\/1"}],"replies":[{"embeddable":true,"href":"https:\/\/natsunivers.dk\/mytes\/index.php?rest_route=%2Fwp%2Fv2%2Fcomments&post=431"}],"version-history":[{"count":15,"href":"https:\/\/natsunivers.dk\/mytes\/index.php?rest_route=\/wp\/v2\/pages\/431\/revisions"}],"predecessor-version":[{"id":1207,"href":"https:\/\/natsunivers.dk\/mytes\/index.php?rest_route=\/wp\/v2\/pages\/431\/revisions\/1207"}],"wp:attachment":[{"href":"https:\/\/natsunivers.dk\/mytes\/index.php?rest_route=%2Fwp%2Fv2%2Fmedia&parent=431"}],"curies":[{"name":"wp","href":"https:\/\/api.w.org\/{rel}","templated":true}]}}