{"id":417,"date":"2023-01-29T16:34:02","date_gmt":"2023-01-29T16:34:02","guid":{"rendered":"https:\/\/natsunivers.dk\/mytes\/?page_id=417"},"modified":"2023-01-29T16:34:02","modified_gmt":"2023-01-29T16:34:02","slug":"phaidra-faidra","status":"publish","type":"page","link":"https:\/\/natsunivers.dk\/mytes\/?page_id=417","title":{"rendered":"Phaidra\/Faidra"},"content":{"rendered":"\n<p>Dette var <a href=\"theseus.php\">Theseus<\/a>&#8216; anden hustru og sammen havde de b\u00f8rnene Acamas &amp; Demophon.<br>Da gudinden <a href=\"afrodite.php\">Afrodite<\/a> s\u00e5 sig ond p\u00e5 hendes steds\u00f8n Hippolytos fordi han kun havde \u00f8je for jagt og <a href=\"artemis.php\">Artemis<\/a>,<br>t\u00e6ndte hun som straf en kraftig lidenskab til ham hos den ellers \u00e6dle stedmor Phaidra.<br>Ramt af denne lidenskab gjorde Phaidra sig til for hendes steds\u00f8n Hippolytos men blev afvist. Afvisningen forvandelede hendes pludselige<br>k\u00e6rlighed til et pludseligt og intenst had.<br>I et brev til hendes \u00e6gtemand og Hippolytos&#8217; far Theseus skrev hun at s\u00f8nnen gentagne gange var kommet med tiln\u00e6rmelser og at det var grunden til<br>at det nu var blevet hende for mig og at hun tog sit eget liv.<\/p>\n","protected":false},"excerpt":{"rendered":"<p>Dette var Theseus&#8216; anden hustru og sammen havde de b\u00f8rnene Acamas &amp; Demophon.Da gudinden Afrodite s\u00e5 sig ond p\u00e5 hendes steds\u00f8n Hippolytos fordi han kun havde \u00f8je for jagt og Artemis,t\u00e6ndte hun som straf en kraftig lidenskab til ham hos den ellers \u00e6dle stedmor Phaidra.Ramt af denne lidenskab gjorde Phaidra sig til for hendes steds\u00f8n [&hellip;]<\/p>\n","protected":false},"author":1,"featured_media":0,"parent":0,"menu_order":0,"comment_status":"closed","ping_status":"closed","template":"","meta":[],"_links":{"self":[{"href":"https:\/\/natsunivers.dk\/mytes\/index.php?rest_route=\/wp\/v2\/pages\/417"}],"collection":[{"href":"https:\/\/natsunivers.dk\/mytes\/index.php?rest_route=\/wp\/v2\/pages"}],"about":[{"href":"https:\/\/natsunivers.dk\/mytes\/index.php?rest_route=\/wp\/v2\/types\/page"}],"author":[{"embeddable":true,"href":"https:\/\/natsunivers.dk\/mytes\/index.php?rest_route=\/wp\/v2\/users\/1"}],"replies":[{"embeddable":true,"href":"https:\/\/natsunivers.dk\/mytes\/index.php?rest_route=%2Fwp%2Fv2%2Fcomments&post=417"}],"version-history":[{"count":1,"href":"https:\/\/natsunivers.dk\/mytes\/index.php?rest_route=\/wp\/v2\/pages\/417\/revisions"}],"predecessor-version":[{"id":418,"href":"https:\/\/natsunivers.dk\/mytes\/index.php?rest_route=\/wp\/v2\/pages\/417\/revisions\/418"}],"wp:attachment":[{"href":"https:\/\/natsunivers.dk\/mytes\/index.php?rest_route=%2Fwp%2Fv2%2Fmedia&parent=417"}],"curies":[{"name":"wp","href":"https:\/\/api.w.org\/{rel}","templated":true}]}}