{"id":415,"date":"2023-01-29T16:33:25","date_gmt":"2023-01-29T16:33:25","guid":{"rendered":"https:\/\/natsunivers.dk\/mytes\/?page_id=415"},"modified":"2023-01-29T16:33:25","modified_gmt":"2023-01-29T16:33:25","slug":"qebui","status":"publish","type":"page","link":"https:\/\/natsunivers.dk\/mytes\/?page_id=415","title":{"rendered":"Qebui"},"content":{"rendered":"\n<p>Dette var en af de fire vindguder som hver is\u00e6r stod for en af vindene. Qebui var gud for den nordlige vind og blev afbildet p\u00e5<br>en af to m\u00e5der.<br>Enten som v\u00e6dder med en enkelt fjer p\u00e5 hvert horn eller \u2026<br>Som mand med 4 v\u00e6dder hoveder og en krone med 4 fjer p\u00e5 hornene. I hver h\u00e5nd holdte han et Ankh og p\u00e5 ryggen<br>havde han to s\u00e6t vinger.<\/p>\n","protected":false},"excerpt":{"rendered":"<p>Dette var en af de fire vindguder som hver is\u00e6r stod for en af vindene. Qebui var gud for den nordlige vind og blev afbildet p\u00e5en af to m\u00e5der.Enten som v\u00e6dder med en enkelt fjer p\u00e5 hvert horn eller \u2026Som mand med 4 v\u00e6dder hoveder og en krone med 4 fjer p\u00e5 hornene. I hver [&hellip;]<\/p>\n","protected":false},"author":1,"featured_media":0,"parent":0,"menu_order":0,"comment_status":"closed","ping_status":"closed","template":"","meta":[],"_links":{"self":[{"href":"https:\/\/natsunivers.dk\/mytes\/index.php?rest_route=\/wp\/v2\/pages\/415"}],"collection":[{"href":"https:\/\/natsunivers.dk\/mytes\/index.php?rest_route=\/wp\/v2\/pages"}],"about":[{"href":"https:\/\/natsunivers.dk\/mytes\/index.php?rest_route=\/wp\/v2\/types\/page"}],"author":[{"embeddable":true,"href":"https:\/\/natsunivers.dk\/mytes\/index.php?rest_route=\/wp\/v2\/users\/1"}],"replies":[{"embeddable":true,"href":"https:\/\/natsunivers.dk\/mytes\/index.php?rest_route=%2Fwp%2Fv2%2Fcomments&post=415"}],"version-history":[{"count":1,"href":"https:\/\/natsunivers.dk\/mytes\/index.php?rest_route=\/wp\/v2\/pages\/415\/revisions"}],"predecessor-version":[{"id":416,"href":"https:\/\/natsunivers.dk\/mytes\/index.php?rest_route=\/wp\/v2\/pages\/415\/revisions\/416"}],"wp:attachment":[{"href":"https:\/\/natsunivers.dk\/mytes\/index.php?rest_route=%2Fwp%2Fv2%2Fmedia&parent=415"}],"curies":[{"name":"wp","href":"https:\/\/api.w.org\/{rel}","templated":true}]}}