{"id":407,"date":"2023-01-29T16:30:44","date_gmt":"2023-01-29T16:30:44","guid":{"rendered":"https:\/\/natsunivers.dk\/mytes\/?page_id=407"},"modified":"2023-01-29T16:30:44","modified_gmt":"2023-01-29T16:30:44","slug":"persephone","status":"publish","type":"page","link":"https:\/\/natsunivers.dk\/mytes\/?page_id=407","title":{"rendered":"Persephone"},"content":{"rendered":"\n<p>Persephone var datter af Zeus og Demeter. Som ung pige blev hun bortf\u00f8rt af Hades og bragt til hans rige<br>i underverdenen. Nogle beretninger fort\u00e6ller om en aftale mellem Zeus og Hades som Demeter ikke kendte til.<br>I underverdenen blev Persephone dronning og Hades&#8217; hustru samt gudinde for underverdenen. Senere blev hun<br>desuden gudinde for frugtbarhed og vegetationen der blomstrer om sommeren og om vinteren d\u00f8r. Det sidste som symbol p\u00e5 hendes<br>eget liv. P\u00e5 grund af hendes moders savn m\u00e5tte hun leve en del af \u00e5ret hos sin \u00e6gtemand i underverdenen og den anden<br>del hos sin moder p\u00e5 jorden. Persephone kunne aldrig helt forlade underverdenen idet hun havde spist af maden dernede.<br>Som tilnavn fik hun navnet Kore som betyder pige. Hendes attributter var aks og granat\u00e6ble.<\/p>\n","protected":false},"excerpt":{"rendered":"<p>Persephone var datter af Zeus og Demeter. Som ung pige blev hun bortf\u00f8rt af Hades og bragt til hans rigei underverdenen. Nogle beretninger fort\u00e6ller om en aftale mellem Zeus og Hades som Demeter ikke kendte til.I underverdenen blev Persephone dronning og Hades&#8217; hustru samt gudinde for underverdenen. Senere blev hundesuden gudinde for frugtbarhed og vegetationen [&hellip;]<\/p>\n","protected":false},"author":1,"featured_media":0,"parent":0,"menu_order":0,"comment_status":"closed","ping_status":"closed","template":"","meta":[],"_links":{"self":[{"href":"https:\/\/natsunivers.dk\/mytes\/index.php?rest_route=\/wp\/v2\/pages\/407"}],"collection":[{"href":"https:\/\/natsunivers.dk\/mytes\/index.php?rest_route=\/wp\/v2\/pages"}],"about":[{"href":"https:\/\/natsunivers.dk\/mytes\/index.php?rest_route=\/wp\/v2\/types\/page"}],"author":[{"embeddable":true,"href":"https:\/\/natsunivers.dk\/mytes\/index.php?rest_route=\/wp\/v2\/users\/1"}],"replies":[{"embeddable":true,"href":"https:\/\/natsunivers.dk\/mytes\/index.php?rest_route=%2Fwp%2Fv2%2Fcomments&post=407"}],"version-history":[{"count":1,"href":"https:\/\/natsunivers.dk\/mytes\/index.php?rest_route=\/wp\/v2\/pages\/407\/revisions"}],"predecessor-version":[{"id":408,"href":"https:\/\/natsunivers.dk\/mytes\/index.php?rest_route=\/wp\/v2\/pages\/407\/revisions\/408"}],"wp:attachment":[{"href":"https:\/\/natsunivers.dk\/mytes\/index.php?rest_route=%2Fwp%2Fv2%2Fmedia&parent=407"}],"curies":[{"name":"wp","href":"https:\/\/api.w.org\/{rel}","templated":true}]}}