{"id":405,"date":"2023-01-29T16:29:13","date_gmt":"2023-01-29T16:29:13","guid":{"rendered":"https:\/\/natsunivers.dk\/mytes\/?page_id=405"},"modified":"2023-02-26T06:57:01","modified_gmt":"2023-02-26T06:57:01","slug":"hesperiderne","status":"publish","type":"page","link":"https:\/\/natsunivers.dk\/mytes\/?page_id=405","title":{"rendered":"Hesperiderne"},"content":{"rendered":"\n<div class=\"is-layout-flex wp-container-3 wp-block-columns\">\n<div class=\"is-layout-flow wp-block-column\" style=\"flex-basis:66.66%\">\n<p>Disse siges at v\u00e6re d\u00f8tre af natten (Nyx) og i senere myter af Zeus og Themis. Deres navne var; Hespera, A\u00e9gle og Erytheis.<br>Sammen passede de et tr\u00e6 med gyldne \u00e6bler der var blevet givet til Hera af Gaia som bryllupsgave. Hesperidernes have, hvori tr\u00e6et stod, l\u00e5 p\u00e5 siden af bjerget Atlas.<\/p>\n<\/div>\n\n\n\n<div class=\"is-layout-flow wp-block-column\" style=\"flex-basis:33.33%\">\n<script async src=\"https:\/\/pagead2.googlesyndication.com\/pagead\/js\/adsbygoogle.js?client=ca-pub-9147999370744615\"\n     crossorigin=\"anonymous\"><\/script>\n<!-- Ny nats -->\n<ins class=\"adsbygoogle\"\n     style=\"display:block\"\n     data-ad-client=\"ca-pub-9147999370744615\"\n     data-ad-slot=\"2957070328\"\n     data-ad-format=\"auto\"\n     data-full-width-responsive=\"true\"><\/ins>\n<script>\n     (adsbygoogle = window.adsbygoogle || []).push({});\n<\/script>\n<\/div>\n<\/div>\n","protected":false},"excerpt":{"rendered":"<p>Disse siges at v\u00e6re d\u00f8tre af natten (Nyx) og i senere myter af Zeus og Themis. Deres navne var; Hespera, A\u00e9gle og Erytheis.Sammen passede de et tr\u00e6 med gyldne \u00e6bler der var blevet givet til Hera af Gaia som bryllupsgave. Hesperidernes have, hvori tr\u00e6et stod, l\u00e5 p\u00e5 siden af bjerget Atlas.<\/p>\n","protected":false},"author":1,"featured_media":0,"parent":0,"menu_order":0,"comment_status":"closed","ping_status":"closed","template":"","meta":[],"_links":{"self":[{"href":"https:\/\/natsunivers.dk\/mytes\/index.php?rest_route=\/wp\/v2\/pages\/405"}],"collection":[{"href":"https:\/\/natsunivers.dk\/mytes\/index.php?rest_route=\/wp\/v2\/pages"}],"about":[{"href":"https:\/\/natsunivers.dk\/mytes\/index.php?rest_route=\/wp\/v2\/types\/page"}],"author":[{"embeddable":true,"href":"https:\/\/natsunivers.dk\/mytes\/index.php?rest_route=\/wp\/v2\/users\/1"}],"replies":[{"embeddable":true,"href":"https:\/\/natsunivers.dk\/mytes\/index.php?rest_route=%2Fwp%2Fv2%2Fcomments&post=405"}],"version-history":[{"count":2,"href":"https:\/\/natsunivers.dk\/mytes\/index.php?rest_route=\/wp\/v2\/pages\/405\/revisions"}],"predecessor-version":[{"id":1176,"href":"https:\/\/natsunivers.dk\/mytes\/index.php?rest_route=\/wp\/v2\/pages\/405\/revisions\/1176"}],"wp:attachment":[{"href":"https:\/\/natsunivers.dk\/mytes\/index.php?rest_route=%2Fwp%2Fv2%2Fmedia&parent=405"}],"curies":[{"name":"wp","href":"https:\/\/api.w.org\/{rel}","templated":true}]}}