{"id":403,"date":"2023-01-29T16:28:11","date_gmt":"2023-01-29T16:28:11","guid":{"rendered":"https:\/\/natsunivers.dk\/mytes\/?page_id=403"},"modified":"2023-02-26T09:22:05","modified_gmt":"2023-02-26T09:22:05","slug":"narkissos","status":"publish","type":"page","link":"https:\/\/natsunivers.dk\/mytes\/?page_id=403","title":{"rendered":"Narkissos"},"content":{"rendered":"\n<div class=\"is-layout-flex wp-container-3 wp-block-columns\">\n<div class=\"is-layout-flow wp-block-column\" style=\"flex-basis:66.66%\">\n<p>If\u00f8lge den gr\u00e6ske mytologi var Narkissos den smukke s\u00f8n af flodguden Kefissos i Boiotien og nymfen Leirope.<br>Mange b\u00e5de d\u00f8delige og ud\u00f8delige elskede ham. Her i blandt nymfen Echo. Hun pr\u00f8vede ligesom andre at tiltr\u00e6kke ham men da det mislykkedes svandt hun hen og d\u00f8de af sorg. I stedet blev hun til kun et ekko af sin stemme.<br>Geng\u00e6ldelsens gudinde Nemesis d\u00f8mte ham derefter til resten af sit liv at v\u00e6re forelsket i sit eget spejlbillede i vandet. Han kunne derfor ikke l\u00f8srive sig fra bredden og d\u00f8de til sidst. Efter hans d\u00f8d blev han til blomsten der b\u00e6rer hans navn.<\/p>\n<\/div>\n\n\n\n<div class=\"is-layout-flow wp-block-column\" style=\"flex-basis:33.33%\">\n<script async src=\"https:\/\/pagead2.googlesyndication.com\/pagead\/js\/adsbygoogle.js?client=ca-pub-9147999370744615\"\n     crossorigin=\"anonymous\"><\/script>\n<!-- Ny nats -->\n<ins class=\"adsbygoogle\"\n     style=\"display:block\"\n     data-ad-client=\"ca-pub-9147999370744615\"\n     data-ad-slot=\"2957070328\"\n     data-ad-format=\"auto\"\n     data-full-width-responsive=\"true\"><\/ins>\n<script>\n     (adsbygoogle = window.adsbygoogle || []).push({});\n<\/script>\n<\/div>\n<\/div>\n","protected":false},"excerpt":{"rendered":"<p>If\u00f8lge den gr\u00e6ske mytologi var Narkissos den smukke s\u00f8n af flodguden Kefissos i Boiotien og nymfen Leirope.Mange b\u00e5de d\u00f8delige og ud\u00f8delige elskede ham. Her i blandt nymfen Echo. Hun pr\u00f8vede ligesom andre at tiltr\u00e6kke ham men da det mislykkedes svandt hun hen og d\u00f8de af sorg. I stedet blev hun til kun et ekko af [&hellip;]<\/p>\n","protected":false},"author":1,"featured_media":0,"parent":0,"menu_order":0,"comment_status":"closed","ping_status":"closed","template":"","meta":[],"_links":{"self":[{"href":"https:\/\/natsunivers.dk\/mytes\/index.php?rest_route=\/wp\/v2\/pages\/403"}],"collection":[{"href":"https:\/\/natsunivers.dk\/mytes\/index.php?rest_route=\/wp\/v2\/pages"}],"about":[{"href":"https:\/\/natsunivers.dk\/mytes\/index.php?rest_route=\/wp\/v2\/types\/page"}],"author":[{"embeddable":true,"href":"https:\/\/natsunivers.dk\/mytes\/index.php?rest_route=\/wp\/v2\/users\/1"}],"replies":[{"embeddable":true,"href":"https:\/\/natsunivers.dk\/mytes\/index.php?rest_route=%2Fwp%2Fv2%2Fcomments&post=403"}],"version-history":[{"count":2,"href":"https:\/\/natsunivers.dk\/mytes\/index.php?rest_route=\/wp\/v2\/pages\/403\/revisions"}],"predecessor-version":[{"id":1243,"href":"https:\/\/natsunivers.dk\/mytes\/index.php?rest_route=\/wp\/v2\/pages\/403\/revisions\/1243"}],"wp:attachment":[{"href":"https:\/\/natsunivers.dk\/mytes\/index.php?rest_route=%2Fwp%2Fv2%2Fmedia&parent=403"}],"curies":[{"name":"wp","href":"https:\/\/api.w.org\/{rel}","templated":true}]}}