{"id":397,"date":"2023-01-29T16:25:02","date_gmt":"2023-01-29T16:25:02","guid":{"rendered":"https:\/\/natsunivers.dk\/mytes\/?page_id=397"},"modified":"2023-01-29T16:25:02","modified_gmt":"2023-01-29T16:25:02","slug":"pelopia","status":"publish","type":"page","link":"https:\/\/natsunivers.dk\/mytes\/?page_id=397","title":{"rendered":"Pelopia"},"content":{"rendered":"\n<p>Dette var en datter af Thyestes som desuden siges at v\u00e6re pr\u00e6stinde i Sicyon. Grundet et varsel voldtog hendes fader hende mens v\u00e6rende i forkl\u00e6dning. Da<br>Thyestes flygtede efterlod han sit sv\u00e6rd som han havde truet hende med under voldt\u00e6gten. Pelopia valgte at gemme sv\u00e6rdet eftersom det var det eneste bevis<br>hun havde. Atreus som var Thyestes&#8217; bror kom efterf\u00f8lgende i en s\u00f8gen efter ham men fandt kun Pelopia som han aldrig havde m\u00f8dt og derfor ikke vidste<br>var hans niece. Atreus tager hende med sig og g\u00f8r hende til hans 3. hustru. Pelopia er i midlertid blevet gravid af voldt\u00e6gten og v\u00e6lger derfor<br>ved f\u00f8dslen at s\u00e6tte barnet ud for at d\u00f8. Barnet bliver fundet af nogle hyrder der lader ham die ved en ged og navngiver ham Aigisthos. Atreus<br>h\u00f8rer om drengen og tager ham hjem i troen at han selv er faderen. Senere kommer sandheden frem og det g\u00e5r op for Pelopia at det var hendes egen fader<br>der voldtog hende hvilket g\u00f8r hendes s\u00f8n til hendes bror. Det hele bliver for meget for hende og hun v\u00e6lger at beg\u00e5 selvmord med det sv\u00e6rd hendes<br>fader truede hende med.<\/p>\n","protected":false},"excerpt":{"rendered":"<p>Dette var en datter af Thyestes som desuden siges at v\u00e6re pr\u00e6stinde i Sicyon. Grundet et varsel voldtog hendes fader hende mens v\u00e6rende i forkl\u00e6dning. DaThyestes flygtede efterlod han sit sv\u00e6rd som han havde truet hende med under voldt\u00e6gten. Pelopia valgte at gemme sv\u00e6rdet eftersom det var det eneste bevishun havde. Atreus som var Thyestes&#8217; [&hellip;]<\/p>\n","protected":false},"author":1,"featured_media":0,"parent":0,"menu_order":0,"comment_status":"closed","ping_status":"closed","template":"","meta":[],"_links":{"self":[{"href":"https:\/\/natsunivers.dk\/mytes\/index.php?rest_route=\/wp\/v2\/pages\/397"}],"collection":[{"href":"https:\/\/natsunivers.dk\/mytes\/index.php?rest_route=\/wp\/v2\/pages"}],"about":[{"href":"https:\/\/natsunivers.dk\/mytes\/index.php?rest_route=\/wp\/v2\/types\/page"}],"author":[{"embeddable":true,"href":"https:\/\/natsunivers.dk\/mytes\/index.php?rest_route=\/wp\/v2\/users\/1"}],"replies":[{"embeddable":true,"href":"https:\/\/natsunivers.dk\/mytes\/index.php?rest_route=%2Fwp%2Fv2%2Fcomments&post=397"}],"version-history":[{"count":1,"href":"https:\/\/natsunivers.dk\/mytes\/index.php?rest_route=\/wp\/v2\/pages\/397\/revisions"}],"predecessor-version":[{"id":398,"href":"https:\/\/natsunivers.dk\/mytes\/index.php?rest_route=\/wp\/v2\/pages\/397\/revisions\/398"}],"wp:attachment":[{"href":"https:\/\/natsunivers.dk\/mytes\/index.php?rest_route=%2Fwp%2Fv2%2Fmedia&parent=397"}],"curies":[{"name":"wp","href":"https:\/\/api.w.org\/{rel}","templated":true}]}}