{"id":393,"date":"2023-01-29T16:23:22","date_gmt":"2023-01-29T16:23:22","guid":{"rendered":"https:\/\/natsunivers.dk\/mytes\/?page_id=393"},"modified":"2023-01-29T16:23:22","modified_gmt":"2023-01-29T16:23:22","slug":"penelope","status":"publish","type":"page","link":"https:\/\/natsunivers.dk\/mytes\/?page_id=393","title":{"rendered":"Penelope"},"content":{"rendered":"\n<p>Penelope anses som en af de gr\u00e6ske heltinder.<br>Hun er datter af Ikarios og Periboia. F\u00f8rste \u00e6gteskab var med Odysseus med hvem hun fik<br>s\u00f8nnen Telemachos. Det var netop med Odysseus hun blev symbolet p\u00e5 \u00e6gteskabelig<br>troskab.<\/p>\n\n\n\n<p>Samme dag som deres s\u00f8n blev f\u00f8dt, m\u00e5tte Odysseus rejse v\u00e6k for at k\u00e6mpe i krigen om Troja. I 20 \u00e5r ventede hun trofast p\u00e5 ham trods bejlerere der sagde han var d\u00f8d. Snedig var hun dog og lovede at hun f\u00f8rst ville v\u00e6lge en ny mand n\u00e5r hun havde v\u00e6vet Odysseus en ligskjorte. Hver gang hun var ved at blive f\u00e6rdig trevlede hun det op igen. Efter at have gjort det gentagende gange blev det imidlertidig opdaget af hendes bejlerere, som kr\u00e6vede, at hun nu valgte mellem dem. Dette havde dog vundet nok tid til at hendes elskede Odysseus n\u00e5ede hjem i tide.<\/p>\n\n\n\n<p>Senere efter hans hjemkomst blev han dog myrdet. Rygter siger at Penelope da skulle have giftet sig med Telegonos, som var s\u00f8n af Odysseus og Kirke. Med ham skulle hun s\u00e5 have f\u00e5et s\u00f8nnen Italos. Andre rygter siger dog ogs\u00e5 at Telemachos giftede sig med Kirke. En ting er dog sikkert; Kirke gjorde Penelope ud\u00f8delig.<br>Andre stavem\u00e5der: Penelopeia.<\/p>\n","protected":false},"excerpt":{"rendered":"<p>Penelope anses som en af de gr\u00e6ske heltinder.Hun er datter af Ikarios og Periboia. F\u00f8rste \u00e6gteskab var med Odysseus med hvem hun fiks\u00f8nnen Telemachos. Det var netop med Odysseus hun blev symbolet p\u00e5 \u00e6gteskabeligtroskab. Samme dag som deres s\u00f8n blev f\u00f8dt, m\u00e5tte Odysseus rejse v\u00e6k for at k\u00e6mpe i krigen om Troja. I 20 \u00e5r [&hellip;]<\/p>\n","protected":false},"author":1,"featured_media":0,"parent":0,"menu_order":0,"comment_status":"closed","ping_status":"closed","template":"","meta":[],"_links":{"self":[{"href":"https:\/\/natsunivers.dk\/mytes\/index.php?rest_route=\/wp\/v2\/pages\/393"}],"collection":[{"href":"https:\/\/natsunivers.dk\/mytes\/index.php?rest_route=\/wp\/v2\/pages"}],"about":[{"href":"https:\/\/natsunivers.dk\/mytes\/index.php?rest_route=\/wp\/v2\/types\/page"}],"author":[{"embeddable":true,"href":"https:\/\/natsunivers.dk\/mytes\/index.php?rest_route=\/wp\/v2\/users\/1"}],"replies":[{"embeddable":true,"href":"https:\/\/natsunivers.dk\/mytes\/index.php?rest_route=%2Fwp%2Fv2%2Fcomments&post=393"}],"version-history":[{"count":1,"href":"https:\/\/natsunivers.dk\/mytes\/index.php?rest_route=\/wp\/v2\/pages\/393\/revisions"}],"predecessor-version":[{"id":394,"href":"https:\/\/natsunivers.dk\/mytes\/index.php?rest_route=\/wp\/v2\/pages\/393\/revisions\/394"}],"wp:attachment":[{"href":"https:\/\/natsunivers.dk\/mytes\/index.php?rest_route=%2Fwp%2Fv2%2Fmedia&parent=393"}],"curies":[{"name":"wp","href":"https:\/\/api.w.org\/{rel}","templated":true}]}}