{"id":381,"date":"2023-01-29T16:18:52","date_gmt":"2023-01-29T16:18:52","guid":{"rendered":"https:\/\/natsunivers.dk\/mytes\/?page_id=381"},"modified":"2023-01-29T16:18:52","modified_gmt":"2023-01-29T16:18:52","slug":"ogmios","status":"publish","type":"page","link":"https:\/\/natsunivers.dk\/mytes\/?page_id=381","title":{"rendered":"Ogmios"},"content":{"rendered":"\n<p>Ogmios var en Keltisk\/Gallisk skytsgud<br>for de l\u00e6rde og desuden en personifikation af talens magt. Foruden dette var han ogs\u00e5<br>sj\u00e6lef\u00f8rer.<\/p>\n\n\n\n<p>Typisk afbildes han som en rynket og skaldet mand der er ikl\u00e6dt l\u00f8veskind og<br>bev\u00e6bnet med k\u00f8lle og bue. Ogmios svarer til den irske Ogma.<\/p>\n","protected":false},"excerpt":{"rendered":"<p>Ogmios var en Keltisk\/Gallisk skytsgudfor de l\u00e6rde og desuden en personifikation af talens magt. Foruden dette var han ogs\u00e5sj\u00e6lef\u00f8rer. Typisk afbildes han som en rynket og skaldet mand der er ikl\u00e6dt l\u00f8veskind ogbev\u00e6bnet med k\u00f8lle og bue. Ogmios svarer til den irske Ogma.<\/p>\n","protected":false},"author":1,"featured_media":0,"parent":0,"menu_order":0,"comment_status":"closed","ping_status":"closed","template":"","meta":[],"_links":{"self":[{"href":"https:\/\/natsunivers.dk\/mytes\/index.php?rest_route=\/wp\/v2\/pages\/381"}],"collection":[{"href":"https:\/\/natsunivers.dk\/mytes\/index.php?rest_route=\/wp\/v2\/pages"}],"about":[{"href":"https:\/\/natsunivers.dk\/mytes\/index.php?rest_route=\/wp\/v2\/types\/page"}],"author":[{"embeddable":true,"href":"https:\/\/natsunivers.dk\/mytes\/index.php?rest_route=\/wp\/v2\/users\/1"}],"replies":[{"embeddable":true,"href":"https:\/\/natsunivers.dk\/mytes\/index.php?rest_route=%2Fwp%2Fv2%2Fcomments&post=381"}],"version-history":[{"count":1,"href":"https:\/\/natsunivers.dk\/mytes\/index.php?rest_route=\/wp\/v2\/pages\/381\/revisions"}],"predecessor-version":[{"id":382,"href":"https:\/\/natsunivers.dk\/mytes\/index.php?rest_route=\/wp\/v2\/pages\/381\/revisions\/382"}],"wp:attachment":[{"href":"https:\/\/natsunivers.dk\/mytes\/index.php?rest_route=%2Fwp%2Fv2%2Fmedia&parent=381"}],"curies":[{"name":"wp","href":"https:\/\/api.w.org\/{rel}","templated":true}]}}