{"id":371,"date":"2023-01-29T16:14:07","date_gmt":"2023-01-29T16:14:07","guid":{"rendered":"https:\/\/natsunivers.dk\/mytes\/?page_id=371"},"modified":"2023-01-29T16:14:07","modified_gmt":"2023-01-29T16:14:07","slug":"onuris","status":"publish","type":"page","link":"https:\/\/natsunivers.dk\/mytes\/?page_id=371","title":{"rendered":"Onuris"},"content":{"rendered":"\n<p>Onuris som ogs\u00e5 blev kaldt Anhur\/Anhuret var en lokalgud i This (Thinis). Han var gift med Mehit og blev typisk<br>afbildet med et spidst hagesk\u00e6g, 4 h\u00f8je fjer i sin krone, paryk og med et spyd i h\u00e5nden. Af og til holdte han ogs\u00e5 et reb.<br>Foruden lokalgud var Onuris desuden en solar urgud og som kampgud repr\u00e6senterede han den kongelige j\u00e6ger og kriger. Han blev anset som &#8220;blodbadets herre&#8221;<br>som hang sammen med hans besejring af Apophis og hj\u00e6lpen Horus i kamp mod Seth.<br>Hans navn menes at betyde &#8220;som bringer den\/det hid&#8221; og som det &#8220;fjernes hidbringer&#8221; bragte han den fjerne m\u00e5ne\/sol\u00f8je tilbage.<br>Onuris havde kultsteder n\u00e6r Abydos og i Sebennytos i deltaet. senere blev han identificeret med Shu.<\/p>\n","protected":false},"excerpt":{"rendered":"<p>Onuris som ogs\u00e5 blev kaldt Anhur\/Anhuret var en lokalgud i This (Thinis). Han var gift med Mehit og blev typiskafbildet med et spidst hagesk\u00e6g, 4 h\u00f8je fjer i sin krone, paryk og med et spyd i h\u00e5nden. Af og til holdte han ogs\u00e5 et reb.Foruden lokalgud var Onuris desuden en solar urgud og som kampgud [&hellip;]<\/p>\n","protected":false},"author":1,"featured_media":0,"parent":0,"menu_order":0,"comment_status":"closed","ping_status":"closed","template":"","meta":[],"_links":{"self":[{"href":"https:\/\/natsunivers.dk\/mytes\/index.php?rest_route=\/wp\/v2\/pages\/371"}],"collection":[{"href":"https:\/\/natsunivers.dk\/mytes\/index.php?rest_route=\/wp\/v2\/pages"}],"about":[{"href":"https:\/\/natsunivers.dk\/mytes\/index.php?rest_route=\/wp\/v2\/types\/page"}],"author":[{"embeddable":true,"href":"https:\/\/natsunivers.dk\/mytes\/index.php?rest_route=\/wp\/v2\/users\/1"}],"replies":[{"embeddable":true,"href":"https:\/\/natsunivers.dk\/mytes\/index.php?rest_route=%2Fwp%2Fv2%2Fcomments&post=371"}],"version-history":[{"count":1,"href":"https:\/\/natsunivers.dk\/mytes\/index.php?rest_route=\/wp\/v2\/pages\/371\/revisions"}],"predecessor-version":[{"id":372,"href":"https:\/\/natsunivers.dk\/mytes\/index.php?rest_route=\/wp\/v2\/pages\/371\/revisions\/372"}],"wp:attachment":[{"href":"https:\/\/natsunivers.dk\/mytes\/index.php?rest_route=%2Fwp%2Fv2%2Fmedia&parent=371"}],"curies":[{"name":"wp","href":"https:\/\/api.w.org\/{rel}","templated":true}]}}