{"id":37,"date":"2023-01-29T11:14:27","date_gmt":"2023-01-29T11:14:27","guid":{"rendered":"https:\/\/natsunivers.dk\/mytes\/?page_id=37"},"modified":"2023-02-17T16:58:08","modified_gmt":"2023-02-17T16:58:08","slug":"achilleus","status":"publish","type":"page","link":"https:\/\/natsunivers.dk\/mytes\/?page_id=37","title":{"rendered":"Achilleus"},"content":{"rendered":"\n<div class=\"is-layout-flex wp-container-3 wp-block-columns\">\n<div class=\"is-layout-flow wp-block-column\">\n<p>S\u00f8n af kong Peleus af Thessalien og havnymfen Thetis. Achilleus blev f\u00f8dt d\u00f8delig men hans moder \u00f8nskede ham ud\u00f8delig. Derfor dyppede hun sin nyf\u00f8dte s\u00f8n i floden Styx som skulle v\u00e6re det bedste middel. <\/p>\n\n\n\n<p>Det sted som Thetis havde holdt ham, h\u00e6len forblev imidlertid s\u00e5rbart og var ogs\u00e5 her han senere hen blev ramt af en forgiftet pil og dr\u00e6bt. Krigskunsten l\u00e6rte han af kentauren Cheiron. <\/p>\n\n\n\n<p>Allerede her blev han kendt som en modig kriger og Thetis f\u00f8lte hun var n\u00f8dt til at skjule ham f\u00f8r folket ville bede om hans hj\u00e6lp ved Troja. Derfor blev han som ung kl\u00e6dt ud som pige for at Thetis kunne frelse ham fra den trojanske krig. <\/p>\n\n\n\n<p>Hun skjulte ham blandt Lycomedes\u2019 d\u00f8tre p\u00e5 Skyros hvor Odysseus fandt ham da han kom forkl\u00e6dt som k\u00f8bmand. Her fremviste han<br>smykker, dragter og v\u00e5ben. Achilleus var den eneste der greb ud efter v\u00e5bnene og blev derved klar over sit sande k\u00f8n. <\/p>\n\n\n\n<p>Odysseus tog ham nu med sig tilbage til Troja. F\u00f8rst blev han her bare i sit telt og n\u00e6gtede at k\u00e6mpe men da hans n\u00e6re ven Patroklos blev dr\u00e6bt af Hektor tog han kampen op. Han ops\u00f8gte Hektor og gav ham et d\u00f8deligt s\u00e5r med sin lanse hvorefter han sl\u00e6bte hans lig rundt om Patroklos\u2019 grav i 12 dage. <\/p>\n\n\n\n<p>Thetis var den eneste der kunne overtale ham til at give trojanerne liget tilbage s\u00e5 Hektor kunne f\u00e5 en ordentlig begravelse. Achilleus gik nu tilbage til kampen hvor han spredte skr\u00e6k og r\u00e6dsel og dr\u00e6bte i hundredvis. <\/p>\n\n\n\n<p>Hans ganger Xanthaus havde imidlertid inden Furierne slog den med stumhed fortalt ham at han snart skulle d\u00f8. Det varede heller ikke l\u00e6nge f\u00f8r det viste sig at varslet talte sandt. Achilleus blev dr\u00e6bt af en pil fra Paris\u2019 bue der blev styret af sp\u00e5domsguden Apollon.<\/p>\n\n\n\n<p>Alexander den store beundrede Achilleus meget og det siges at han altid havde bogen Iliaden med sig. Achilleus var hans idol s\u00e5vel for hans heroisme men ogs\u00e5 for hans arrogance.<\/p>\n<\/div>\n\n\n\n<div class=\"is-layout-flow wp-block-column\" style=\"flex-basis:30%\">\n<script async=\"\" src=\"https:\/\/pagead2.googlesyndication.com\/pagead\/js\/adsbygoogle.js?client=ca-pub-9147999370744615\" crossorigin=\"anonymous\"><\/script>\n<!-- Ny nats -->\n<ins class=\"adsbygoogle\" style=\"display:block\" data-ad-client=\"ca-pub-9147999370744615\" data-ad-slot=\"2957070328\" data-ad-format=\"auto\" data-full-width-responsive=\"true\"><\/ins>\n<script>\n     (adsbygoogle = window.adsbygoogle || []).push({});\n<\/script>\n<\/div>\n<\/div>\n\n\n\n<p><br><\/p>\n","protected":false},"excerpt":{"rendered":"<p>S\u00f8n af kong Peleus af Thessalien og havnymfen Thetis. Achilleus blev f\u00f8dt d\u00f8delig men hans moder \u00f8nskede ham ud\u00f8delig. Derfor dyppede hun sin nyf\u00f8dte s\u00f8n i floden Styx som skulle v\u00e6re det bedste middel. Det sted som Thetis havde holdt ham, h\u00e6len forblev imidlertid s\u00e5rbart og var ogs\u00e5 her han senere hen blev ramt af [&hellip;]<\/p>\n","protected":false},"author":1,"featured_media":0,"parent":0,"menu_order":0,"comment_status":"closed","ping_status":"closed","template":"","meta":[],"_links":{"self":[{"href":"https:\/\/natsunivers.dk\/mytes\/index.php?rest_route=\/wp\/v2\/pages\/37"}],"collection":[{"href":"https:\/\/natsunivers.dk\/mytes\/index.php?rest_route=\/wp\/v2\/pages"}],"about":[{"href":"https:\/\/natsunivers.dk\/mytes\/index.php?rest_route=\/wp\/v2\/types\/page"}],"author":[{"embeddable":true,"href":"https:\/\/natsunivers.dk\/mytes\/index.php?rest_route=\/wp\/v2\/users\/1"}],"replies":[{"embeddable":true,"href":"https:\/\/natsunivers.dk\/mytes\/index.php?rest_route=%2Fwp%2Fv2%2Fcomments&post=37"}],"version-history":[{"count":3,"href":"https:\/\/natsunivers.dk\/mytes\/index.php?rest_route=\/wp\/v2\/pages\/37\/revisions"}],"predecessor-version":[{"id":968,"href":"https:\/\/natsunivers.dk\/mytes\/index.php?rest_route=\/wp\/v2\/pages\/37\/revisions\/968"}],"wp:attachment":[{"href":"https:\/\/natsunivers.dk\/mytes\/index.php?rest_route=%2Fwp%2Fv2%2Fmedia&parent=37"}],"curies":[{"name":"wp","href":"https:\/\/api.w.org\/{rel}","templated":true}]}}