{"id":369,"date":"2023-01-29T16:13:22","date_gmt":"2023-01-29T16:13:22","guid":{"rendered":"https:\/\/natsunivers.dk\/mytes\/?page_id=369"},"modified":"2023-02-26T11:15:10","modified_gmt":"2023-02-26T11:15:10","slug":"odin","status":"publish","type":"page","link":"https:\/\/natsunivers.dk\/mytes\/?page_id=369","title":{"rendered":"Odin"},"content":{"rendered":"\n<div class=\"is-layout-flex wp-container-3 wp-block-columns\">\n<div class=\"is-layout-flow wp-block-column\" style=\"flex-basis:66.66%\">\n<p>Odin som betyder &#8220;Den rasende&#8221; eller som bar tilnavnet<br>&#8220;Wuotan&#8221; var gud for mange ting. Han var himmelgud, krigs- &amp; d\u00f8dsgud, gud for runevisdom, skytsgud for Skjalde, gudernes fader, \u00f8verste blandt Aserne og &#8220;Alfader&#8221;. Som stormgud var han anf\u00f8rer for Wuotanes her.<\/p>\n\n\n\n<p>Odin var s\u00f8n af urj\u00e6tteparret Borr og Bestla. Desuden var han broder til Vile og Ve, som han skabte de f\u00f8rste mennesker Ask og Embla sammen med. Hans hustru var Frigg med hvem han fik b\u00f8rnene Balder, H\u00f8der og Hermod. Odin havde dog flere b\u00f8rn end det. Med Rind fik han Vali, med Gridr fik han Vidar og med J\u00f6rd fik han Thor.<\/p>\n\n\n\n<p>Odin bor p\u00e5 borgen Valhal&nbsp; hvor v\u00e6ggene er lavet af spydskafter og taget er t\u00e6kket med gyldne skjolde. Endvidere er Valhal forsynet med 540 porte der er s\u00e5 brede at 800 krigere p\u00e5 en gang kan g\u00e5 gennem hver af dem.<\/p>\n\n\n\n<p>Da Odin ville drikke af Mimers br\u00f8nd m\u00e5tte han s\u00e6tte sit ene \u00f8je i pant og mangler derfor det ene. Efter Mimer blev halshuggede har Odin brugt hovedet til at r\u00e5df\u00f8re sig med. Endvidere havde han p\u00e5 hans skuldre ravnene Huginn og Muninn, der hver dag fl\u00f8j ud i verden og hver aften kom tilbage og fortalte Odin hvad de havde set. Odin havde ogs\u00e5 den 8-benede hest Slejpner, som han brugte, n\u00e5r han skulle p\u00e5 rejse. Slejpner l\u00f8b lige godt i luften, p\u00e5 havet og p\u00e5 jorden og med en fantastisk fart.<\/p>\n\n\n\n<p>Onsdag er Odins dag.<br><\/p>\n<\/div>\n\n\n\n<div class=\"is-layout-flow wp-block-column\" style=\"flex-basis:33.33%\">\n<script async src=\"https:\/\/pagead2.googlesyndication.com\/pagead\/js\/adsbygoogle.js?client=ca-pub-9147999370744615\"\n     crossorigin=\"anonymous\"><\/script>\n<!-- Ny nats -->\n<ins class=\"adsbygoogle\"\n     style=\"display:block\"\n     data-ad-client=\"ca-pub-9147999370744615\"\n     data-ad-slot=\"2957070328\"\n     data-ad-format=\"auto\"\n     data-full-width-responsive=\"true\"><\/ins>\n<script>\n     (adsbygoogle = window.adsbygoogle || []).push({});\n<\/script>\n<\/div>\n<\/div>\n","protected":false},"excerpt":{"rendered":"<p>Odin som betyder &#8220;Den rasende&#8221; eller som bar tilnavnet&#8220;Wuotan&#8221; var gud for mange ting. Han var himmelgud, krigs- &amp; d\u00f8dsgud, gud for runevisdom, skytsgud for Skjalde, gudernes fader, \u00f8verste blandt Aserne og &#8220;Alfader&#8221;. Som stormgud var han anf\u00f8rer for Wuotanes her. Odin var s\u00f8n af urj\u00e6tteparret Borr og Bestla. Desuden var han broder til Vile [&hellip;]<\/p>\n","protected":false},"author":1,"featured_media":0,"parent":0,"menu_order":0,"comment_status":"closed","ping_status":"closed","template":"","meta":[],"_links":{"self":[{"href":"https:\/\/natsunivers.dk\/mytes\/index.php?rest_route=\/wp\/v2\/pages\/369"}],"collection":[{"href":"https:\/\/natsunivers.dk\/mytes\/index.php?rest_route=\/wp\/v2\/pages"}],"about":[{"href":"https:\/\/natsunivers.dk\/mytes\/index.php?rest_route=\/wp\/v2\/types\/page"}],"author":[{"embeddable":true,"href":"https:\/\/natsunivers.dk\/mytes\/index.php?rest_route=\/wp\/v2\/users\/1"}],"replies":[{"embeddable":true,"href":"https:\/\/natsunivers.dk\/mytes\/index.php?rest_route=%2Fwp%2Fv2%2Fcomments&post=369"}],"version-history":[{"count":2,"href":"https:\/\/natsunivers.dk\/mytes\/index.php?rest_route=\/wp\/v2\/pages\/369\/revisions"}],"predecessor-version":[{"id":1264,"href":"https:\/\/natsunivers.dk\/mytes\/index.php?rest_route=\/wp\/v2\/pages\/369\/revisions\/1264"}],"wp:attachment":[{"href":"https:\/\/natsunivers.dk\/mytes\/index.php?rest_route=%2Fwp%2Fv2%2Fmedia&parent=369"}],"curies":[{"name":"wp","href":"https:\/\/api.w.org\/{rel}","templated":true}]}}